{"id":2922,"date":"2025-11-16T17:31:58","date_gmt":"2025-11-16T17:31:58","guid":{"rendered":"https:\/\/swisscelergen.ch\/swisscelergen\/produkt\/cure-combinee-de-6-mois-celergen\/"},"modified":"2026-01-05T14:34:20","modified_gmt":"2026-01-05T14:34:20","slug":"celergen-kombi-6","status":"publish","type":"product","link":"https:\/\/swisscelergen.ch\/fr\/produkt\/celergen-kombi-6\/","title":{"rendered":"Celergen <br>Cure combin\u00e9e 6 mois"},"content":{"rendered":"<h1>Cure combin\u00e9e Celergen<br \/>\n6 mois de stock<\/h1>\n<p>6 bo\u00eetes de capsules Celergen &amp; 4 s\u00e9rums royaux Celergen<\/p>\n<h2>Compl\u00e9ment anti-\u00e2ge Celergen<\/h2>\n<h4>Les capsules Celergen stimulent les capacit\u00e9s naturelles de gu\u00e9rison du corps humain<\/h4>\n<p>La th\u00e9rapie anti-\u00e2ge Celergen est la premi\u00e8re th\u00e9rapie orale agissant sur le renouvellement et la stimulation cellulaires afin de retarder et de ralentir le processus de vieillissement. Elle soutient les m\u00e9canismes naturels de gu\u00e9rison du corps et favorise l\u2019\u00e9nergie, la vitalit\u00e9 et le bien-\u00eatre g\u00e9n\u00e9ral. Ce processus de renouvellement et de revitalisation est essentiel pour maintenir les organes et les tissus corporels en parfaite sant\u00e9.<br \/>Les cellules endommag\u00e9es et mortes sont r\u00e9par\u00e9es et remplac\u00e9es de mani\u00e8re efficace et efficiente.   <\/p>\n<h4>Le Celergen Serum Royale r\u00e9g\u00e9n\u00e8re et dynamise votre peau comme jamais auparavant<\/h4>\n<p>Le Swiss BIO DNA Cellular Regeneration Serum de Celergen est une formule puissante et hautement nutritive qui transforme visiblement la peau en am\u00e9liorant l\u2019hydratation, la fermet\u00e9, les rides, l\u2019\u00e9lasticit\u00e9, les ridules et les taches li\u00e9es \u00e0 l\u2019\u00e2ge. Notre formule exclusive r\u00e9pare et r\u00e9g\u00e9n\u00e8re la peau au niveau cellulaire, stimule la synth\u00e8se naturelle du collag\u00e8ne et freine le processus de vieillissement \u00e0 sa source.<\/p>\n<h2>Comment agissent les produits anti-\u00e2ge Celergen ?<\/h2>\n<h3>Une th\u00e9rapie cellulaire moderne contre le processus biologique du vieillissement.<\/h3>\n<p>Le corps humain contient environ 10 billions de cellules, issues apr\u00e8s la conception d\u2019une seule cellule \u00e0 travers de multiples cycles de division. Ce processus de renouvellement se poursuit tout au long de la vie, les cellules anciennes et affaiblies \u00e9tant remplac\u00e9es par de nouvelles. Chez les personnes en bonne sant\u00e9, la division cellulaire se produit r\u00e9guli\u00e8rement. Toutefois, avec l\u2019\u00e2ge, ce processus ralentit.    <\/p>\n<p>Le stress, la pollution, les influences environnementales et un mode de vie malsain freinent encore davantage ce processus de renouvellement. Il en r\u00e9sulte une perturbation de l\u2019horloge biologique de la nature, entra\u00eenant des dysfonctionnements de notre matrice tissulaire, des organes et du syst\u00e8me immunitaire. La th\u00e9rapie cellulaire moderne am\u00e9liore ce processus de renouvellement cellulaire et stimule les capacit\u00e9s naturelles de gu\u00e9rison et de revitalisation du corps pour les cellules endommag\u00e9es et mortes.  <\/p>\n","protected":false},"excerpt":{"rendered":"<p>Cure combin\u00e9e Celergen 6 mois de stock 6 bo\u00eetes de capsules Celergen &amp; 4 s\u00e9rums royaux Celergen Compl\u00e9ment anti-\u00e2ge Celergen Les capsules Celergen stimulent les capacit\u00e9s naturelles de gu\u00e9rison du corps humain La th\u00e9rapie anti-\u00e2ge Celergen est la premi\u00e8re th\u00e9rapie orale agissant sur le renouvellement et la stimulation cellulaires afin de retarder et de ralentir [&hellip;]<\/p>\n","protected":false},"featured_media":618,"template":"","meta":[],"product_brand":[],"product_cat":[59],"product_tag":[78],"class_list":{"0":"post-2922","1":"product","2":"type-product","3":"status-publish","4":"has-post-thumbnail","6":"product_cat-beauty","7":"product_tag-celergen-kombi-6","9":"first","10":"instock","11":"sale","12":"taxable","13":"shipping-taxable","14":"purchasable","15":"product-type-simple"},"yoast_head":"<!-- This site is optimized with the Yoast SEO plugin v27.3 - https:\/\/yoast.com\/product\/yoast-seo-wordpress\/ -->\n<title>Cure combin\u00e9e de 6 mois Celergen<\/title>\n<meta name=\"description\" content=\"Cure combin\u00e9e de 6 mois Celergen - 10%. Capsules Celergen et S\u00e9rum Royal, th\u00e9rapie cellulaire pour retarder et ralentir le processus de vieillissement.\" \/>\n<meta name=\"robots\" content=\"index, follow, max-snippet:-1, max-image-preview:large, max-video-preview:-1\" \/>\n<link rel=\"canonical\" href=\"https:\/\/swisscelergen.ch\/fr\/produkt\/celergen-kombi-6\/\" \/>\n<meta property=\"og:locale\" content=\"fr_FR\" \/>\n<meta property=\"og:type\" content=\"article\" \/>\n<meta property=\"og:title\" content=\"Cure combin\u00e9e de 6 mois Celergen\" \/>\n<meta property=\"og:description\" content=\"Cure combin\u00e9e de 6 mois Celergen - 10%. Capsules Celergen et S\u00e9rum Royal, th\u00e9rapie cellulaire pour retarder et ralentir le processus de vieillissement.\" \/>\n<meta property=\"og:url\" content=\"https:\/\/swisscelergen.ch\/fr\/produkt\/celergen-kombi-6\/\" \/>\n<meta property=\"og:site_name\" content=\"Swisscelergen\" \/>\n<meta property=\"article:publisher\" content=\"https:\/\/www.facebook.com\/tamplenusgmbh\/\" \/>\n<meta property=\"article:modified_time\" content=\"2026-01-05T14:34:20+00:00\" \/>\n<meta property=\"og:image\" content=\"https:\/\/swisscelergen.ch\/wp-content\/uploads\/2025\/11\/Celergen-6-Monats-Packet.jpg\" \/>\n\t<meta property=\"og:image:width\" content=\"600\" \/>\n\t<meta property=\"og:image:height\" content=\"600\" \/>\n\t<meta property=\"og:image:type\" content=\"image\/jpeg\" \/>\n<meta name=\"twitter:card\" content=\"summary_large_image\" \/>\n<meta name=\"twitter:label1\" content=\"Dur\u00e9e de lecture estim\u00e9e\" \/>\n\t<meta name=\"twitter:data1\" content=\"2 minutes\" \/>\n<script type=\"application\/ld+json\" class=\"yoast-schema-graph\">{\"@context\":\"https:\\\/\\\/schema.org\",\"@graph\":[{\"@type\":\"WebPage\",\"@id\":\"https:\\\/\\\/swisscelergen.ch\\\/fr\\\/produkt\\\/celergen-kombi-6\\\/\",\"url\":\"https:\\\/\\\/swisscelergen.ch\\\/fr\\\/produkt\\\/celergen-kombi-6\\\/\",\"name\":\"Cure combin\u00e9e de 6 mois Celergen\",\"isPartOf\":{\"@id\":\"https:\\\/\\\/swisscelergen.ch\\\/fr\\\/#website\"},\"primaryImageOfPage\":{\"@id\":\"https:\\\/\\\/swisscelergen.ch\\\/fr\\\/produkt\\\/celergen-kombi-6\\\/#primaryimage\"},\"image\":{\"@id\":\"https:\\\/\\\/swisscelergen.ch\\\/fr\\\/produkt\\\/celergen-kombi-6\\\/#primaryimage\"},\"thumbnailUrl\":\"https:\\\/\\\/swisscelergen.ch\\\/wp-content\\\/uploads\\\/2025\\\/11\\\/Celergen-6-Monats-Packet.jpg\",\"datePublished\":\"2025-11-16T17:31:58+00:00\",\"dateModified\":\"2026-01-05T14:34:20+00:00\",\"description\":\"Cure combin\u00e9e de 6 mois Celergen - 10%. Capsules Celergen et S\u00e9rum Royal, th\u00e9rapie cellulaire pour retarder et ralentir le processus de vieillissement.\",\"breadcrumb\":{\"@id\":\"https:\\\/\\\/swisscelergen.ch\\\/fr\\\/produkt\\\/celergen-kombi-6\\\/#breadcrumb\"},\"inLanguage\":\"fr-FR\",\"potentialAction\":[{\"@type\":\"ReadAction\",\"target\":[\"https:\\\/\\\/swisscelergen.ch\\\/fr\\\/produkt\\\/celergen-kombi-6\\\/\"]}]},{\"@type\":\"ImageObject\",\"inLanguage\":\"fr-FR\",\"@id\":\"https:\\\/\\\/swisscelergen.ch\\\/fr\\\/produkt\\\/celergen-kombi-6\\\/#primaryimage\",\"url\":\"https:\\\/\\\/swisscelergen.ch\\\/wp-content\\\/uploads\\\/2025\\\/11\\\/Celergen-6-Monats-Packet.jpg\",\"contentUrl\":\"https:\\\/\\\/swisscelergen.ch\\\/wp-content\\\/uploads\\\/2025\\\/11\\\/Celergen-6-Monats-Packet.jpg\",\"width\":600,\"height\":600,\"caption\":\"Celergen Gruppe\"},{\"@type\":\"BreadcrumbList\",\"@id\":\"https:\\\/\\\/swisscelergen.ch\\\/fr\\\/produkt\\\/celergen-kombi-6\\\/#breadcrumb\",\"itemListElement\":[{\"@type\":\"ListItem\",\"position\":1,\"name\":\"Startseite\",\"item\":\"https:\\\/\\\/swisscelergen.ch\\\/fr\\\/celergen-zell-therapie\\\/\"},{\"@type\":\"ListItem\",\"position\":2,\"name\":\"Shop\",\"item\":\"https:\\\/\\\/swisscelergen.ch\\\/fr\\\/shop\\\/\"},{\"@type\":\"ListItem\",\"position\":3,\"name\":\"Celergen Cure combin\u00e9e 6 mois\"}]},{\"@type\":\"WebSite\",\"@id\":\"https:\\\/\\\/swisscelergen.ch\\\/fr\\\/#website\",\"url\":\"https:\\\/\\\/swisscelergen.ch\\\/fr\\\/\",\"name\":\"Swisscelergen\",\"description\":\"Swiss Agency for Health\u200b\",\"publisher\":{\"@id\":\"https:\\\/\\\/swisscelergen.ch\\\/fr\\\/#organization\"},\"potentialAction\":[{\"@type\":\"SearchAction\",\"target\":{\"@type\":\"EntryPoint\",\"urlTemplate\":\"https:\\\/\\\/swisscelergen.ch\\\/fr\\\/?s={search_term_string}\"},\"query-input\":{\"@type\":\"PropertyValueSpecification\",\"valueRequired\":true,\"valueName\":\"search_term_string\"}}],\"inLanguage\":\"fr-FR\"},{\"@type\":\"Organization\",\"@id\":\"https:\\\/\\\/swisscelergen.ch\\\/fr\\\/#organization\",\"name\":\"Tam Plenus GmbH\",\"url\":\"https:\\\/\\\/swisscelergen.ch\\\/fr\\\/\",\"logo\":{\"@type\":\"ImageObject\",\"inLanguage\":\"fr-FR\",\"@id\":\"https:\\\/\\\/swisscelergen.ch\\\/fr\\\/#\\\/schema\\\/logo\\\/image\\\/\",\"url\":\"https:\\\/\\\/swisscelergen.ch\\\/wp-content\\\/uploads\\\/2025\\\/12\\\/Logo_Celergen.png\",\"contentUrl\":\"https:\\\/\\\/swisscelergen.ch\\\/wp-content\\\/uploads\\\/2025\\\/12\\\/Logo_Celergen.png\",\"width\":632,\"height\":101,\"caption\":\"Tam Plenus GmbH\"},\"image\":{\"@id\":\"https:\\\/\\\/swisscelergen.ch\\\/fr\\\/#\\\/schema\\\/logo\\\/image\\\/\"},\"sameAs\":[\"https:\\\/\\\/www.facebook.com\\\/tamplenusgmbh\\\/\",\"https:\\\/\\\/www.instagram.com\\\/tamplenus\\\/\"]}]}<\/script>\n<!-- \/ Yoast SEO plugin. -->","yoast_head_json":{"title":"Cure combin\u00e9e de 6 mois Celergen","description":"Cure combin\u00e9e de 6 mois Celergen - 10%. Capsules Celergen et S\u00e9rum Royal, th\u00e9rapie cellulaire pour retarder et ralentir le processus de vieillissement.","robots":{"index":"index","follow":"follow","max-snippet":"max-snippet:-1","max-image-preview":"max-image-preview:large","max-video-preview":"max-video-preview:-1"},"canonical":"https:\/\/swisscelergen.ch\/fr\/produkt\/celergen-kombi-6\/","og_locale":"fr_FR","og_type":"article","og_title":"Cure combin\u00e9e de 6 mois Celergen","og_description":"Cure combin\u00e9e de 6 mois Celergen - 10%. Capsules Celergen et S\u00e9rum Royal, th\u00e9rapie cellulaire pour retarder et ralentir le processus de vieillissement.","og_url":"https:\/\/swisscelergen.ch\/fr\/produkt\/celergen-kombi-6\/","og_site_name":"Swisscelergen","article_publisher":"https:\/\/www.facebook.com\/tamplenusgmbh\/","article_modified_time":"2026-01-05T14:34:20+00:00","og_image":[{"width":600,"height":600,"url":"https:\/\/swisscelergen.ch\/wp-content\/uploads\/2025\/11\/Celergen-6-Monats-Packet.jpg","type":"image\/jpeg"}],"twitter_card":"summary_large_image","twitter_misc":{"Dur\u00e9e de lecture estim\u00e9e":"2 minutes"},"schema":{"@context":"https:\/\/schema.org","@graph":[{"@type":"WebPage","@id":"https:\/\/swisscelergen.ch\/fr\/produkt\/celergen-kombi-6\/","url":"https:\/\/swisscelergen.ch\/fr\/produkt\/celergen-kombi-6\/","name":"Cure combin\u00e9e de 6 mois Celergen","isPartOf":{"@id":"https:\/\/swisscelergen.ch\/fr\/#website"},"primaryImageOfPage":{"@id":"https:\/\/swisscelergen.ch\/fr\/produkt\/celergen-kombi-6\/#primaryimage"},"image":{"@id":"https:\/\/swisscelergen.ch\/fr\/produkt\/celergen-kombi-6\/#primaryimage"},"thumbnailUrl":"https:\/\/swisscelergen.ch\/wp-content\/uploads\/2025\/11\/Celergen-6-Monats-Packet.jpg","datePublished":"2025-11-16T17:31:58+00:00","dateModified":"2026-01-05T14:34:20+00:00","description":"Cure combin\u00e9e de 6 mois Celergen - 10%. Capsules Celergen et S\u00e9rum Royal, th\u00e9rapie cellulaire pour retarder et ralentir le processus de vieillissement.","breadcrumb":{"@id":"https:\/\/swisscelergen.ch\/fr\/produkt\/celergen-kombi-6\/#breadcrumb"},"inLanguage":"fr-FR","potentialAction":[{"@type":"ReadAction","target":["https:\/\/swisscelergen.ch\/fr\/produkt\/celergen-kombi-6\/"]}]},{"@type":"ImageObject","inLanguage":"fr-FR","@id":"https:\/\/swisscelergen.ch\/fr\/produkt\/celergen-kombi-6\/#primaryimage","url":"https:\/\/swisscelergen.ch\/wp-content\/uploads\/2025\/11\/Celergen-6-Monats-Packet.jpg","contentUrl":"https:\/\/swisscelergen.ch\/wp-content\/uploads\/2025\/11\/Celergen-6-Monats-Packet.jpg","width":600,"height":600,"caption":"Celergen Gruppe"},{"@type":"BreadcrumbList","@id":"https:\/\/swisscelergen.ch\/fr\/produkt\/celergen-kombi-6\/#breadcrumb","itemListElement":[{"@type":"ListItem","position":1,"name":"Startseite","item":"https:\/\/swisscelergen.ch\/fr\/celergen-zell-therapie\/"},{"@type":"ListItem","position":2,"name":"Shop","item":"https:\/\/swisscelergen.ch\/fr\/shop\/"},{"@type":"ListItem","position":3,"name":"Celergen Cure combin\u00e9e 6 mois"}]},{"@type":"WebSite","@id":"https:\/\/swisscelergen.ch\/fr\/#website","url":"https:\/\/swisscelergen.ch\/fr\/","name":"Swisscelergen","description":"Swiss Agency for Health\u200b","publisher":{"@id":"https:\/\/swisscelergen.ch\/fr\/#organization"},"potentialAction":[{"@type":"SearchAction","target":{"@type":"EntryPoint","urlTemplate":"https:\/\/swisscelergen.ch\/fr\/?s={search_term_string}"},"query-input":{"@type":"PropertyValueSpecification","valueRequired":true,"valueName":"search_term_string"}}],"inLanguage":"fr-FR"},{"@type":"Organization","@id":"https:\/\/swisscelergen.ch\/fr\/#organization","name":"Tam Plenus GmbH","url":"https:\/\/swisscelergen.ch\/fr\/","logo":{"@type":"ImageObject","inLanguage":"fr-FR","@id":"https:\/\/swisscelergen.ch\/fr\/#\/schema\/logo\/image\/","url":"https:\/\/swisscelergen.ch\/wp-content\/uploads\/2025\/12\/Logo_Celergen.png","contentUrl":"https:\/\/swisscelergen.ch\/wp-content\/uploads\/2025\/12\/Logo_Celergen.png","width":632,"height":101,"caption":"Tam Plenus GmbH"},"image":{"@id":"https:\/\/swisscelergen.ch\/fr\/#\/schema\/logo\/image\/"},"sameAs":["https:\/\/www.facebook.com\/tamplenusgmbh\/","https:\/\/www.instagram.com\/tamplenus\/"]}]}},"jetpack_sharing_enabled":true,"_links":{"self":[{"href":"https:\/\/swisscelergen.ch\/fr\/wp-json\/wp\/v2\/product\/2922","targetHints":{"allow":["GET"]}}],"collection":[{"href":"https:\/\/swisscelergen.ch\/fr\/wp-json\/wp\/v2\/product"}],"about":[{"href":"https:\/\/swisscelergen.ch\/fr\/wp-json\/wp\/v2\/types\/product"}],"wp:featuredmedia":[{"embeddable":true,"href":"https:\/\/swisscelergen.ch\/fr\/wp-json\/wp\/v2\/media\/618"}],"wp:attachment":[{"href":"https:\/\/swisscelergen.ch\/fr\/wp-json\/wp\/v2\/media?parent=2922"}],"wp:term":[{"taxonomy":"product_brand","embeddable":true,"href":"https:\/\/swisscelergen.ch\/fr\/wp-json\/wp\/v2\/product_brand?post=2922"},{"taxonomy":"product_cat","embeddable":true,"href":"https:\/\/swisscelergen.ch\/fr\/wp-json\/wp\/v2\/product_cat?post=2922"},{"taxonomy":"product_tag","embeddable":true,"href":"https:\/\/swisscelergen.ch\/fr\/wp-json\/wp\/v2\/product_tag?post=2922"}],"curies":[{"name":"wp","href":"https:\/\/api.w.org\/{rel}","templated":true}]}}