{"id":2872,"date":"2025-11-16T17:31:57","date_gmt":"2025-11-16T17:31:57","guid":{"rendered":"https:\/\/swisscelergen.ch\/swisscelergen\/produkt\/celergen-serum-royale\/"},"modified":"2026-01-05T13:34:44","modified_gmt":"2026-01-05T13:34:44","slug":"celergen-serum-royale","status":"publish","type":"product","link":"https:\/\/swisscelergen.ch\/fr\/produkt\/celergen-serum-royale\/","title":{"rendered":"Celergen Serum Royale<br><br>"},"content":{"rendered":"<h1>Celergen Serum Royale<\/h1>\n<h4>Agissez contre le vieillissement cutan\u00e9 l\u00e0 o\u00f9 il commence.<br \/>\nRajeunissement de la peau au niveau cellulaire.<\/h4>\n<p>Le Swiss BIO DNA Cellular Regeneration Serum de Celergen est une formule puissante et hautement nutritive qui transforme visiblement la peau en am\u00e9liorant l\u2019hydratation, la fermet\u00e9, les rides, l\u2019\u00e9lasticit\u00e9, les ridules et les taches li\u00e9es \u00e0 l\u2019\u00e2ge.<br \/>\nNotre formule exclusive r\u00e9pare et r\u00e9g\u00e9n\u00e8re la peau au niveau cellulaire, stimule la synth\u00e8se naturelle du collag\u00e8ne et freine le processus de vieillissement \u00e0 sa source.<\/p>\n<p>&nbsp;<\/p>\n<h3>COMMENT AGIT LE S\u00c9RUM ANTI-\u00c2GE CELERGEN ?<\/h3>\n<h3>Le pouvoir de transformation de la nutrition cellulaire<\/h3>\n<p>Le corps humain contient environ quatre mille milliards de cellules qui doivent se renouveler en permanence, car les cellules anciennes et faibles sont remplac\u00e9es par de nouvelles.<br \/>\nChez les jeunes en bonne sant\u00e9, la division cellulaire se produit r\u00e9guli\u00e8rement dans un biotope \u00e9nerg\u00e9tique et \u00e9quilibr\u00e9. Avec l&rsquo;\u00e2ge, ce processus ralentit. Une pollution accrue, des solvants, des m\u00e9taux lourds, des parasites, le stress, une mauvaise alimentation, le tabagisme, les sucres transform\u00e9s et l&rsquo;alcool affaiblissent encore plus ce processus de renouvellement. Lorsque l&rsquo;horloge biologique est perturb\u00e9e, cela entra\u00eene un dysfonctionnement de la matrice du tissu conjonctif, des organes et du syst\u00e8me immunitaire.   <\/p>\n<p>La nutrition cellulaire Celergen peut bloquer ces troubles en soutenant le processus naturel de rajeunissement du corps. En fournissant les nutriments appropri\u00e9s aux cellules endommag\u00e9es et mortes, la nutrition cellulaire peut lutter contre le processus de vieillissement et prolonger la jeunesse, l&rsquo;\u00e9nergie et la vitalit\u00e9. <\/p>\n<p>Contrairement aux autres th\u00e9rapies cellulaires qui impliquent des injections, Celergen est administr\u00e9 sous forme de gel mou \u00e0 prendre par voie orale. L&rsquo;enrobage gastro-r\u00e9sistant du gel mou prot\u00e8ge les micronutriments pendant qu&rsquo;ils traversent le liquide hydraulique de l&rsquo;estomac, ce qui permet aux micronutriments d&rsquo;atteindre les intestins et d&rsquo;\u00eatre absorb\u00e9s dans le syst\u00e8me sanguin, o\u00f9 ils contribuent \u00e0 la restauration et au rajeunissement des cellules individuelles. <\/p>\n","protected":false},"excerpt":{"rendered":"<p>Celergen Serum Royale Agissez contre le vieillissement cutan\u00e9 l\u00e0 o\u00f9 il commence. Rajeunissement de la peau au niveau cellulaire. Le Swiss BIO DNA Cellular Regeneration Serum de Celergen est une formule puissante et hautement nutritive qui transforme visiblement la peau en am\u00e9liorant l\u2019hydratation, la fermet\u00e9, les rides, l\u2019\u00e9lasticit\u00e9, les ridules et les taches li\u00e9es \u00e0 [&hellip;]<\/p>\n","protected":false},"featured_media":3884,"template":"","meta":[],"product_brand":[],"product_cat":[59],"product_tag":[77],"class_list":{"0":"post-2872","1":"product","2":"type-product","3":"status-publish","4":"has-post-thumbnail","6":"product_cat-beauty","7":"product_tag-celergen-serum-royale","9":"first","10":"instock","11":"taxable","12":"shipping-taxable","13":"purchasable","14":"product-type-simple"},"yoast_head":"<!-- This site is optimized with the Yoast SEO plugin v27.3 - https:\/\/yoast.com\/product\/yoast-seo-wordpress\/ -->\n<title>Celergen Serum Royale<\/title>\n<meta name=\"description\" content=\"Celergen Serum Royal, s\u00e9rum de r\u00e9g\u00e9n\u00e9ration cellulaire qui am\u00e9liore visiblement l&#039;hydratation, la fermet\u00e9, les rides, l&#039;\u00e9lasticit\u00e9, les ridules et les taches de vieillesse.\" \/>\n<meta name=\"robots\" content=\"index, follow, max-snippet:-1, max-image-preview:large, max-video-preview:-1\" \/>\n<link rel=\"canonical\" href=\"https:\/\/swisscelergen.ch\/fr\/produkt\/celergen-serum-royale\/\" \/>\n<meta property=\"og:locale\" content=\"fr_FR\" \/>\n<meta property=\"og:type\" content=\"article\" \/>\n<meta property=\"og:title\" content=\"Celergen Serum Royale\" \/>\n<meta property=\"og:description\" content=\"Celergen Serum Royal, s\u00e9rum de r\u00e9g\u00e9n\u00e9ration cellulaire qui am\u00e9liore visiblement l&#039;hydratation, la fermet\u00e9, les rides, l&#039;\u00e9lasticit\u00e9, les ridules et les taches de vieillesse.\" \/>\n<meta property=\"og:url\" content=\"https:\/\/swisscelergen.ch\/fr\/produkt\/celergen-serum-royale\/\" \/>\n<meta property=\"og:site_name\" content=\"Swisscelergen\" \/>\n<meta property=\"article:publisher\" content=\"https:\/\/www.facebook.com\/tamplenusgmbh\/\" \/>\n<meta property=\"article:modified_time\" content=\"2026-01-05T13:34:44+00:00\" \/>\n<meta property=\"og:image\" content=\"https:\/\/swisscelergen.ch\/wp-content\/uploads\/2025\/11\/15_celergen_group_c-5596d326.jpg\" \/>\n\t<meta property=\"og:image:width\" content=\"1200\" \/>\n\t<meta property=\"og:image:height\" content=\"1085\" \/>\n\t<meta property=\"og:image:type\" content=\"image\/jpeg\" \/>\n<meta name=\"twitter:card\" content=\"summary_large_image\" \/>\n<meta name=\"twitter:label1\" content=\"Dur\u00e9e de lecture estim\u00e9e\" \/>\n\t<meta name=\"twitter:data1\" content=\"2 minutes\" \/>\n<script type=\"application\/ld+json\" class=\"yoast-schema-graph\">{\"@context\":\"https:\\\/\\\/schema.org\",\"@graph\":[{\"@type\":\"WebPage\",\"@id\":\"https:\\\/\\\/swisscelergen.ch\\\/fr\\\/produkt\\\/celergen-serum-royale\\\/\",\"url\":\"https:\\\/\\\/swisscelergen.ch\\\/fr\\\/produkt\\\/celergen-serum-royale\\\/\",\"name\":\"Celergen Serum Royale\",\"isPartOf\":{\"@id\":\"https:\\\/\\\/swisscelergen.ch\\\/fr\\\/#website\"},\"primaryImageOfPage\":{\"@id\":\"https:\\\/\\\/swisscelergen.ch\\\/fr\\\/produkt\\\/celergen-serum-royale\\\/#primaryimage\"},\"image\":{\"@id\":\"https:\\\/\\\/swisscelergen.ch\\\/fr\\\/produkt\\\/celergen-serum-royale\\\/#primaryimage\"},\"thumbnailUrl\":\"https:\\\/\\\/swisscelergen.ch\\\/wp-content\\\/uploads\\\/2025\\\/11\\\/Celergen-Serum.png\",\"datePublished\":\"2025-11-16T17:31:57+00:00\",\"dateModified\":\"2026-01-05T13:34:44+00:00\",\"description\":\"Celergen Serum Royal, s\u00e9rum de r\u00e9g\u00e9n\u00e9ration cellulaire qui am\u00e9liore visiblement l'hydratation, la fermet\u00e9, les rides, l'\u00e9lasticit\u00e9, les ridules et les taches de vieillesse.\",\"breadcrumb\":{\"@id\":\"https:\\\/\\\/swisscelergen.ch\\\/fr\\\/produkt\\\/celergen-serum-royale\\\/#breadcrumb\"},\"inLanguage\":\"fr-FR\",\"potentialAction\":[{\"@type\":\"ReadAction\",\"target\":[\"https:\\\/\\\/swisscelergen.ch\\\/fr\\\/produkt\\\/celergen-serum-royale\\\/\"]}]},{\"@type\":\"ImageObject\",\"inLanguage\":\"fr-FR\",\"@id\":\"https:\\\/\\\/swisscelergen.ch\\\/fr\\\/produkt\\\/celergen-serum-royale\\\/#primaryimage\",\"url\":\"https:\\\/\\\/swisscelergen.ch\\\/wp-content\\\/uploads\\\/2025\\\/11\\\/Celergen-Serum.png\",\"contentUrl\":\"https:\\\/\\\/swisscelergen.ch\\\/wp-content\\\/uploads\\\/2025\\\/11\\\/Celergen-Serum.png\",\"width\":2452,\"height\":2452},{\"@type\":\"BreadcrumbList\",\"@id\":\"https:\\\/\\\/swisscelergen.ch\\\/fr\\\/produkt\\\/celergen-serum-royale\\\/#breadcrumb\",\"itemListElement\":[{\"@type\":\"ListItem\",\"position\":1,\"name\":\"Startseite\",\"item\":\"https:\\\/\\\/swisscelergen.ch\\\/fr\\\/celergen-zell-therapie\\\/\"},{\"@type\":\"ListItem\",\"position\":2,\"name\":\"Shop\",\"item\":\"https:\\\/\\\/swisscelergen.ch\\\/fr\\\/shop\\\/\"},{\"@type\":\"ListItem\",\"position\":3,\"name\":\"Celergen Serum Royale\"}]},{\"@type\":\"WebSite\",\"@id\":\"https:\\\/\\\/swisscelergen.ch\\\/fr\\\/#website\",\"url\":\"https:\\\/\\\/swisscelergen.ch\\\/fr\\\/\",\"name\":\"Swisscelergen\",\"description\":\"Swiss Agency for Health\u200b\",\"publisher\":{\"@id\":\"https:\\\/\\\/swisscelergen.ch\\\/fr\\\/#organization\"},\"potentialAction\":[{\"@type\":\"SearchAction\",\"target\":{\"@type\":\"EntryPoint\",\"urlTemplate\":\"https:\\\/\\\/swisscelergen.ch\\\/fr\\\/?s={search_term_string}\"},\"query-input\":{\"@type\":\"PropertyValueSpecification\",\"valueRequired\":true,\"valueName\":\"search_term_string\"}}],\"inLanguage\":\"fr-FR\"},{\"@type\":\"Organization\",\"@id\":\"https:\\\/\\\/swisscelergen.ch\\\/fr\\\/#organization\",\"name\":\"Tam Plenus GmbH\",\"url\":\"https:\\\/\\\/swisscelergen.ch\\\/fr\\\/\",\"logo\":{\"@type\":\"ImageObject\",\"inLanguage\":\"fr-FR\",\"@id\":\"https:\\\/\\\/swisscelergen.ch\\\/fr\\\/#\\\/schema\\\/logo\\\/image\\\/\",\"url\":\"https:\\\/\\\/swisscelergen.ch\\\/wp-content\\\/uploads\\\/2025\\\/12\\\/Logo_Celergen.png\",\"contentUrl\":\"https:\\\/\\\/swisscelergen.ch\\\/wp-content\\\/uploads\\\/2025\\\/12\\\/Logo_Celergen.png\",\"width\":632,\"height\":101,\"caption\":\"Tam Plenus GmbH\"},\"image\":{\"@id\":\"https:\\\/\\\/swisscelergen.ch\\\/fr\\\/#\\\/schema\\\/logo\\\/image\\\/\"},\"sameAs\":[\"https:\\\/\\\/www.facebook.com\\\/tamplenusgmbh\\\/\",\"https:\\\/\\\/www.instagram.com\\\/tamplenus\\\/\"]}]}<\/script>\n<!-- \/ Yoast SEO plugin. -->","yoast_head_json":{"title":"Celergen Serum Royale","description":"Celergen Serum Royal, s\u00e9rum de r\u00e9g\u00e9n\u00e9ration cellulaire qui am\u00e9liore visiblement l'hydratation, la fermet\u00e9, les rides, l'\u00e9lasticit\u00e9, les ridules et les taches de vieillesse.","robots":{"index":"index","follow":"follow","max-snippet":"max-snippet:-1","max-image-preview":"max-image-preview:large","max-video-preview":"max-video-preview:-1"},"canonical":"https:\/\/swisscelergen.ch\/fr\/produkt\/celergen-serum-royale\/","og_locale":"fr_FR","og_type":"article","og_title":"Celergen Serum Royale","og_description":"Celergen Serum Royal, s\u00e9rum de r\u00e9g\u00e9n\u00e9ration cellulaire qui am\u00e9liore visiblement l'hydratation, la fermet\u00e9, les rides, l'\u00e9lasticit\u00e9, les ridules et les taches de vieillesse.","og_url":"https:\/\/swisscelergen.ch\/fr\/produkt\/celergen-serum-royale\/","og_site_name":"Swisscelergen","article_publisher":"https:\/\/www.facebook.com\/tamplenusgmbh\/","article_modified_time":"2026-01-05T13:34:44+00:00","og_image":[{"width":1200,"height":1085,"url":"https:\/\/swisscelergen.ch\/wp-content\/uploads\/2025\/11\/15_celergen_group_c-5596d326.jpg","type":"image\/jpeg"}],"twitter_card":"summary_large_image","twitter_misc":{"Dur\u00e9e de lecture estim\u00e9e":"2 minutes"},"schema":{"@context":"https:\/\/schema.org","@graph":[{"@type":"WebPage","@id":"https:\/\/swisscelergen.ch\/fr\/produkt\/celergen-serum-royale\/","url":"https:\/\/swisscelergen.ch\/fr\/produkt\/celergen-serum-royale\/","name":"Celergen Serum Royale","isPartOf":{"@id":"https:\/\/swisscelergen.ch\/fr\/#website"},"primaryImageOfPage":{"@id":"https:\/\/swisscelergen.ch\/fr\/produkt\/celergen-serum-royale\/#primaryimage"},"image":{"@id":"https:\/\/swisscelergen.ch\/fr\/produkt\/celergen-serum-royale\/#primaryimage"},"thumbnailUrl":"https:\/\/swisscelergen.ch\/wp-content\/uploads\/2025\/11\/Celergen-Serum.png","datePublished":"2025-11-16T17:31:57+00:00","dateModified":"2026-01-05T13:34:44+00:00","description":"Celergen Serum Royal, s\u00e9rum de r\u00e9g\u00e9n\u00e9ration cellulaire qui am\u00e9liore visiblement l'hydratation, la fermet\u00e9, les rides, l'\u00e9lasticit\u00e9, les ridules et les taches de vieillesse.","breadcrumb":{"@id":"https:\/\/swisscelergen.ch\/fr\/produkt\/celergen-serum-royale\/#breadcrumb"},"inLanguage":"fr-FR","potentialAction":[{"@type":"ReadAction","target":["https:\/\/swisscelergen.ch\/fr\/produkt\/celergen-serum-royale\/"]}]},{"@type":"ImageObject","inLanguage":"fr-FR","@id":"https:\/\/swisscelergen.ch\/fr\/produkt\/celergen-serum-royale\/#primaryimage","url":"https:\/\/swisscelergen.ch\/wp-content\/uploads\/2025\/11\/Celergen-Serum.png","contentUrl":"https:\/\/swisscelergen.ch\/wp-content\/uploads\/2025\/11\/Celergen-Serum.png","width":2452,"height":2452},{"@type":"BreadcrumbList","@id":"https:\/\/swisscelergen.ch\/fr\/produkt\/celergen-serum-royale\/#breadcrumb","itemListElement":[{"@type":"ListItem","position":1,"name":"Startseite","item":"https:\/\/swisscelergen.ch\/fr\/celergen-zell-therapie\/"},{"@type":"ListItem","position":2,"name":"Shop","item":"https:\/\/swisscelergen.ch\/fr\/shop\/"},{"@type":"ListItem","position":3,"name":"Celergen Serum Royale"}]},{"@type":"WebSite","@id":"https:\/\/swisscelergen.ch\/fr\/#website","url":"https:\/\/swisscelergen.ch\/fr\/","name":"Swisscelergen","description":"Swiss Agency for Health\u200b","publisher":{"@id":"https:\/\/swisscelergen.ch\/fr\/#organization"},"potentialAction":[{"@type":"SearchAction","target":{"@type":"EntryPoint","urlTemplate":"https:\/\/swisscelergen.ch\/fr\/?s={search_term_string}"},"query-input":{"@type":"PropertyValueSpecification","valueRequired":true,"valueName":"search_term_string"}}],"inLanguage":"fr-FR"},{"@type":"Organization","@id":"https:\/\/swisscelergen.ch\/fr\/#organization","name":"Tam Plenus GmbH","url":"https:\/\/swisscelergen.ch\/fr\/","logo":{"@type":"ImageObject","inLanguage":"fr-FR","@id":"https:\/\/swisscelergen.ch\/fr\/#\/schema\/logo\/image\/","url":"https:\/\/swisscelergen.ch\/wp-content\/uploads\/2025\/12\/Logo_Celergen.png","contentUrl":"https:\/\/swisscelergen.ch\/wp-content\/uploads\/2025\/12\/Logo_Celergen.png","width":632,"height":101,"caption":"Tam Plenus GmbH"},"image":{"@id":"https:\/\/swisscelergen.ch\/fr\/#\/schema\/logo\/image\/"},"sameAs":["https:\/\/www.facebook.com\/tamplenusgmbh\/","https:\/\/www.instagram.com\/tamplenus\/"]}]}},"jetpack_sharing_enabled":true,"_links":{"self":[{"href":"https:\/\/swisscelergen.ch\/fr\/wp-json\/wp\/v2\/product\/2872","targetHints":{"allow":["GET"]}}],"collection":[{"href":"https:\/\/swisscelergen.ch\/fr\/wp-json\/wp\/v2\/product"}],"about":[{"href":"https:\/\/swisscelergen.ch\/fr\/wp-json\/wp\/v2\/types\/product"}],"wp:featuredmedia":[{"embeddable":true,"href":"https:\/\/swisscelergen.ch\/fr\/wp-json\/wp\/v2\/media\/3884"}],"wp:attachment":[{"href":"https:\/\/swisscelergen.ch\/fr\/wp-json\/wp\/v2\/media?parent=2872"}],"wp:term":[{"taxonomy":"product_brand","embeddable":true,"href":"https:\/\/swisscelergen.ch\/fr\/wp-json\/wp\/v2\/product_brand?post=2872"},{"taxonomy":"product_cat","embeddable":true,"href":"https:\/\/swisscelergen.ch\/fr\/wp-json\/wp\/v2\/product_cat?post=2872"},{"taxonomy":"product_tag","embeddable":true,"href":"https:\/\/swisscelergen.ch\/fr\/wp-json\/wp\/v2\/product_tag?post=2872"}],"curies":[{"name":"wp","href":"https:\/\/api.w.org\/{rel}","templated":true}]}}