{"id":2869,"date":"2025-11-16T17:31:57","date_gmt":"2025-11-16T17:31:57","guid":{"rendered":"https:\/\/swisscelergen.ch\/swisscelergen\/produkt\/celergen-cure-de-6-mois\/"},"modified":"2026-01-05T12:29:59","modified_gmt":"2026-01-05T12:29:59","slug":"celergen-kapseln-6","status":"publish","type":"product","link":"https:\/\/swisscelergen.ch\/fr\/produkt\/celergen-kapseln-6\/","title":{"rendered":"Celergen <br>Cure de 6 mois"},"content":{"rendered":"<div class=\"et_pb_with_border et_pb_row et_pb_row_1\">\n<div class=\"et_pb_column et_pb_column_4_4 et_pb_column_1 et_pb_css_mix_blend_mode_passthrough et-last-child\">\n<div class=\"et_pb_module et_pb_text et_pb_text_0 et_pb_text_align_left et_pb_bg_layout_light\">\n<div class=\"et_pb_text_inner\">\n<h2>Celergen Capsules<\/h2>\n<h1>Celergen Cure de 6 mois<\/h1>\n<p>Einzigartige Schweizer Meereszellen-Therapie Erg\u00e4nzung<\/p>\n<\/div>\n<\/div>\n<\/div>\n<\/div>\n<h2>Capsules de compl\u00e9ment anti-\u00e2ge suisses<\/h2>\n<div class=\"et_pb_module et_pb_text et_pb_text_2 et_pb_text_align_left et_pb_bg_layout_light\">\n<div class=\"et_pb_text_inner\">\n<h4>Stimuliert die nat\u00fcrlichen Heilkr\u00e4fte des menschlichen K\u00f6rpers<\/h4>\n<\/div>\n<\/div>\n<div class=\"et_pb_module et_pb_text et_pb_text_3 et_pb_text_align_left et_pb_bg_layout_light\">\n<div class=\"et_pb_text_inner\">\n<p>Celergen est la premi\u00e8re th\u00e9rapie cellulaire orale qui agit sur le renouvellement et la stimulation cellulaires afin de retarder et de ralentir le processus de vieillissement. Elle soutient les processus naturels de gu\u00e9rison de l\u2019organisme et favorise l\u2019\u00e9nergie, la vitalit\u00e9 et le bien-\u00eatre. Ce processus de renouvellement et de revitalisation est essentiel pour maintenir nos organes et les tissus du corps en parfaite sant\u00e9. Les cellules endommag\u00e9es et mortes sont r\u00e9par\u00e9es et remplac\u00e9es de mani\u00e8re efficace et efficiente.   <\/p>\n<\/div>\n<\/div>\n","protected":false},"excerpt":{"rendered":"<p>Il est cliniquement prouv\u00e9 que la th\u00e9rapie de nutrition cellulaire Celergen stimule fortement la capacit\u00e9 naturelle de votre corps \u00e0 se gu\u00e9rir et \u00e0 se revitaliser. Notre traitement de th\u00e9rapie cellulaire non injectable d\u00e9clenche le rajeunissement de chaque cellule. Ce processus de renouvellement est essentiel pour maintenir les tissus et les organes du corps en sant\u00e9 optimale. En r\u00e9parant et en rempla\u00e7ant les cellules mortes et endommag\u00e9es, Celergen aide \u00e0 lutter contre le processus de vieillissement en prolongeant la jeunesse et en augmentant l\u2019\u00e9nergie et la vitalit\u00e9.   <\/p>\n","protected":false},"featured_media":3758,"template":"","meta":[],"product_brand":[],"product_cat":[59],"product_tag":[69],"class_list":{"0":"post-2869","1":"product","2":"type-product","3":"status-publish","4":"has-post-thumbnail","6":"product_cat-beauty","7":"product_tag-celergen-kapseln-6","9":"first","10":"instock","11":"sale","12":"taxable","13":"shipping-taxable","14":"purchasable","15":"product-type-simple"},"yoast_head":"<!-- This site is optimized with the Yoast SEO plugin v27.3 - https:\/\/yoast.com\/product\/yoast-seo-wordpress\/ -->\n<title>Celergen Cure de 6 mois<\/title>\n<meta name=\"description\" content=\"Cure de 6 mois de Celergen. 6 mois d&#039;approvisionnement - 10%. La th\u00e9rapie cellulaire orale aide \u00e0 maintenir et \u00e0 prolonger la jeunesse, l&#039;\u00e9nergie et la vitalit\u00e9.\" \/>\n<meta name=\"robots\" content=\"index, follow, max-snippet:-1, max-image-preview:large, max-video-preview:-1\" \/>\n<link rel=\"canonical\" href=\"https:\/\/swisscelergen.ch\/fr\/produkt\/celergen-kapseln-6\/\" \/>\n<meta property=\"og:locale\" content=\"fr_FR\" \/>\n<meta property=\"og:type\" content=\"article\" \/>\n<meta property=\"og:title\" content=\"Celergen Cure de 6 mois\" \/>\n<meta property=\"og:description\" content=\"Cure de 6 mois de Celergen. 6 mois d&#039;approvisionnement - 10%. La th\u00e9rapie cellulaire orale aide \u00e0 maintenir et \u00e0 prolonger la jeunesse, l&#039;\u00e9nergie et la vitalit\u00e9.\" \/>\n<meta property=\"og:url\" content=\"https:\/\/swisscelergen.ch\/fr\/produkt\/celergen-kapseln-6\/\" \/>\n<meta property=\"og:site_name\" content=\"Swisscelergen\" \/>\n<meta property=\"article:publisher\" content=\"https:\/\/www.facebook.com\/tamplenusgmbh\/\" \/>\n<meta property=\"article:modified_time\" content=\"2026-01-05T12:29:59+00:00\" \/>\n<meta property=\"og:image\" content=\"https:\/\/swisscelergen.ch\/wp-content\/uploads\/2025\/11\/Celergen-6-Packungen.jpg\" \/>\n\t<meta property=\"og:image:width\" content=\"600\" \/>\n\t<meta property=\"og:image:height\" content=\"600\" \/>\n\t<meta property=\"og:image:type\" content=\"image\/jpeg\" \/>\n<meta name=\"twitter:card\" content=\"summary_large_image\" \/>\n<meta name=\"twitter:label1\" content=\"Dur\u00e9e de lecture estim\u00e9e\" \/>\n\t<meta name=\"twitter:data1\" content=\"1 minute\" \/>\n<script type=\"application\/ld+json\" class=\"yoast-schema-graph\">{\"@context\":\"https:\\\/\\\/schema.org\",\"@graph\":[{\"@type\":\"WebPage\",\"@id\":\"https:\\\/\\\/swisscelergen.ch\\\/fr\\\/produkt\\\/celergen-kapseln-6\\\/\",\"url\":\"https:\\\/\\\/swisscelergen.ch\\\/fr\\\/produkt\\\/celergen-kapseln-6\\\/\",\"name\":\"Celergen Cure de 6 mois\",\"isPartOf\":{\"@id\":\"https:\\\/\\\/swisscelergen.ch\\\/fr\\\/#website\"},\"primaryImageOfPage\":{\"@id\":\"https:\\\/\\\/swisscelergen.ch\\\/fr\\\/produkt\\\/celergen-kapseln-6\\\/#primaryimage\"},\"image\":{\"@id\":\"https:\\\/\\\/swisscelergen.ch\\\/fr\\\/produkt\\\/celergen-kapseln-6\\\/#primaryimage\"},\"thumbnailUrl\":\"https:\\\/\\\/swisscelergen.ch\\\/wp-content\\\/uploads\\\/2025\\\/11\\\/celergen-kapseln-6.png\",\"datePublished\":\"2025-11-16T17:31:57+00:00\",\"dateModified\":\"2026-01-05T12:29:59+00:00\",\"description\":\"Cure de 6 mois de Celergen. 6 mois d'approvisionnement - 10%. La th\u00e9rapie cellulaire orale aide \u00e0 maintenir et \u00e0 prolonger la jeunesse, l'\u00e9nergie et la vitalit\u00e9.\",\"breadcrumb\":{\"@id\":\"https:\\\/\\\/swisscelergen.ch\\\/fr\\\/produkt\\\/celergen-kapseln-6\\\/#breadcrumb\"},\"inLanguage\":\"fr-FR\",\"potentialAction\":[{\"@type\":\"ReadAction\",\"target\":[\"https:\\\/\\\/swisscelergen.ch\\\/fr\\\/produkt\\\/celergen-kapseln-6\\\/\"]}]},{\"@type\":\"ImageObject\",\"inLanguage\":\"fr-FR\",\"@id\":\"https:\\\/\\\/swisscelergen.ch\\\/fr\\\/produkt\\\/celergen-kapseln-6\\\/#primaryimage\",\"url\":\"https:\\\/\\\/swisscelergen.ch\\\/wp-content\\\/uploads\\\/2025\\\/11\\\/celergen-kapseln-6.png\",\"contentUrl\":\"https:\\\/\\\/swisscelergen.ch\\\/wp-content\\\/uploads\\\/2025\\\/11\\\/celergen-kapseln-6.png\",\"width\":591,\"height\":591,\"caption\":\"Celergen Kapseln\"},{\"@type\":\"BreadcrumbList\",\"@id\":\"https:\\\/\\\/swisscelergen.ch\\\/fr\\\/produkt\\\/celergen-kapseln-6\\\/#breadcrumb\",\"itemListElement\":[{\"@type\":\"ListItem\",\"position\":1,\"name\":\"Startseite\",\"item\":\"https:\\\/\\\/swisscelergen.ch\\\/fr\\\/celergen-zell-therapie\\\/\"},{\"@type\":\"ListItem\",\"position\":2,\"name\":\"Shop\",\"item\":\"https:\\\/\\\/swisscelergen.ch\\\/fr\\\/shop\\\/\"},{\"@type\":\"ListItem\",\"position\":3,\"name\":\"Celergen Cure de 6 mois\"}]},{\"@type\":\"WebSite\",\"@id\":\"https:\\\/\\\/swisscelergen.ch\\\/fr\\\/#website\",\"url\":\"https:\\\/\\\/swisscelergen.ch\\\/fr\\\/\",\"name\":\"Swisscelergen\",\"description\":\"Swiss Agency for Health\u200b\",\"publisher\":{\"@id\":\"https:\\\/\\\/swisscelergen.ch\\\/fr\\\/#organization\"},\"potentialAction\":[{\"@type\":\"SearchAction\",\"target\":{\"@type\":\"EntryPoint\",\"urlTemplate\":\"https:\\\/\\\/swisscelergen.ch\\\/fr\\\/?s={search_term_string}\"},\"query-input\":{\"@type\":\"PropertyValueSpecification\",\"valueRequired\":true,\"valueName\":\"search_term_string\"}}],\"inLanguage\":\"fr-FR\"},{\"@type\":\"Organization\",\"@id\":\"https:\\\/\\\/swisscelergen.ch\\\/fr\\\/#organization\",\"name\":\"Tam Plenus GmbH\",\"url\":\"https:\\\/\\\/swisscelergen.ch\\\/fr\\\/\",\"logo\":{\"@type\":\"ImageObject\",\"inLanguage\":\"fr-FR\",\"@id\":\"https:\\\/\\\/swisscelergen.ch\\\/fr\\\/#\\\/schema\\\/logo\\\/image\\\/\",\"url\":\"https:\\\/\\\/swisscelergen.ch\\\/wp-content\\\/uploads\\\/2025\\\/12\\\/Logo_Celergen.png\",\"contentUrl\":\"https:\\\/\\\/swisscelergen.ch\\\/wp-content\\\/uploads\\\/2025\\\/12\\\/Logo_Celergen.png\",\"width\":632,\"height\":101,\"caption\":\"Tam Plenus GmbH\"},\"image\":{\"@id\":\"https:\\\/\\\/swisscelergen.ch\\\/fr\\\/#\\\/schema\\\/logo\\\/image\\\/\"},\"sameAs\":[\"https:\\\/\\\/www.facebook.com\\\/tamplenusgmbh\\\/\",\"https:\\\/\\\/www.instagram.com\\\/tamplenus\\\/\"]}]}<\/script>\n<!-- \/ Yoast SEO plugin. -->","yoast_head_json":{"title":"Celergen Cure de 6 mois","description":"Cure de 6 mois de Celergen. 6 mois d'approvisionnement - 10%. La th\u00e9rapie cellulaire orale aide \u00e0 maintenir et \u00e0 prolonger la jeunesse, l'\u00e9nergie et la vitalit\u00e9.","robots":{"index":"index","follow":"follow","max-snippet":"max-snippet:-1","max-image-preview":"max-image-preview:large","max-video-preview":"max-video-preview:-1"},"canonical":"https:\/\/swisscelergen.ch\/fr\/produkt\/celergen-kapseln-6\/","og_locale":"fr_FR","og_type":"article","og_title":"Celergen Cure de 6 mois","og_description":"Cure de 6 mois de Celergen. 6 mois d'approvisionnement - 10%. La th\u00e9rapie cellulaire orale aide \u00e0 maintenir et \u00e0 prolonger la jeunesse, l'\u00e9nergie et la vitalit\u00e9.","og_url":"https:\/\/swisscelergen.ch\/fr\/produkt\/celergen-kapseln-6\/","og_site_name":"Swisscelergen","article_publisher":"https:\/\/www.facebook.com\/tamplenusgmbh\/","article_modified_time":"2026-01-05T12:29:59+00:00","og_image":[{"width":600,"height":600,"url":"https:\/\/swisscelergen.ch\/wp-content\/uploads\/2025\/11\/Celergen-6-Packungen.jpg","type":"image\/jpeg"}],"twitter_card":"summary_large_image","twitter_misc":{"Dur\u00e9e de lecture estim\u00e9e":"1 minute"},"schema":{"@context":"https:\/\/schema.org","@graph":[{"@type":"WebPage","@id":"https:\/\/swisscelergen.ch\/fr\/produkt\/celergen-kapseln-6\/","url":"https:\/\/swisscelergen.ch\/fr\/produkt\/celergen-kapseln-6\/","name":"Celergen Cure de 6 mois","isPartOf":{"@id":"https:\/\/swisscelergen.ch\/fr\/#website"},"primaryImageOfPage":{"@id":"https:\/\/swisscelergen.ch\/fr\/produkt\/celergen-kapseln-6\/#primaryimage"},"image":{"@id":"https:\/\/swisscelergen.ch\/fr\/produkt\/celergen-kapseln-6\/#primaryimage"},"thumbnailUrl":"https:\/\/swisscelergen.ch\/wp-content\/uploads\/2025\/11\/celergen-kapseln-6.png","datePublished":"2025-11-16T17:31:57+00:00","dateModified":"2026-01-05T12:29:59+00:00","description":"Cure de 6 mois de Celergen. 6 mois d'approvisionnement - 10%. La th\u00e9rapie cellulaire orale aide \u00e0 maintenir et \u00e0 prolonger la jeunesse, l'\u00e9nergie et la vitalit\u00e9.","breadcrumb":{"@id":"https:\/\/swisscelergen.ch\/fr\/produkt\/celergen-kapseln-6\/#breadcrumb"},"inLanguage":"fr-FR","potentialAction":[{"@type":"ReadAction","target":["https:\/\/swisscelergen.ch\/fr\/produkt\/celergen-kapseln-6\/"]}]},{"@type":"ImageObject","inLanguage":"fr-FR","@id":"https:\/\/swisscelergen.ch\/fr\/produkt\/celergen-kapseln-6\/#primaryimage","url":"https:\/\/swisscelergen.ch\/wp-content\/uploads\/2025\/11\/celergen-kapseln-6.png","contentUrl":"https:\/\/swisscelergen.ch\/wp-content\/uploads\/2025\/11\/celergen-kapseln-6.png","width":591,"height":591,"caption":"Celergen Kapseln"},{"@type":"BreadcrumbList","@id":"https:\/\/swisscelergen.ch\/fr\/produkt\/celergen-kapseln-6\/#breadcrumb","itemListElement":[{"@type":"ListItem","position":1,"name":"Startseite","item":"https:\/\/swisscelergen.ch\/fr\/celergen-zell-therapie\/"},{"@type":"ListItem","position":2,"name":"Shop","item":"https:\/\/swisscelergen.ch\/fr\/shop\/"},{"@type":"ListItem","position":3,"name":"Celergen Cure de 6 mois"}]},{"@type":"WebSite","@id":"https:\/\/swisscelergen.ch\/fr\/#website","url":"https:\/\/swisscelergen.ch\/fr\/","name":"Swisscelergen","description":"Swiss Agency for Health\u200b","publisher":{"@id":"https:\/\/swisscelergen.ch\/fr\/#organization"},"potentialAction":[{"@type":"SearchAction","target":{"@type":"EntryPoint","urlTemplate":"https:\/\/swisscelergen.ch\/fr\/?s={search_term_string}"},"query-input":{"@type":"PropertyValueSpecification","valueRequired":true,"valueName":"search_term_string"}}],"inLanguage":"fr-FR"},{"@type":"Organization","@id":"https:\/\/swisscelergen.ch\/fr\/#organization","name":"Tam Plenus GmbH","url":"https:\/\/swisscelergen.ch\/fr\/","logo":{"@type":"ImageObject","inLanguage":"fr-FR","@id":"https:\/\/swisscelergen.ch\/fr\/#\/schema\/logo\/image\/","url":"https:\/\/swisscelergen.ch\/wp-content\/uploads\/2025\/12\/Logo_Celergen.png","contentUrl":"https:\/\/swisscelergen.ch\/wp-content\/uploads\/2025\/12\/Logo_Celergen.png","width":632,"height":101,"caption":"Tam Plenus GmbH"},"image":{"@id":"https:\/\/swisscelergen.ch\/fr\/#\/schema\/logo\/image\/"},"sameAs":["https:\/\/www.facebook.com\/tamplenusgmbh\/","https:\/\/www.instagram.com\/tamplenus\/"]}]}},"jetpack_sharing_enabled":true,"_links":{"self":[{"href":"https:\/\/swisscelergen.ch\/fr\/wp-json\/wp\/v2\/product\/2869","targetHints":{"allow":["GET"]}}],"collection":[{"href":"https:\/\/swisscelergen.ch\/fr\/wp-json\/wp\/v2\/product"}],"about":[{"href":"https:\/\/swisscelergen.ch\/fr\/wp-json\/wp\/v2\/types\/product"}],"wp:featuredmedia":[{"embeddable":true,"href":"https:\/\/swisscelergen.ch\/fr\/wp-json\/wp\/v2\/media\/3758"}],"wp:attachment":[{"href":"https:\/\/swisscelergen.ch\/fr\/wp-json\/wp\/v2\/media?parent=2869"}],"wp:term":[{"taxonomy":"product_brand","embeddable":true,"href":"https:\/\/swisscelergen.ch\/fr\/wp-json\/wp\/v2\/product_brand?post=2869"},{"taxonomy":"product_cat","embeddable":true,"href":"https:\/\/swisscelergen.ch\/fr\/wp-json\/wp\/v2\/product_cat?post=2869"},{"taxonomy":"product_tag","embeddable":true,"href":"https:\/\/swisscelergen.ch\/fr\/wp-json\/wp\/v2\/product_tag?post=2869"}],"curies":[{"name":"wp","href":"https:\/\/api.w.org\/{rel}","templated":true}]}}