{"id":713,"date":"2025-12-19T09:40:21","date_gmt":"2025-12-19T09:40:21","guid":{"rendered":"https:\/\/swisscelergen.ch\/swisscelergen\/blog-celergen\/"},"modified":"2025-12-20T09:58:53","modified_gmt":"2025-12-20T09:58:53","slug":"blog-celergen","status":"publish","type":"page","link":"https:\/\/swisscelergen.ch\/fr\/blog-celergen\/","title":{"rendered":"Blog Celergen"},"content":{"rendered":"\t\t<div data-elementor-type=\"wp-page\" data-elementor-id=\"713\" class=\"elementor elementor-713 elementor-699\" data-elementor-post-type=\"page\">\n\t\t\t\t<div class=\"elementor-element elementor-element-b74b158 e-flex e-con-boxed e-con e-parent\" data-id=\"b74b158\" data-element_type=\"container\" data-e-type=\"container\">\n\t\t\t\t\t<div class=\"e-con-inner\">\n\t\t\t\t<div class=\"elementor-element elementor-element-63fc10e elementor-widget elementor-widget-heading\" data-id=\"63fc10e\" data-element_type=\"widget\" data-e-type=\"widget\" data-widget_type=\"heading.default\">\n\t\t\t\t<div class=\"elementor-widget-container\">\n\t\t\t\t\t<h3 class=\"elementor-heading-title elementor-size-default\">Blog Celergen<\/h3>\t\t\t\t<\/div>\n\t\t\t\t<\/div>\n\t\t\t\t\t<\/div>\n\t\t\t\t<\/div>\n\t\t<div class=\"elementor-element elementor-element-756c49ab e-flex e-con-boxed e-con e-parent\" data-id=\"756c49ab\" data-element_type=\"container\" data-e-type=\"container\">\n\t\t\t\t\t<div class=\"e-con-inner\">\n\t\t\t\t<div class=\"elementor-element elementor-element-2c33c33e elementor-grid-2 elementor-posts--thumbnail-left elementor-grid-tablet-2 elementor-grid-mobile-1 elementor-widget elementor-widget-posts\" data-id=\"2c33c33e\" data-element_type=\"widget\" data-e-type=\"widget\" data-settings=\"{&quot;classic_columns&quot;:&quot;2&quot;,&quot;pagination_type&quot;:&quot;numbers_and_prev_next&quot;,&quot;classic_columns_tablet&quot;:&quot;2&quot;,&quot;classic_columns_mobile&quot;:&quot;1&quot;,&quot;classic_row_gap&quot;:{&quot;unit&quot;:&quot;px&quot;,&quot;size&quot;:35,&quot;sizes&quot;:[]},&quot;classic_row_gap_tablet&quot;:{&quot;unit&quot;:&quot;px&quot;,&quot;size&quot;:&quot;&quot;,&quot;sizes&quot;:[]},&quot;classic_row_gap_mobile&quot;:{&quot;unit&quot;:&quot;px&quot;,&quot;size&quot;:&quot;&quot;,&quot;sizes&quot;:[]}}\" data-widget_type=\"posts.classic\">\n\t\t\t\t<div class=\"elementor-widget-container\">\n\t\t\t\t\t\t\t<div class=\"elementor-posts-container elementor-posts elementor-posts--skin-classic elementor-grid\" role=\"list\">\n\t\t\t\t<article class=\"elementor-post elementor-grid-item post-4371 post type-post status-publish format-standard has-post-thumbnail hentry category-non-classifiee\" role=\"listitem\">\n\t\t\t\t<a class=\"elementor-post__thumbnail__link\" href=\"https:\/\/swisscelergen.ch\/fr\/warum-ist-celergen-so-effektiv\/\" tabindex=\"-1\" >\n\t\t\t<div class=\"elementor-post__thumbnail\"><img fetchpriority=\"high\" decoding=\"async\" width=\"300\" height=\"167\" src=\"https:\/\/swisscelergen.ch\/wp-content\/uploads\/2026\/03\/Celergen-Vorteile-Blog-en-2-300x167.png\" class=\"attachment-medium size-medium wp-image-4408\" alt=\"\" srcset=\"https:\/\/swisscelergen.ch\/wp-content\/uploads\/2026\/03\/Celergen-Vorteile-Blog-en-2-300x167.png 300w, https:\/\/swisscelergen.ch\/wp-content\/uploads\/2026\/03\/Celergen-Vorteile-Blog-en-2-1024x571.png 1024w, https:\/\/swisscelergen.ch\/wp-content\/uploads\/2026\/03\/Celergen-Vorteile-Blog-en-2-768x428.png 768w, https:\/\/swisscelergen.ch\/wp-content\/uploads\/2026\/03\/Celergen-Vorteile-Blog-en-2-600x335.png 600w, https:\/\/swisscelergen.ch\/wp-content\/uploads\/2026\/03\/Celergen-Vorteile-Blog-en-2.png 1192w\" sizes=\"(max-width: 300px) 100vw, 300px\" \/><\/div>\n\t\t<\/a>\n\t\t\t\t<div class=\"elementor-post__text\">\n\t\t\t\t<h3 class=\"elementor-post__title\">\n\t\t\t<a href=\"https:\/\/swisscelergen.ch\/fr\/warum-ist-celergen-so-effektiv\/\" >\n\t\t\t\tPourquoi CELERGEN est-il si efficace ?\t\t\t<\/a>\n\t\t<\/h3>\n\t\t\t\t<div class=\"elementor-post__meta-data\">\n\t\t\t\t\t<span class=\"elementor-post-date\">\n\t\t\t27 mars 2026\t\t<\/span>\n\t\t\t\t<\/div>\n\t\t\n\t\t<a class=\"elementor-post__read-more\" href=\"https:\/\/swisscelergen.ch\/fr\/warum-ist-celergen-so-effektiv\/\" aria-label=\"En savoir plus sur Pourquoi CELERGEN est-il si efficace ?\" tabindex=\"-1\" >\n\t\t\tLire la suite \u00bb\t\t<\/a>\n\n\t\t\t\t<\/div>\n\t\t\t\t<\/article>\n\t\t\t\t<article class=\"elementor-post elementor-grid-item post-4297 post type-post status-publish format-standard has-post-thumbnail hentry category-non-classifiee\" role=\"listitem\">\n\t\t\t\t<a class=\"elementor-post__thumbnail__link\" href=\"https:\/\/swisscelergen.ch\/fr\/celergen-regeneration-auf-zellebene\/\" tabindex=\"-1\" >\n\t\t\t<div class=\"elementor-post__thumbnail\"><img decoding=\"async\" width=\"300\" height=\"200\" src=\"https:\/\/swisscelergen.ch\/wp-content\/uploads\/2026\/03\/Celergen-Gruppe-mit-Hintergrund-300x200.jpg\" class=\"attachment-medium size-medium wp-image-4226\" alt=\"\" srcset=\"https:\/\/swisscelergen.ch\/wp-content\/uploads\/2026\/03\/Celergen-Gruppe-mit-Hintergrund-300x200.jpg 300w, https:\/\/swisscelergen.ch\/wp-content\/uploads\/2026\/03\/Celergen-Gruppe-mit-Hintergrund-1024x683.jpg 1024w, https:\/\/swisscelergen.ch\/wp-content\/uploads\/2026\/03\/Celergen-Gruppe-mit-Hintergrund-768x512.jpg 768w, https:\/\/swisscelergen.ch\/wp-content\/uploads\/2026\/03\/Celergen-Gruppe-mit-Hintergrund-1320x880.jpg 1320w, https:\/\/swisscelergen.ch\/wp-content\/uploads\/2026\/03\/Celergen-Gruppe-mit-Hintergrund-600x400.jpg 600w, https:\/\/swisscelergen.ch\/wp-content\/uploads\/2026\/03\/Celergen-Gruppe-mit-Hintergrund.jpg 1536w\" sizes=\"(max-width: 300px) 100vw, 300px\" \/><\/div>\n\t\t<\/a>\n\t\t\t\t<div class=\"elementor-post__text\">\n\t\t\t\t<h3 class=\"elementor-post__title\">\n\t\t\t<a href=\"https:\/\/swisscelergen.ch\/fr\/celergen-regeneration-auf-zellebene\/\" >\n\t\t\t\tCelergen &#8211; R\u00e9g\u00e9n\u00e9ration au niveau cellulaire\t\t\t<\/a>\n\t\t<\/h3>\n\t\t\t\t<div class=\"elementor-post__meta-data\">\n\t\t\t\t\t<span class=\"elementor-post-date\">\n\t\t\t27 mars 2026\t\t<\/span>\n\t\t\t\t<\/div>\n\t\t\n\t\t<a class=\"elementor-post__read-more\" href=\"https:\/\/swisscelergen.ch\/fr\/celergen-regeneration-auf-zellebene\/\" aria-label=\"En savoir plus sur Celergen &#8211; R\u00e9g\u00e9n\u00e9ration au niveau cellulaire\" tabindex=\"-1\" >\n\t\t\tLire la suite \u00bb\t\t<\/a>\n\n\t\t\t\t<\/div>\n\t\t\t\t<\/article>\n\t\t\t\t<article class=\"elementor-post elementor-grid-item post-4291 post type-post status-publish format-standard has-post-thumbnail hentry category-non-classifiee\" role=\"listitem\">\n\t\t\t\t<a class=\"elementor-post__thumbnail__link\" href=\"https:\/\/swisscelergen.ch\/fr\/mikronaehrstoffe-wirken-langfristig-nicht-ueber-nacht\/\" tabindex=\"-1\" >\n\t\t\t<div class=\"elementor-post__thumbnail\"><img decoding=\"async\" width=\"300\" height=\"200\" src=\"https:\/\/swisscelergen.ch\/wp-content\/uploads\/2026\/02\/Micronaehrstoffe-300x200.jpg\" class=\"attachment-medium size-medium wp-image-3942\" alt=\"Micron\u00e4hstogge\" srcset=\"https:\/\/swisscelergen.ch\/wp-content\/uploads\/2026\/02\/Micronaehrstoffe-300x200.jpg 300w, https:\/\/swisscelergen.ch\/wp-content\/uploads\/2026\/02\/Micronaehrstoffe-768x512.jpg 768w, https:\/\/swisscelergen.ch\/wp-content\/uploads\/2026\/02\/Micronaehrstoffe-600x400.jpg 600w, https:\/\/swisscelergen.ch\/wp-content\/uploads\/2026\/02\/Micronaehrstoffe.jpg 800w\" sizes=\"(max-width: 300px) 100vw, 300px\" \/><\/div>\n\t\t<\/a>\n\t\t\t\t<div class=\"elementor-post__text\">\n\t\t\t\t<h3 class=\"elementor-post__title\">\n\t\t\t<a href=\"https:\/\/swisscelergen.ch\/fr\/mikronaehrstoffe-wirken-langfristig-nicht-ueber-nacht\/\" >\n\t\t\t\tLes micronutriments agissent sur le long terme \u2013 pas du jour au lendemain\t\t\t<\/a>\n\t\t<\/h3>\n\t\t\t\t<div class=\"elementor-post__meta-data\">\n\t\t\t\t\t<span class=\"elementor-post-date\">\n\t\t\t27 mars 2026\t\t<\/span>\n\t\t\t\t<\/div>\n\t\t\n\t\t<a class=\"elementor-post__read-more\" href=\"https:\/\/swisscelergen.ch\/fr\/mikronaehrstoffe-wirken-langfristig-nicht-ueber-nacht\/\" aria-label=\"En savoir plus sur Les micronutriments agissent sur le long terme \u2013 pas du jour au lendemain\" tabindex=\"-1\" >\n\t\t\tLire la suite \u00bb\t\t<\/a>\n\n\t\t\t\t<\/div>\n\t\t\t\t<\/article>\n\t\t\t\t<\/div>\n\t\t\n\t\t\t\t\t\t<\/div>\n\t\t\t\t<\/div>\n\t\t\t\t<div class=\"elementor-element elementor-element-256de739 elementor-widget elementor-widget-spacer\" data-id=\"256de739\" data-element_type=\"widget\" data-e-type=\"widget\" data-widget_type=\"spacer.default\">\n\t\t\t\t<div class=\"elementor-widget-container\">\n\t\t\t\t\t\t\t<div class=\"elementor-spacer\">\n\t\t\t<div class=\"elementor-spacer-inner\"><\/div>\n\t\t<\/div>\n\t\t\t\t\t\t<\/div>\n\t\t\t\t<\/div>\n\t\t\t\t\t<\/div>\n\t\t\t\t<\/div>\n\t\t\t\t<\/div>\n\t\t","protected":false},"excerpt":{"rendered":"<p>Blog Celergen<\/p>\n","protected":false},"author":1,"featured_media":0,"parent":0,"menu_order":0,"comment_status":"closed","ping_status":"closed","template":"","meta":{"footnotes":""},"class_list":["post-713","page","type-page","status-publish","hentry"],"yoast_head":"<!-- This site is optimized with the Yoast SEO plugin v27.3 - https:\/\/yoast.com\/product\/yoast-seo-wordpress\/ -->\n<title>Blog Celergen - Swisscelergen<\/title>\n<meta name=\"description\" content=\"Blog Celergen. Vous trouverez ici des articles int\u00e9ressants sur Celergen Switzerland.\" \/>\n<meta name=\"robots\" content=\"index, follow, max-snippet:-1, max-image-preview:large, max-video-preview:-1\" \/>\n<link rel=\"canonical\" href=\"https:\/\/swisscelergen.ch\/fr\/blog-celergen\/\" \/>\n<meta property=\"og:locale\" content=\"fr_FR\" \/>\n<meta property=\"og:type\" content=\"article\" \/>\n<meta property=\"og:title\" content=\"Blog Celergen - Swisscelergen\" \/>\n<meta property=\"og:description\" content=\"Blog Celergen. Vous trouverez ici des articles int\u00e9ressants sur Celergen Switzerland.\" \/>\n<meta property=\"og:url\" content=\"https:\/\/swisscelergen.ch\/fr\/blog-celergen\/\" \/>\n<meta property=\"og:site_name\" content=\"Swisscelergen\" \/>\n<meta property=\"article:publisher\" content=\"https:\/\/www.facebook.com\/tamplenusgmbh\/\" \/>\n<meta property=\"article:modified_time\" content=\"2025-12-20T09:58:53+00:00\" \/>\n<meta name=\"twitter:card\" content=\"summary_large_image\" \/>\n<script type=\"application\/ld+json\" class=\"yoast-schema-graph\">{\"@context\":\"https:\\\/\\\/schema.org\",\"@graph\":[{\"@type\":\"WebPage\",\"@id\":\"https:\\\/\\\/swisscelergen.ch\\\/fr\\\/blog-celergen\\\/\",\"url\":\"https:\\\/\\\/swisscelergen.ch\\\/fr\\\/blog-celergen\\\/\",\"name\":\"Blog Celergen - Swisscelergen\",\"isPartOf\":{\"@id\":\"https:\\\/\\\/swisscelergen.ch\\\/fr\\\/#website\"},\"datePublished\":\"2025-12-19T09:40:21+00:00\",\"dateModified\":\"2025-12-20T09:58:53+00:00\",\"description\":\"Blog Celergen. Vous trouverez ici des articles int\u00e9ressants sur Celergen Switzerland.\",\"breadcrumb\":{\"@id\":\"https:\\\/\\\/swisscelergen.ch\\\/fr\\\/blog-celergen\\\/#breadcrumb\"},\"inLanguage\":\"fr-FR\",\"potentialAction\":[{\"@type\":\"ReadAction\",\"target\":[\"https:\\\/\\\/swisscelergen.ch\\\/fr\\\/blog-celergen\\\/\"]}]},{\"@type\":\"BreadcrumbList\",\"@id\":\"https:\\\/\\\/swisscelergen.ch\\\/fr\\\/blog-celergen\\\/#breadcrumb\",\"itemListElement\":[{\"@type\":\"ListItem\",\"position\":1,\"name\":\"Startseite\",\"item\":\"https:\\\/\\\/swisscelergen.ch\\\/fr\\\/celergen-zell-therapie\\\/\"},{\"@type\":\"ListItem\",\"position\":2,\"name\":\"Blog Celergen\"}]},{\"@type\":\"WebSite\",\"@id\":\"https:\\\/\\\/swisscelergen.ch\\\/fr\\\/#website\",\"url\":\"https:\\\/\\\/swisscelergen.ch\\\/fr\\\/\",\"name\":\"Swisscelergen\",\"description\":\"Swiss Agency for Health\u200b\",\"publisher\":{\"@id\":\"https:\\\/\\\/swisscelergen.ch\\\/fr\\\/#organization\"},\"potentialAction\":[{\"@type\":\"SearchAction\",\"target\":{\"@type\":\"EntryPoint\",\"urlTemplate\":\"https:\\\/\\\/swisscelergen.ch\\\/fr\\\/?s={search_term_string}\"},\"query-input\":{\"@type\":\"PropertyValueSpecification\",\"valueRequired\":true,\"valueName\":\"search_term_string\"}}],\"inLanguage\":\"fr-FR\"},{\"@type\":\"Organization\",\"@id\":\"https:\\\/\\\/swisscelergen.ch\\\/fr\\\/#organization\",\"name\":\"Tam Plenus GmbH\",\"url\":\"https:\\\/\\\/swisscelergen.ch\\\/fr\\\/\",\"logo\":{\"@type\":\"ImageObject\",\"inLanguage\":\"fr-FR\",\"@id\":\"https:\\\/\\\/swisscelergen.ch\\\/fr\\\/#\\\/schema\\\/logo\\\/image\\\/\",\"url\":\"https:\\\/\\\/swisscelergen.ch\\\/wp-content\\\/uploads\\\/2025\\\/12\\\/Logo_Celergen.png\",\"contentUrl\":\"https:\\\/\\\/swisscelergen.ch\\\/wp-content\\\/uploads\\\/2025\\\/12\\\/Logo_Celergen.png\",\"width\":632,\"height\":101,\"caption\":\"Tam Plenus GmbH\"},\"image\":{\"@id\":\"https:\\\/\\\/swisscelergen.ch\\\/fr\\\/#\\\/schema\\\/logo\\\/image\\\/\"},\"sameAs\":[\"https:\\\/\\\/www.facebook.com\\\/tamplenusgmbh\\\/\",\"https:\\\/\\\/www.instagram.com\\\/tamplenus\\\/\"]}]}<\/script>\n<!-- \/ Yoast SEO plugin. -->","yoast_head_json":{"title":"Blog Celergen - Swisscelergen","description":"Blog Celergen. Vous trouverez ici des articles int\u00e9ressants sur Celergen Switzerland.","robots":{"index":"index","follow":"follow","max-snippet":"max-snippet:-1","max-image-preview":"max-image-preview:large","max-video-preview":"max-video-preview:-1"},"canonical":"https:\/\/swisscelergen.ch\/fr\/blog-celergen\/","og_locale":"fr_FR","og_type":"article","og_title":"Blog Celergen - Swisscelergen","og_description":"Blog Celergen. Vous trouverez ici des articles int\u00e9ressants sur Celergen Switzerland.","og_url":"https:\/\/swisscelergen.ch\/fr\/blog-celergen\/","og_site_name":"Swisscelergen","article_publisher":"https:\/\/www.facebook.com\/tamplenusgmbh\/","article_modified_time":"2025-12-20T09:58:53+00:00","twitter_card":"summary_large_image","schema":{"@context":"https:\/\/schema.org","@graph":[{"@type":"WebPage","@id":"https:\/\/swisscelergen.ch\/fr\/blog-celergen\/","url":"https:\/\/swisscelergen.ch\/fr\/blog-celergen\/","name":"Blog Celergen - Swisscelergen","isPartOf":{"@id":"https:\/\/swisscelergen.ch\/fr\/#website"},"datePublished":"2025-12-19T09:40:21+00:00","dateModified":"2025-12-20T09:58:53+00:00","description":"Blog Celergen. Vous trouverez ici des articles int\u00e9ressants sur Celergen Switzerland.","breadcrumb":{"@id":"https:\/\/swisscelergen.ch\/fr\/blog-celergen\/#breadcrumb"},"inLanguage":"fr-FR","potentialAction":[{"@type":"ReadAction","target":["https:\/\/swisscelergen.ch\/fr\/blog-celergen\/"]}]},{"@type":"BreadcrumbList","@id":"https:\/\/swisscelergen.ch\/fr\/blog-celergen\/#breadcrumb","itemListElement":[{"@type":"ListItem","position":1,"name":"Startseite","item":"https:\/\/swisscelergen.ch\/fr\/celergen-zell-therapie\/"},{"@type":"ListItem","position":2,"name":"Blog Celergen"}]},{"@type":"WebSite","@id":"https:\/\/swisscelergen.ch\/fr\/#website","url":"https:\/\/swisscelergen.ch\/fr\/","name":"Swisscelergen","description":"Swiss Agency for Health\u200b","publisher":{"@id":"https:\/\/swisscelergen.ch\/fr\/#organization"},"potentialAction":[{"@type":"SearchAction","target":{"@type":"EntryPoint","urlTemplate":"https:\/\/swisscelergen.ch\/fr\/?s={search_term_string}"},"query-input":{"@type":"PropertyValueSpecification","valueRequired":true,"valueName":"search_term_string"}}],"inLanguage":"fr-FR"},{"@type":"Organization","@id":"https:\/\/swisscelergen.ch\/fr\/#organization","name":"Tam Plenus GmbH","url":"https:\/\/swisscelergen.ch\/fr\/","logo":{"@type":"ImageObject","inLanguage":"fr-FR","@id":"https:\/\/swisscelergen.ch\/fr\/#\/schema\/logo\/image\/","url":"https:\/\/swisscelergen.ch\/wp-content\/uploads\/2025\/12\/Logo_Celergen.png","contentUrl":"https:\/\/swisscelergen.ch\/wp-content\/uploads\/2025\/12\/Logo_Celergen.png","width":632,"height":101,"caption":"Tam Plenus GmbH"},"image":{"@id":"https:\/\/swisscelergen.ch\/fr\/#\/schema\/logo\/image\/"},"sameAs":["https:\/\/www.facebook.com\/tamplenusgmbh\/","https:\/\/www.instagram.com\/tamplenus\/"]}]}},"jetpack_sharing_enabled":true,"_links":{"self":[{"href":"https:\/\/swisscelergen.ch\/fr\/wp-json\/wp\/v2\/pages\/713","targetHints":{"allow":["GET"]}}],"collection":[{"href":"https:\/\/swisscelergen.ch\/fr\/wp-json\/wp\/v2\/pages"}],"about":[{"href":"https:\/\/swisscelergen.ch\/fr\/wp-json\/wp\/v2\/types\/page"}],"author":[{"embeddable":true,"href":"https:\/\/swisscelergen.ch\/fr\/wp-json\/wp\/v2\/users\/1"}],"replies":[{"embeddable":true,"href":"https:\/\/swisscelergen.ch\/fr\/wp-json\/wp\/v2\/comments?post=713"}],"version-history":[{"count":2,"href":"https:\/\/swisscelergen.ch\/fr\/wp-json\/wp\/v2\/pages\/713\/revisions"}],"predecessor-version":[{"id":960,"href":"https:\/\/swisscelergen.ch\/fr\/wp-json\/wp\/v2\/pages\/713\/revisions\/960"}],"wp:attachment":[{"href":"https:\/\/swisscelergen.ch\/fr\/wp-json\/wp\/v2\/media?parent=713"}],"curies":[{"name":"wp","href":"https:\/\/api.w.org\/{rel}","templated":true}]}}