{"id":3691,"date":"2026-01-05T18:31:08","date_gmt":"2026-01-05T18:31:08","guid":{"rendered":"https:\/\/swisscelergen.ch\/rueckgaben\/"},"modified":"2026-01-20T07:45:52","modified_gmt":"2026-01-20T07:45:52","slug":"rueckgaben","status":"publish","type":"page","link":"https:\/\/swisscelergen.ch\/fr\/rueckgaben\/","title":{"rendered":"Politique de remboursement et de retour"},"content":{"rendered":"\t\t<div data-elementor-type=\"wp-page\" data-elementor-id=\"3691\" class=\"elementor elementor-3691 elementor-3678\" data-elementor-post-type=\"page\">\n\t\t\t\t<div class=\"elementor-element elementor-element-072a0ed e-flex e-con-boxed e-con e-parent\" data-id=\"072a0ed\" data-element_type=\"container\" data-e-type=\"container\">\n\t\t\t\t\t<div class=\"e-con-inner\">\n\t\t\t\t<div class=\"elementor-element elementor-element-97d8103 elementor-widget elementor-widget-heading\" data-id=\"97d8103\" data-element_type=\"widget\" data-e-type=\"widget\" data-widget_type=\"heading.default\">\n\t\t\t\t<div class=\"elementor-widget-container\">\n\t\t\t\t\t<h2 class=\"elementor-heading-title elementor-size-default\">Politique de remboursement et de retour<\/h2>\t\t\t\t<\/div>\n\t\t\t\t<\/div>\n\t\t\t\t<div class=\"elementor-element elementor-element-667f11a elementor-widget elementor-widget-text-editor\" data-id=\"667f11a\" data-element_type=\"widget\" data-e-type=\"widget\" data-widget_type=\"text-editor.default\">\n\t\t\t\t<div class=\"elementor-widget-container\">\n\t\t\t\t\t\t\t\t\t<div class=\"elementor-element elementor-element-0db343f elementor-widget elementor-widget-text-editor\" data-id=\"0db343f\" data-element_type=\"widget\" data-widget_type=\"text-editor.default\"><div class=\"elementor-widget-container\"><p><strong>Produits endommag\u00e9s ou d\u00e9fectueux<\/strong><\/p><p>Nous nous engageons \u00e0 rembourser ou \u00e0 remplacer tout produit endommag\u00e9, d\u00e9fectueux ou pr\u00e9sentant un autre d\u00e9faut. Veuillez v\u00e9rifier tous les produits apr\u00e8s r\u00e9ception et nous informer dans les 5 jours si vous d\u00e9couvrez des produits qui ont \u00e9t\u00e9 endommag\u00e9s pendant le transport ou qui ont \u00e9t\u00e9 livr\u00e9s de mani\u00e8re incorrecte. <\/p><p>Pour organiser un retour ou un remplacement, veuillez envoyer votre d\u00e9claration de r\u00e9tractation par e-mail \u00e0 info@tam-plenus.ch, en joignant volontiers des photos des \u00e9ventuels produits endommag\u00e9s.<\/p><\/div><\/div><div class=\"elementor-element elementor-element-87f3175 elementor-widget elementor-widget-text-editor\" data-id=\"87f3175\" data-element_type=\"widget\" data-widget_type=\"text-editor.default\"><div class=\"elementor-widget-container\"><p><strong>Droit de r\u00e9tractation<\/strong><\/p><p>Vous avez le droit d&rsquo;annuler une commande de produits. Le d\u00e9lai de r\u00e9tractation court jusqu&rsquo;\u00e0 ce que votre produit soit exp\u00e9di\u00e9. Pour exercer votre droit de r\u00e9tractation, vous devez nous le faire savoir en envoyant votre d\u00e9claration de r\u00e9tractation par e-mail \u00e0 info@tam-plenus.ch. Vous pouvez \u00e9galement nous le faire savoir par t\u00e9l\u00e9phone au +41 41 210 08 06.   <\/p><\/div><\/div><div class=\"elementor-element elementor-element-4690f49 elementor-widget elementor-widget-text-editor\" data-id=\"4690f49\" data-element_type=\"widget\" data-widget_type=\"text-editor.default\"><div class=\"elementor-widget-container\"><p><strong>Remboursement<\/strong><\/p><p>Remboursement apr\u00e8s r\u00e9ception du produit retourn\u00e9, dans un d\u00e9lai de 14 jours.<\/p><p>Les remboursements ne sont pas possibles pour les produits suivants : Produits ouverts apr\u00e8s la livraison.  <\/p><\/div><\/div>\t\t\t\t\t\t\t\t<\/div>\n\t\t\t\t<\/div>\n\t\t\t\t\t<\/div>\n\t\t\t\t<\/div>\n\t\t\t\t<\/div>\n\t\t","protected":false},"excerpt":{"rendered":"<p>Politique de remboursement et de retour Produits endommag\u00e9s ou d\u00e9fectueux Nous nous engageons \u00e0 rembourser ou \u00e0 remplacer tout produit endommag\u00e9, d\u00e9fectueux ou pr\u00e9sentant un autre d\u00e9faut. Veuillez v\u00e9rifier tous les produits apr\u00e8s r\u00e9ception et nous informer dans les 5 jours si vous d\u00e9couvrez des produits qui ont \u00e9t\u00e9 endommag\u00e9s pendant le transport ou qui [&hellip;]<\/p>\n","protected":false},"author":1,"featured_media":0,"parent":0,"menu_order":0,"comment_status":"closed","ping_status":"closed","template":"","meta":{"footnotes":""},"class_list":["post-3691","page","type-page","status-publish","hentry"],"yoast_head":"<!-- This site is optimized with the Yoast SEO plugin v27.3 - https:\/\/yoast.com\/product\/yoast-seo-wordpress\/ -->\n<title>Politique de remboursement et de retour - Swisscelergen<\/title>\n<meta name=\"description\" content=\"Politique de remboursements et de retours. Celergen Suisse.\" \/>\n<meta name=\"robots\" content=\"index, nofollow, max-snippet:-1, max-image-preview:large, max-video-preview:-1\" \/>\n<link rel=\"canonical\" href=\"https:\/\/swisscelergen.ch\/fr\/rueckgaben\/\" \/>\n<meta property=\"og:locale\" content=\"fr_FR\" \/>\n<meta property=\"og:type\" content=\"article\" \/>\n<meta property=\"og:title\" content=\"Politique de remboursement et de retour - Swisscelergen\" \/>\n<meta property=\"og:description\" content=\"Politique de remboursements et de retours. Celergen Suisse.\" \/>\n<meta property=\"og:url\" content=\"https:\/\/swisscelergen.ch\/fr\/rueckgaben\/\" \/>\n<meta property=\"og:site_name\" content=\"Swisscelergen\" \/>\n<meta property=\"article:publisher\" content=\"https:\/\/www.facebook.com\/tamplenusgmbh\/\" \/>\n<meta property=\"article:modified_time\" content=\"2026-01-20T07:45:52+00:00\" \/>\n<meta name=\"twitter:card\" content=\"summary_large_image\" \/>\n<meta name=\"twitter:label1\" content=\"Dur\u00e9e de lecture estim\u00e9e\" \/>\n\t<meta name=\"twitter:data1\" content=\"1 minute\" \/>\n<script type=\"application\/ld+json\" class=\"yoast-schema-graph\">{\"@context\":\"https:\\\/\\\/schema.org\",\"@graph\":[{\"@type\":\"WebPage\",\"@id\":\"https:\\\/\\\/swisscelergen.ch\\\/fr\\\/rueckgaben\\\/\",\"url\":\"https:\\\/\\\/swisscelergen.ch\\\/fr\\\/rueckgaben\\\/\",\"name\":\"Politique de remboursement et de retour - Swisscelergen\",\"isPartOf\":{\"@id\":\"https:\\\/\\\/swisscelergen.ch\\\/fr\\\/#website\"},\"datePublished\":\"2026-01-05T18:31:08+00:00\",\"dateModified\":\"2026-01-20T07:45:52+00:00\",\"description\":\"Politique de remboursements et de retours. Celergen Suisse.\",\"breadcrumb\":{\"@id\":\"https:\\\/\\\/swisscelergen.ch\\\/fr\\\/rueckgaben\\\/#breadcrumb\"},\"inLanguage\":\"fr-FR\",\"potentialAction\":[{\"@type\":\"ReadAction\",\"target\":[\"https:\\\/\\\/swisscelergen.ch\\\/fr\\\/rueckgaben\\\/\"]}]},{\"@type\":\"BreadcrumbList\",\"@id\":\"https:\\\/\\\/swisscelergen.ch\\\/fr\\\/rueckgaben\\\/#breadcrumb\",\"itemListElement\":[{\"@type\":\"ListItem\",\"position\":1,\"name\":\"Startseite\",\"item\":\"https:\\\/\\\/swisscelergen.ch\\\/fr\\\/celergen-zell-therapie\\\/\"},{\"@type\":\"ListItem\",\"position\":2,\"name\":\"Politique de remboursement et de retour\"}]},{\"@type\":\"WebSite\",\"@id\":\"https:\\\/\\\/swisscelergen.ch\\\/fr\\\/#website\",\"url\":\"https:\\\/\\\/swisscelergen.ch\\\/fr\\\/\",\"name\":\"Swisscelergen\",\"description\":\"Swiss Agency for Health\u200b\",\"publisher\":{\"@id\":\"https:\\\/\\\/swisscelergen.ch\\\/fr\\\/#organization\"},\"potentialAction\":[{\"@type\":\"SearchAction\",\"target\":{\"@type\":\"EntryPoint\",\"urlTemplate\":\"https:\\\/\\\/swisscelergen.ch\\\/fr\\\/?s={search_term_string}\"},\"query-input\":{\"@type\":\"PropertyValueSpecification\",\"valueRequired\":true,\"valueName\":\"search_term_string\"}}],\"inLanguage\":\"fr-FR\"},{\"@type\":\"Organization\",\"@id\":\"https:\\\/\\\/swisscelergen.ch\\\/fr\\\/#organization\",\"name\":\"Tam Plenus GmbH\",\"url\":\"https:\\\/\\\/swisscelergen.ch\\\/fr\\\/\",\"logo\":{\"@type\":\"ImageObject\",\"inLanguage\":\"fr-FR\",\"@id\":\"https:\\\/\\\/swisscelergen.ch\\\/fr\\\/#\\\/schema\\\/logo\\\/image\\\/\",\"url\":\"https:\\\/\\\/swisscelergen.ch\\\/wp-content\\\/uploads\\\/2025\\\/12\\\/Logo_Celergen.png\",\"contentUrl\":\"https:\\\/\\\/swisscelergen.ch\\\/wp-content\\\/uploads\\\/2025\\\/12\\\/Logo_Celergen.png\",\"width\":632,\"height\":101,\"caption\":\"Tam Plenus GmbH\"},\"image\":{\"@id\":\"https:\\\/\\\/swisscelergen.ch\\\/fr\\\/#\\\/schema\\\/logo\\\/image\\\/\"},\"sameAs\":[\"https:\\\/\\\/www.facebook.com\\\/tamplenusgmbh\\\/\",\"https:\\\/\\\/www.instagram.com\\\/tamplenus\\\/\"]}]}<\/script>\n<!-- \/ Yoast SEO plugin. -->","yoast_head_json":{"title":"Politique de remboursement et de retour - Swisscelergen","description":"Politique de remboursements et de retours. Celergen Suisse.","robots":{"index":"index","follow":"nofollow","max-snippet":"max-snippet:-1","max-image-preview":"max-image-preview:large","max-video-preview":"max-video-preview:-1"},"canonical":"https:\/\/swisscelergen.ch\/fr\/rueckgaben\/","og_locale":"fr_FR","og_type":"article","og_title":"Politique de remboursement et de retour - Swisscelergen","og_description":"Politique de remboursements et de retours. Celergen Suisse.","og_url":"https:\/\/swisscelergen.ch\/fr\/rueckgaben\/","og_site_name":"Swisscelergen","article_publisher":"https:\/\/www.facebook.com\/tamplenusgmbh\/","article_modified_time":"2026-01-20T07:45:52+00:00","twitter_card":"summary_large_image","twitter_misc":{"Dur\u00e9e de lecture estim\u00e9e":"1 minute"},"schema":{"@context":"https:\/\/schema.org","@graph":[{"@type":"WebPage","@id":"https:\/\/swisscelergen.ch\/fr\/rueckgaben\/","url":"https:\/\/swisscelergen.ch\/fr\/rueckgaben\/","name":"Politique de remboursement et de retour - Swisscelergen","isPartOf":{"@id":"https:\/\/swisscelergen.ch\/fr\/#website"},"datePublished":"2026-01-05T18:31:08+00:00","dateModified":"2026-01-20T07:45:52+00:00","description":"Politique de remboursements et de retours. Celergen Suisse.","breadcrumb":{"@id":"https:\/\/swisscelergen.ch\/fr\/rueckgaben\/#breadcrumb"},"inLanguage":"fr-FR","potentialAction":[{"@type":"ReadAction","target":["https:\/\/swisscelergen.ch\/fr\/rueckgaben\/"]}]},{"@type":"BreadcrumbList","@id":"https:\/\/swisscelergen.ch\/fr\/rueckgaben\/#breadcrumb","itemListElement":[{"@type":"ListItem","position":1,"name":"Startseite","item":"https:\/\/swisscelergen.ch\/fr\/celergen-zell-therapie\/"},{"@type":"ListItem","position":2,"name":"Politique de remboursement et de retour"}]},{"@type":"WebSite","@id":"https:\/\/swisscelergen.ch\/fr\/#website","url":"https:\/\/swisscelergen.ch\/fr\/","name":"Swisscelergen","description":"Swiss Agency for Health\u200b","publisher":{"@id":"https:\/\/swisscelergen.ch\/fr\/#organization"},"potentialAction":[{"@type":"SearchAction","target":{"@type":"EntryPoint","urlTemplate":"https:\/\/swisscelergen.ch\/fr\/?s={search_term_string}"},"query-input":{"@type":"PropertyValueSpecification","valueRequired":true,"valueName":"search_term_string"}}],"inLanguage":"fr-FR"},{"@type":"Organization","@id":"https:\/\/swisscelergen.ch\/fr\/#organization","name":"Tam Plenus GmbH","url":"https:\/\/swisscelergen.ch\/fr\/","logo":{"@type":"ImageObject","inLanguage":"fr-FR","@id":"https:\/\/swisscelergen.ch\/fr\/#\/schema\/logo\/image\/","url":"https:\/\/swisscelergen.ch\/wp-content\/uploads\/2025\/12\/Logo_Celergen.png","contentUrl":"https:\/\/swisscelergen.ch\/wp-content\/uploads\/2025\/12\/Logo_Celergen.png","width":632,"height":101,"caption":"Tam Plenus GmbH"},"image":{"@id":"https:\/\/swisscelergen.ch\/fr\/#\/schema\/logo\/image\/"},"sameAs":["https:\/\/www.facebook.com\/tamplenusgmbh\/","https:\/\/www.instagram.com\/tamplenus\/"]}]}},"jetpack_sharing_enabled":true,"_links":{"self":[{"href":"https:\/\/swisscelergen.ch\/fr\/wp-json\/wp\/v2\/pages\/3691","targetHints":{"allow":["GET"]}}],"collection":[{"href":"https:\/\/swisscelergen.ch\/fr\/wp-json\/wp\/v2\/pages"}],"about":[{"href":"https:\/\/swisscelergen.ch\/fr\/wp-json\/wp\/v2\/types\/page"}],"author":[{"embeddable":true,"href":"https:\/\/swisscelergen.ch\/fr\/wp-json\/wp\/v2\/users\/1"}],"replies":[{"embeddable":true,"href":"https:\/\/swisscelergen.ch\/fr\/wp-json\/wp\/v2\/comments?post=3691"}],"version-history":[{"count":1,"href":"https:\/\/swisscelergen.ch\/fr\/wp-json\/wp\/v2\/pages\/3691\/revisions"}],"predecessor-version":[{"id":3692,"href":"https:\/\/swisscelergen.ch\/fr\/wp-json\/wp\/v2\/pages\/3691\/revisions\/3692"}],"wp:attachment":[{"href":"https:\/\/swisscelergen.ch\/fr\/wp-json\/wp\/v2\/media?parent=3691"}],"curies":[{"name":"wp","href":"https:\/\/api.w.org\/{rel}","templated":true}]}}