{"id":3386,"date":"2026-01-01T19:59:33","date_gmt":"2026-01-01T19:59:33","guid":{"rendered":"https:\/\/swisscelergen.ch\/unternehmensprofil\/"},"modified":"2026-01-20T07:52:57","modified_gmt":"2026-01-20T07:52:57","slug":"unternehmensprofil","status":"publish","type":"page","link":"https:\/\/swisscelergen.ch\/fr\/unternehmensprofil\/","title":{"rendered":"Profil de l&rsquo;entreprise"},"content":{"rendered":"\t\t<div data-elementor-type=\"wp-page\" data-elementor-id=\"3386\" class=\"elementor elementor-3386 elementor-3367\" data-elementor-post-type=\"page\">\n\t\t\t\t<div class=\"elementor-element elementor-element-198dd40 e-flex e-con-boxed e-con e-parent\" data-id=\"198dd40\" data-element_type=\"container\" data-e-type=\"container\">\n\t\t\t\t\t<div class=\"e-con-inner\">\n\t\t\t\t<div class=\"elementor-element elementor-element-f286f7a elementor-widget elementor-widget-heading\" data-id=\"f286f7a\" data-element_type=\"widget\" data-e-type=\"widget\" data-widget_type=\"heading.default\">\n\t\t\t\t<div class=\"elementor-widget-container\">\n\t\t\t\t\t<h2 class=\"elementor-heading-title elementor-size-default\">Profil de l'entreprise Tam Plenus GmbH<\/h2>\t\t\t\t<\/div>\n\t\t\t\t<\/div>\n\t\t\t\t<div class=\"elementor-element elementor-element-d14b767 elementor-widget elementor-widget-text-editor\" data-id=\"d14b767\" data-element_type=\"widget\" data-e-type=\"widget\" data-widget_type=\"text-editor.default\">\n\t\t\t\t<div class=\"elementor-widget-container\">\n\t\t\t\t\t\t\t\t\t<p><strong>\u00c0 propos de nous :<\/strong> Tam Plenus GmbH est une entreprise innovante et dynamique en pleine croissance dans le domaine des compl\u00e9ments alimentaires. Depuis notre cr\u00e9ation en 2018, nous nous sommes impos\u00e9s comme un partenaire de confiance pour la sant\u00e9 et le bien-\u00eatre. Notre objectif est d&rsquo;am\u00e9liorer durablement la sant\u00e9 de nos clients gr\u00e2ce \u00e0 des produits de haute qualit\u00e9.  <\/p><p><strong>Notre mission :<\/strong> Tam Plenus GmbH a pour objectif d&rsquo;enrichir la vie des gens gr\u00e2ce \u00e0 des compl\u00e9ments alimentaires naturels et efficaces. Nous nous appuyons sur des formules scientifiquement fond\u00e9es, des ingr\u00e9dients de qualit\u00e9 et une production durable pour garantir une qualit\u00e9 et une efficacit\u00e9 maximales. <\/p><p><strong>Portefeuille de produits :<\/strong> Notre large gamme comprend des compl\u00e9ments alimentaires sp\u00e9cialis\u00e9s dans le domaine de la sant\u00e9 cellulaire, de la pr\u00e9vention, de la long\u00e9vit\u00e9 ainsi que de la beaut\u00e9 de l&rsquo;int\u00e9rieur, pour diff\u00e9rents besoins et \u00e9tapes de la vie.<\/p><ul><li>Mati\u00e8res premi\u00e8res de haute qualit\u00e9<\/li><li>Des processus de production durables et respectueux de l&rsquo;environnement<\/li><li>D\u00e9claration transparente et claire des ingr\u00e9dients<\/li><\/ul><p><strong><br>La recherche et le d\u00e9veloppement :<\/strong> L&rsquo;innovation est au c\u0153ur de notre travail. Notre \u00e9quipe exp\u00e9riment\u00e9e de scientifiques et d&rsquo;experts d\u00e9veloppe en permanence de nouveaux produits et optimise les formulations existantes. Nous travaillons en \u00e9troite collaboration avec des instituts de recherche et des universit\u00e9s renomm\u00e9s afin d&rsquo;int\u00e9grer les derni\u00e8res d\u00e9couvertes scientifiques dans nos produits.  <\/p><p><strong>Promesse de qualit\u00e9 :<\/strong> la qualit\u00e9 est notre priorit\u00e9 absolue. Nous soumettons nos produits \u00e0 des contr\u00f4les de qualit\u00e9 stricts et \u00e0 des tests ind\u00e9pendants. La production respecte les normes les plus strictes et est certifi\u00e9e IFS et GMP (Good Manufacturing Practice).  <\/p><p><strong>Carri\u00e8re chez Tam Plenus GmbH :<\/strong> nous offrons un environnement de travail inspirant avec de nombreuses possibilit\u00e9s de d\u00e9veloppement. Chez nous, vous trouverez des hi\u00e9rarchies plates, une \u00e9quipe motiv\u00e9e et la possibilit\u00e9 d&rsquo;apporter activement vos id\u00e9es. Rejoignez notre mission d&rsquo;am\u00e9liorer la sant\u00e9 et la qualit\u00e9 de vie des gens !  <\/p>\t\t\t\t\t\t\t\t<\/div>\n\t\t\t\t<\/div>\n\t\t\t\t\t<\/div>\n\t\t\t\t<\/div>\n\t\t\t\t<\/div>\n\t\t","protected":false},"excerpt":{"rendered":"<p>Profil de l&rsquo;entreprise Tam Plenus GmbH \u00c0 propos de nous : Tam Plenus GmbH est une entreprise innovante et dynamique en pleine croissance dans le domaine des compl\u00e9ments alimentaires. Depuis notre cr\u00e9ation en 2018, nous nous sommes impos\u00e9s comme un partenaire de confiance pour la sant\u00e9 et le bien-\u00eatre. Notre objectif est d&rsquo;am\u00e9liorer durablement la [&hellip;]<\/p>\n","protected":false},"author":1,"featured_media":0,"parent":0,"menu_order":0,"comment_status":"closed","ping_status":"closed","template":"","meta":{"footnotes":""},"class_list":["post-3386","page","type-page","status-publish","hentry"],"yoast_head":"<!-- This site is optimized with the Yoast SEO plugin v27.3 - https:\/\/yoast.com\/product\/yoast-seo-wordpress\/ -->\n<title>Profil de l&#039;entreprise - Swisscelergen<\/title>\n<meta name=\"description\" content=\"Profil de l&#039;entreprise Tam Plenus GmbH\" \/>\n<meta name=\"robots\" content=\"index, nofollow, max-snippet:-1, max-image-preview:large, max-video-preview:-1\" \/>\n<link rel=\"canonical\" href=\"https:\/\/swisscelergen.ch\/fr\/unternehmensprofil\/\" \/>\n<meta property=\"og:locale\" content=\"fr_FR\" \/>\n<meta property=\"og:type\" content=\"article\" \/>\n<meta property=\"og:title\" content=\"Profil de l&#039;entreprise - Swisscelergen\" \/>\n<meta property=\"og:description\" content=\"Profil de l&#039;entreprise Tam Plenus GmbH\" \/>\n<meta property=\"og:url\" content=\"https:\/\/swisscelergen.ch\/fr\/unternehmensprofil\/\" \/>\n<meta property=\"og:site_name\" content=\"Swisscelergen\" \/>\n<meta property=\"article:publisher\" content=\"https:\/\/www.facebook.com\/tamplenusgmbh\/\" \/>\n<meta property=\"article:modified_time\" content=\"2026-01-20T07:52:57+00:00\" \/>\n<meta name=\"twitter:card\" content=\"summary_large_image\" \/>\n<meta name=\"twitter:label1\" content=\"Dur\u00e9e de lecture estim\u00e9e\" \/>\n\t<meta name=\"twitter:data1\" content=\"2 minutes\" \/>\n<script type=\"application\/ld+json\" class=\"yoast-schema-graph\">{\"@context\":\"https:\\\/\\\/schema.org\",\"@graph\":[{\"@type\":\"WebPage\",\"@id\":\"https:\\\/\\\/swisscelergen.ch\\\/fr\\\/unternehmensprofil\\\/\",\"url\":\"https:\\\/\\\/swisscelergen.ch\\\/fr\\\/unternehmensprofil\\\/\",\"name\":\"Profil de l'entreprise - Swisscelergen\",\"isPartOf\":{\"@id\":\"https:\\\/\\\/swisscelergen.ch\\\/fr\\\/#website\"},\"datePublished\":\"2026-01-01T19:59:33+00:00\",\"dateModified\":\"2026-01-20T07:52:57+00:00\",\"description\":\"Profil de l'entreprise Tam Plenus GmbH\",\"breadcrumb\":{\"@id\":\"https:\\\/\\\/swisscelergen.ch\\\/fr\\\/unternehmensprofil\\\/#breadcrumb\"},\"inLanguage\":\"fr-FR\",\"potentialAction\":[{\"@type\":\"ReadAction\",\"target\":[\"https:\\\/\\\/swisscelergen.ch\\\/fr\\\/unternehmensprofil\\\/\"]}]},{\"@type\":\"BreadcrumbList\",\"@id\":\"https:\\\/\\\/swisscelergen.ch\\\/fr\\\/unternehmensprofil\\\/#breadcrumb\",\"itemListElement\":[{\"@type\":\"ListItem\",\"position\":1,\"name\":\"Startseite\",\"item\":\"https:\\\/\\\/swisscelergen.ch\\\/fr\\\/celergen-zell-therapie\\\/\"},{\"@type\":\"ListItem\",\"position\":2,\"name\":\"Profil de l&#8217;entreprise\"}]},{\"@type\":\"WebSite\",\"@id\":\"https:\\\/\\\/swisscelergen.ch\\\/fr\\\/#website\",\"url\":\"https:\\\/\\\/swisscelergen.ch\\\/fr\\\/\",\"name\":\"Swisscelergen\",\"description\":\"Swiss Agency for Health\u200b\",\"publisher\":{\"@id\":\"https:\\\/\\\/swisscelergen.ch\\\/fr\\\/#organization\"},\"potentialAction\":[{\"@type\":\"SearchAction\",\"target\":{\"@type\":\"EntryPoint\",\"urlTemplate\":\"https:\\\/\\\/swisscelergen.ch\\\/fr\\\/?s={search_term_string}\"},\"query-input\":{\"@type\":\"PropertyValueSpecification\",\"valueRequired\":true,\"valueName\":\"search_term_string\"}}],\"inLanguage\":\"fr-FR\"},{\"@type\":\"Organization\",\"@id\":\"https:\\\/\\\/swisscelergen.ch\\\/fr\\\/#organization\",\"name\":\"Tam Plenus GmbH\",\"url\":\"https:\\\/\\\/swisscelergen.ch\\\/fr\\\/\",\"logo\":{\"@type\":\"ImageObject\",\"inLanguage\":\"fr-FR\",\"@id\":\"https:\\\/\\\/swisscelergen.ch\\\/fr\\\/#\\\/schema\\\/logo\\\/image\\\/\",\"url\":\"https:\\\/\\\/swisscelergen.ch\\\/wp-content\\\/uploads\\\/2025\\\/12\\\/Logo_Celergen.png\",\"contentUrl\":\"https:\\\/\\\/swisscelergen.ch\\\/wp-content\\\/uploads\\\/2025\\\/12\\\/Logo_Celergen.png\",\"width\":632,\"height\":101,\"caption\":\"Tam Plenus GmbH\"},\"image\":{\"@id\":\"https:\\\/\\\/swisscelergen.ch\\\/fr\\\/#\\\/schema\\\/logo\\\/image\\\/\"},\"sameAs\":[\"https:\\\/\\\/www.facebook.com\\\/tamplenusgmbh\\\/\",\"https:\\\/\\\/www.instagram.com\\\/tamplenus\\\/\"]}]}<\/script>\n<!-- \/ Yoast SEO plugin. -->","yoast_head_json":{"title":"Profil de l'entreprise - Swisscelergen","description":"Profil de l'entreprise Tam Plenus GmbH","robots":{"index":"index","follow":"nofollow","max-snippet":"max-snippet:-1","max-image-preview":"max-image-preview:large","max-video-preview":"max-video-preview:-1"},"canonical":"https:\/\/swisscelergen.ch\/fr\/unternehmensprofil\/","og_locale":"fr_FR","og_type":"article","og_title":"Profil de l'entreprise - Swisscelergen","og_description":"Profil de l'entreprise Tam Plenus GmbH","og_url":"https:\/\/swisscelergen.ch\/fr\/unternehmensprofil\/","og_site_name":"Swisscelergen","article_publisher":"https:\/\/www.facebook.com\/tamplenusgmbh\/","article_modified_time":"2026-01-20T07:52:57+00:00","twitter_card":"summary_large_image","twitter_misc":{"Dur\u00e9e de lecture estim\u00e9e":"2 minutes"},"schema":{"@context":"https:\/\/schema.org","@graph":[{"@type":"WebPage","@id":"https:\/\/swisscelergen.ch\/fr\/unternehmensprofil\/","url":"https:\/\/swisscelergen.ch\/fr\/unternehmensprofil\/","name":"Profil de l'entreprise - Swisscelergen","isPartOf":{"@id":"https:\/\/swisscelergen.ch\/fr\/#website"},"datePublished":"2026-01-01T19:59:33+00:00","dateModified":"2026-01-20T07:52:57+00:00","description":"Profil de l'entreprise Tam Plenus GmbH","breadcrumb":{"@id":"https:\/\/swisscelergen.ch\/fr\/unternehmensprofil\/#breadcrumb"},"inLanguage":"fr-FR","potentialAction":[{"@type":"ReadAction","target":["https:\/\/swisscelergen.ch\/fr\/unternehmensprofil\/"]}]},{"@type":"BreadcrumbList","@id":"https:\/\/swisscelergen.ch\/fr\/unternehmensprofil\/#breadcrumb","itemListElement":[{"@type":"ListItem","position":1,"name":"Startseite","item":"https:\/\/swisscelergen.ch\/fr\/celergen-zell-therapie\/"},{"@type":"ListItem","position":2,"name":"Profil de l&#8217;entreprise"}]},{"@type":"WebSite","@id":"https:\/\/swisscelergen.ch\/fr\/#website","url":"https:\/\/swisscelergen.ch\/fr\/","name":"Swisscelergen","description":"Swiss Agency for Health\u200b","publisher":{"@id":"https:\/\/swisscelergen.ch\/fr\/#organization"},"potentialAction":[{"@type":"SearchAction","target":{"@type":"EntryPoint","urlTemplate":"https:\/\/swisscelergen.ch\/fr\/?s={search_term_string}"},"query-input":{"@type":"PropertyValueSpecification","valueRequired":true,"valueName":"search_term_string"}}],"inLanguage":"fr-FR"},{"@type":"Organization","@id":"https:\/\/swisscelergen.ch\/fr\/#organization","name":"Tam Plenus GmbH","url":"https:\/\/swisscelergen.ch\/fr\/","logo":{"@type":"ImageObject","inLanguage":"fr-FR","@id":"https:\/\/swisscelergen.ch\/fr\/#\/schema\/logo\/image\/","url":"https:\/\/swisscelergen.ch\/wp-content\/uploads\/2025\/12\/Logo_Celergen.png","contentUrl":"https:\/\/swisscelergen.ch\/wp-content\/uploads\/2025\/12\/Logo_Celergen.png","width":632,"height":101,"caption":"Tam Plenus GmbH"},"image":{"@id":"https:\/\/swisscelergen.ch\/fr\/#\/schema\/logo\/image\/"},"sameAs":["https:\/\/www.facebook.com\/tamplenusgmbh\/","https:\/\/www.instagram.com\/tamplenus\/"]}]}},"jetpack_sharing_enabled":true,"_links":{"self":[{"href":"https:\/\/swisscelergen.ch\/fr\/wp-json\/wp\/v2\/pages\/3386","targetHints":{"allow":["GET"]}}],"collection":[{"href":"https:\/\/swisscelergen.ch\/fr\/wp-json\/wp\/v2\/pages"}],"about":[{"href":"https:\/\/swisscelergen.ch\/fr\/wp-json\/wp\/v2\/types\/page"}],"author":[{"embeddable":true,"href":"https:\/\/swisscelergen.ch\/fr\/wp-json\/wp\/v2\/users\/1"}],"replies":[{"embeddable":true,"href":"https:\/\/swisscelergen.ch\/fr\/wp-json\/wp\/v2\/comments?post=3386"}],"version-history":[{"count":1,"href":"https:\/\/swisscelergen.ch\/fr\/wp-json\/wp\/v2\/pages\/3386\/revisions"}],"predecessor-version":[{"id":3387,"href":"https:\/\/swisscelergen.ch\/fr\/wp-json\/wp\/v2\/pages\/3386\/revisions\/3387"}],"wp:attachment":[{"href":"https:\/\/swisscelergen.ch\/fr\/wp-json\/wp\/v2\/media?parent=3386"}],"curies":[{"name":"wp","href":"https:\/\/api.w.org\/{rel}","templated":true}]}}