{"id":605,"date":"2025-11-16T17:31:58","date_gmt":"2025-11-16T17:31:58","guid":{"rendered":"https:\/\/swisscelergen.ch\/swisscelergen\/?post_type=product&#038;p=605"},"modified":"2026-02-16T12:16:09","modified_gmt":"2026-02-16T12:16:09","slug":"celergen-kombi-3","status":"publish","type":"product","link":"https:\/\/swisscelergen.ch\/de\/produkt\/celergen-kombi-3\/","title":{"rendered":"Celergen <br>3 Monats Kombi-Kur"},"content":{"rendered":"<h1>Celergen Kombi-Kur<br \/>\n3 Monate Vorrat<\/h1>\n<p>3 Packungen Celergen Kapseln &amp; 2 Celergen Serum Royale<\/p>\n<h2>Celergen Anti-Aging-Erg\u00e4nzung<\/h2>\n<h4>Celergen Capsules stimuliert die nat\u00fcrlichen Heilkr\u00e4fte des menschlichen K\u00f6rpers<\/h4>\n<p>Celergen Anti Aging Therapy ist die erste orale Therapie, die auf die Zellerneuerung und -stimulation einwirkt, um den Alterungsprozess zu verz\u00f6gern und zu bremsen. Es unterst\u00fctzt die k\u00f6rpereigenen Heilungsprozesse und f\u00f6rdert Energie, Vitalit\u00e4t und Wohlbefinden. Dieser Erneuerungs- und Revitalisierungsprozess ist wesentlich, um unsere Organe und das K\u00f6rpergewebe in optimaler Gesundheit zu halten. Gesch\u00e4digte und tote Zellen werden effektiv und effizient repariert und ersetzt.<\/p>\n<h4>Celergen Serum Royale regeneriert und energetisiert Ihre Haut wie nie zuvor<\/h4>\n<p>Das Swiss BIO DNA Cellular Regeneration Serum von Celergen ist eine leistungsstarke, n\u00e4hrstoffreiche Formel, die Ihre Haut ver\u00e4ndert, indem sie Feuchtigkeit, Festigkeit, Falten, Elastizit\u00e4t, Linien und Altersflecken sichtbar verbessert. Unsere propriet\u00e4re Formel repariert und erneuert auf zellul\u00e4rer Ebene, steigert die nat\u00fcrliche Kollagensynthese und hemmt den Alterungsprozess dort, wo er beginnt.<\/p>\n<h2>WIE WIRKEN CELERGEN ANTI-AGING-PR\u00c4PARATE?<\/h2>\n<h3>F\u00f6rdert die nat\u00fcrliche Kollagensynthese und kehrt den Alterungsprozess dort um, wo er beginnt<\/h3>\n<p>Moderne Zelltherapie gegen den biologischen Alterungsprozess. Der menschliche K\u00f6rper enth\u00e4lt etwa 10 Billionen Zellen, die nach der Empf\u00e4ngnis aus einer einzigen Zelle durch mehrere Teilungszyklen entstehen. Dieser Erneuerungsprozess setzt sich das ganze Leben lang fort, indem alte und schwache Zellen durch neue ersetzt werden. Bei gesunden Menschen findet die Teilung der Zellen regelm\u00e4\u00dfig statt. Wenn wir jedoch \u00e4lter werden, verlangsamt sich dieser Prozess.<\/p>\n<p>Stress, Umweltverschmutzung, Umwelteinfl\u00fcsse und ein ungesunder Lebensstil unterdr\u00fccken diesen Erneuerungsprozess noch mehr. Infolgedessen wird die biologische Uhr der Natur gest\u00f6rt, was zu Fehlfunktionen unserer Gewebematrix, der Organe und des Immunsystems f\u00fchrt. Modern Cell Therapy verbessert diesen Zellerneuerungsprozess und stimuliert die k\u00f6rpereigenen Heilungs- und Revitalisierungskr\u00e4fte von besch\u00e4digten und abgestorbenen Zellen.<\/p>\n","protected":false},"excerpt":{"rendered":"<p>Es ist klinisch erwiesen, dass die Celergen Cell Nutrition Therapy die nat\u00fcrliche F\u00e4higkeit Ihres K\u00f6rpers, sich selbst zu heilen und zu revitalisieren, stark stimuliert. Unsere nicht injizierbare Zelltherapie-Behandlung l\u00f6st die Verj\u00fcngung der einzelnen Zellen aus. Dieser Erneuerungsprozess ist von entscheidender Bedeutung, um die Gewebe und Organe des K\u00f6rpers in optimaler Gesundheit zu halten. Durch die Reparatur und den Ersatz abgestorbener und gesch\u00e4digter Zellen hilft Celergen, den Alterungsprozess zu bek\u00e4mpfen, indem es die Jugend verl\u00e4ngert und die Energie und Vitalit\u00e4t steigert.<\/p>\n","protected":false},"featured_media":619,"template":"","meta":[],"product_brand":[],"product_cat":[31],"product_tag":[72],"class_list":{"0":"post-605","1":"product","2":"type-product","3":"status-publish","4":"has-post-thumbnail","6":"product_cat-beauty","7":"product_tag-celergen-kombi-3","9":"first","10":"instock","11":"sale","12":"taxable","13":"shipping-taxable","14":"purchasable","15":"product-type-simple"},"yoast_head":"<!-- This site is optimized with the Yoast SEO plugin v27.3 - https:\/\/yoast.com\/product\/yoast-seo-wordpress\/ -->\n<title>Celergen 3 Monats Kombi-Kur<\/title>\n<meta name=\"description\" content=\"Celergen Anti Aging. Celergen 3 Monats Kombi - 5%. Celergen Capsules und Celergen Serum Royale, stimuliert die nat\u00fcrlichen Heilkr\u00e4fte des menschlichen K\u00f6rpers\" \/>\n<meta name=\"robots\" content=\"index, follow, max-snippet:-1, max-image-preview:large, max-video-preview:-1\" \/>\n<link rel=\"canonical\" href=\"https:\/\/swisscelergen.ch\/de\/produkt\/celergen-kombi-3\/\" \/>\n<meta property=\"og:locale\" content=\"de_DE\" \/>\n<meta property=\"og:type\" content=\"article\" \/>\n<meta property=\"og:title\" content=\"Celergen 3 Monats Kombi-Kur\" \/>\n<meta property=\"og:description\" content=\"Celergen Anti Aging. Celergen 3 Monats Kombi - 5%. Celergen Capsules und Celergen Serum Royale, stimuliert die nat\u00fcrlichen Heilkr\u00e4fte des menschlichen K\u00f6rpers\" \/>\n<meta property=\"og:url\" content=\"https:\/\/swisscelergen.ch\/de\/produkt\/celergen-kombi-3\/\" \/>\n<meta property=\"og:site_name\" content=\"Swisscelergen\" \/>\n<meta property=\"article:publisher\" content=\"https:\/\/www.facebook.com\/tamplenusgmbh\/\" \/>\n<meta property=\"article:modified_time\" content=\"2026-02-16T12:16:09+00:00\" \/>\n<meta property=\"og:image\" content=\"https:\/\/swisscelergen.ch\/wp-content\/uploads\/2025\/11\/Celergen-3-Monatas-Packet.jpg\" \/>\n\t<meta property=\"og:image:width\" content=\"600\" \/>\n\t<meta property=\"og:image:height\" content=\"600\" \/>\n\t<meta property=\"og:image:type\" content=\"image\/jpeg\" \/>\n<meta name=\"twitter:card\" content=\"summary_large_image\" \/>\n<meta name=\"twitter:label1\" content=\"Gesch\u00e4tzte Lesezeit\" \/>\n\t<meta name=\"twitter:data1\" content=\"2\u00a0Minuten\" \/>\n<script type=\"application\/ld+json\" class=\"yoast-schema-graph\">{\"@context\":\"https:\\\/\\\/schema.org\",\"@graph\":[{\"@type\":\"WebPage\",\"@id\":\"https:\\\/\\\/swisscelergen.ch\\\/de\\\/produkt\\\/celergen-kombi-3\\\/\",\"url\":\"https:\\\/\\\/swisscelergen.ch\\\/de\\\/produkt\\\/celergen-kombi-3\\\/\",\"name\":\"Celergen 3 Monats Kombi-Kur\",\"isPartOf\":{\"@id\":\"https:\\\/\\\/swisscelergen.ch\\\/de\\\/#website\"},\"primaryImageOfPage\":{\"@id\":\"https:\\\/\\\/swisscelergen.ch\\\/de\\\/produkt\\\/celergen-kombi-3\\\/#primaryimage\"},\"image\":{\"@id\":\"https:\\\/\\\/swisscelergen.ch\\\/de\\\/produkt\\\/celergen-kombi-3\\\/#primaryimage\"},\"thumbnailUrl\":\"https:\\\/\\\/swisscelergen.ch\\\/wp-content\\\/uploads\\\/2025\\\/11\\\/Celergen-3-Monatas-Packet.jpg\",\"datePublished\":\"2025-11-16T17:31:58+00:00\",\"dateModified\":\"2026-02-16T12:16:09+00:00\",\"description\":\"Celergen Anti Aging. Celergen 3 Monats Kombi - 5%. Celergen Capsules und Celergen Serum Royale, stimuliert die nat\u00fcrlichen Heilkr\u00e4fte des menschlichen K\u00f6rpers\",\"breadcrumb\":{\"@id\":\"https:\\\/\\\/swisscelergen.ch\\\/de\\\/produkt\\\/celergen-kombi-3\\\/#breadcrumb\"},\"inLanguage\":\"de\",\"potentialAction\":[{\"@type\":\"ReadAction\",\"target\":[\"https:\\\/\\\/swisscelergen.ch\\\/de\\\/produkt\\\/celergen-kombi-3\\\/\"]}]},{\"@type\":\"ImageObject\",\"inLanguage\":\"de\",\"@id\":\"https:\\\/\\\/swisscelergen.ch\\\/de\\\/produkt\\\/celergen-kombi-3\\\/#primaryimage\",\"url\":\"https:\\\/\\\/swisscelergen.ch\\\/wp-content\\\/uploads\\\/2025\\\/11\\\/Celergen-3-Monatas-Packet.jpg\",\"contentUrl\":\"https:\\\/\\\/swisscelergen.ch\\\/wp-content\\\/uploads\\\/2025\\\/11\\\/Celergen-3-Monatas-Packet.jpg\",\"width\":600,\"height\":600,\"caption\":\"Celergen Gruppe\"},{\"@type\":\"BreadcrumbList\",\"@id\":\"https:\\\/\\\/swisscelergen.ch\\\/de\\\/produkt\\\/celergen-kombi-3\\\/#breadcrumb\",\"itemListElement\":[{\"@type\":\"ListItem\",\"position\":1,\"name\":\"Startseite\",\"item\":\"https:\\\/\\\/swisscelergen.ch\\\/de\\\/celergen-zell-therapie\\\/\"},{\"@type\":\"ListItem\",\"position\":2,\"name\":\"Shop\",\"item\":\"https:\\\/\\\/swisscelergen.ch\\\/de\\\/shop\\\/\"},{\"@type\":\"ListItem\",\"position\":3,\"name\":\"Celergen 3 Monats Kombi-Kur\"}]},{\"@type\":\"WebSite\",\"@id\":\"https:\\\/\\\/swisscelergen.ch\\\/de\\\/#website\",\"url\":\"https:\\\/\\\/swisscelergen.ch\\\/de\\\/\",\"name\":\"Swisscelergen\",\"description\":\"Swiss Agency for Health\u200b\",\"publisher\":{\"@id\":\"https:\\\/\\\/swisscelergen.ch\\\/de\\\/#organization\"},\"potentialAction\":[{\"@type\":\"SearchAction\",\"target\":{\"@type\":\"EntryPoint\",\"urlTemplate\":\"https:\\\/\\\/swisscelergen.ch\\\/de\\\/?s={search_term_string}\"},\"query-input\":{\"@type\":\"PropertyValueSpecification\",\"valueRequired\":true,\"valueName\":\"search_term_string\"}}],\"inLanguage\":\"de\"},{\"@type\":\"Organization\",\"@id\":\"https:\\\/\\\/swisscelergen.ch\\\/de\\\/#organization\",\"name\":\"Tam Plenus GmbH\",\"url\":\"https:\\\/\\\/swisscelergen.ch\\\/de\\\/\",\"logo\":{\"@type\":\"ImageObject\",\"inLanguage\":\"de\",\"@id\":\"https:\\\/\\\/swisscelergen.ch\\\/de\\\/#\\\/schema\\\/logo\\\/image\\\/\",\"url\":\"https:\\\/\\\/swisscelergen.ch\\\/wp-content\\\/uploads\\\/2025\\\/12\\\/Logo_Celergen.png\",\"contentUrl\":\"https:\\\/\\\/swisscelergen.ch\\\/wp-content\\\/uploads\\\/2025\\\/12\\\/Logo_Celergen.png\",\"width\":632,\"height\":101,\"caption\":\"Tam Plenus GmbH\"},\"image\":{\"@id\":\"https:\\\/\\\/swisscelergen.ch\\\/de\\\/#\\\/schema\\\/logo\\\/image\\\/\"},\"sameAs\":[\"https:\\\/\\\/www.facebook.com\\\/tamplenusgmbh\\\/\",\"https:\\\/\\\/www.instagram.com\\\/tamplenus\\\/\"]}]}<\/script>\n<!-- \/ Yoast SEO plugin. -->","yoast_head_json":{"title":"Celergen 3 Monats Kombi-Kur","description":"Celergen Anti Aging. Celergen 3 Monats Kombi - 5%. Celergen Capsules und Celergen Serum Royale, stimuliert die nat\u00fcrlichen Heilkr\u00e4fte des menschlichen K\u00f6rpers","robots":{"index":"index","follow":"follow","max-snippet":"max-snippet:-1","max-image-preview":"max-image-preview:large","max-video-preview":"max-video-preview:-1"},"canonical":"https:\/\/swisscelergen.ch\/de\/produkt\/celergen-kombi-3\/","og_locale":"de_DE","og_type":"article","og_title":"Celergen 3 Monats Kombi-Kur","og_description":"Celergen Anti Aging. Celergen 3 Monats Kombi - 5%. Celergen Capsules und Celergen Serum Royale, stimuliert die nat\u00fcrlichen Heilkr\u00e4fte des menschlichen K\u00f6rpers","og_url":"https:\/\/swisscelergen.ch\/de\/produkt\/celergen-kombi-3\/","og_site_name":"Swisscelergen","article_publisher":"https:\/\/www.facebook.com\/tamplenusgmbh\/","article_modified_time":"2026-02-16T12:16:09+00:00","og_image":[{"width":600,"height":600,"url":"https:\/\/swisscelergen.ch\/wp-content\/uploads\/2025\/11\/Celergen-3-Monatas-Packet.jpg","type":"image\/jpeg"}],"twitter_card":"summary_large_image","twitter_misc":{"Gesch\u00e4tzte Lesezeit":"2\u00a0Minuten"},"schema":{"@context":"https:\/\/schema.org","@graph":[{"@type":"WebPage","@id":"https:\/\/swisscelergen.ch\/de\/produkt\/celergen-kombi-3\/","url":"https:\/\/swisscelergen.ch\/de\/produkt\/celergen-kombi-3\/","name":"Celergen 3 Monats Kombi-Kur","isPartOf":{"@id":"https:\/\/swisscelergen.ch\/de\/#website"},"primaryImageOfPage":{"@id":"https:\/\/swisscelergen.ch\/de\/produkt\/celergen-kombi-3\/#primaryimage"},"image":{"@id":"https:\/\/swisscelergen.ch\/de\/produkt\/celergen-kombi-3\/#primaryimage"},"thumbnailUrl":"https:\/\/swisscelergen.ch\/wp-content\/uploads\/2025\/11\/Celergen-3-Monatas-Packet.jpg","datePublished":"2025-11-16T17:31:58+00:00","dateModified":"2026-02-16T12:16:09+00:00","description":"Celergen Anti Aging. Celergen 3 Monats Kombi - 5%. Celergen Capsules und Celergen Serum Royale, stimuliert die nat\u00fcrlichen Heilkr\u00e4fte des menschlichen K\u00f6rpers","breadcrumb":{"@id":"https:\/\/swisscelergen.ch\/de\/produkt\/celergen-kombi-3\/#breadcrumb"},"inLanguage":"de","potentialAction":[{"@type":"ReadAction","target":["https:\/\/swisscelergen.ch\/de\/produkt\/celergen-kombi-3\/"]}]},{"@type":"ImageObject","inLanguage":"de","@id":"https:\/\/swisscelergen.ch\/de\/produkt\/celergen-kombi-3\/#primaryimage","url":"https:\/\/swisscelergen.ch\/wp-content\/uploads\/2025\/11\/Celergen-3-Monatas-Packet.jpg","contentUrl":"https:\/\/swisscelergen.ch\/wp-content\/uploads\/2025\/11\/Celergen-3-Monatas-Packet.jpg","width":600,"height":600,"caption":"Celergen Gruppe"},{"@type":"BreadcrumbList","@id":"https:\/\/swisscelergen.ch\/de\/produkt\/celergen-kombi-3\/#breadcrumb","itemListElement":[{"@type":"ListItem","position":1,"name":"Startseite","item":"https:\/\/swisscelergen.ch\/de\/celergen-zell-therapie\/"},{"@type":"ListItem","position":2,"name":"Shop","item":"https:\/\/swisscelergen.ch\/de\/shop\/"},{"@type":"ListItem","position":3,"name":"Celergen 3 Monats Kombi-Kur"}]},{"@type":"WebSite","@id":"https:\/\/swisscelergen.ch\/de\/#website","url":"https:\/\/swisscelergen.ch\/de\/","name":"Swisscelergen","description":"Swiss Agency for Health\u200b","publisher":{"@id":"https:\/\/swisscelergen.ch\/de\/#organization"},"potentialAction":[{"@type":"SearchAction","target":{"@type":"EntryPoint","urlTemplate":"https:\/\/swisscelergen.ch\/de\/?s={search_term_string}"},"query-input":{"@type":"PropertyValueSpecification","valueRequired":true,"valueName":"search_term_string"}}],"inLanguage":"de"},{"@type":"Organization","@id":"https:\/\/swisscelergen.ch\/de\/#organization","name":"Tam Plenus GmbH","url":"https:\/\/swisscelergen.ch\/de\/","logo":{"@type":"ImageObject","inLanguage":"de","@id":"https:\/\/swisscelergen.ch\/de\/#\/schema\/logo\/image\/","url":"https:\/\/swisscelergen.ch\/wp-content\/uploads\/2025\/12\/Logo_Celergen.png","contentUrl":"https:\/\/swisscelergen.ch\/wp-content\/uploads\/2025\/12\/Logo_Celergen.png","width":632,"height":101,"caption":"Tam Plenus GmbH"},"image":{"@id":"https:\/\/swisscelergen.ch\/de\/#\/schema\/logo\/image\/"},"sameAs":["https:\/\/www.facebook.com\/tamplenusgmbh\/","https:\/\/www.instagram.com\/tamplenus\/"]}]}},"jetpack_sharing_enabled":true,"_links":{"self":[{"href":"https:\/\/swisscelergen.ch\/de\/wp-json\/wp\/v2\/product\/605","targetHints":{"allow":["GET"]}}],"collection":[{"href":"https:\/\/swisscelergen.ch\/de\/wp-json\/wp\/v2\/product"}],"about":[{"href":"https:\/\/swisscelergen.ch\/de\/wp-json\/wp\/v2\/types\/product"}],"wp:featuredmedia":[{"embeddable":true,"href":"https:\/\/swisscelergen.ch\/de\/wp-json\/wp\/v2\/media\/619"}],"wp:attachment":[{"href":"https:\/\/swisscelergen.ch\/de\/wp-json\/wp\/v2\/media?parent=605"}],"wp:term":[{"taxonomy":"product_brand","embeddable":true,"href":"https:\/\/swisscelergen.ch\/de\/wp-json\/wp\/v2\/product_brand?post=605"},{"taxonomy":"product_cat","embeddable":true,"href":"https:\/\/swisscelergen.ch\/de\/wp-json\/wp\/v2\/product_cat?post=605"},{"taxonomy":"product_tag","embeddable":true,"href":"https:\/\/swisscelergen.ch\/de\/wp-json\/wp\/v2\/product_tag?post=605"}],"curies":[{"name":"wp","href":"https:\/\/api.w.org\/{rel}","templated":true}]}}