{"id":603,"date":"2025-11-16T17:31:57","date_gmt":"2025-11-16T17:31:57","guid":{"rendered":"https:\/\/swisscelergen.ch\/swisscelergen\/?post_type=product&#038;p=603"},"modified":"2026-02-16T12:16:47","modified_gmt":"2026-02-16T12:16:47","slug":"celergen-kapseln-6","status":"publish","type":"product","link":"https:\/\/swisscelergen.ch\/de\/produkt\/celergen-kapseln-6\/","title":{"rendered":"Celergen <br>6 Monats Kur"},"content":{"rendered":"<div class=\"et_pb_with_border et_pb_row et_pb_row_1\">\n<div class=\"et_pb_column et_pb_column_4_4 et_pb_column_1 et_pb_css_mix_blend_mode_passthrough et-last-child\">\n<div class=\"et_pb_module et_pb_text et_pb_text_0 et_pb_text_align_left et_pb_bg_layout_light\">\n<div class=\"et_pb_text_inner\">\n<h2>Celergen Kapseln<\/h2>\n<h1>Celergen 6 Monats Kur<\/h1>\n<p>Einzigartige Schweizer Meereszellen-Therapie Erg\u00e4nzung<\/p>\n<\/div>\n<\/div>\n<\/div>\n<\/div>\n<h2>Schweizer Anti-Aging-Erg\u00e4nzungskapseln<\/h2>\n<div class=\"et_pb_module et_pb_text et_pb_text_2 et_pb_text_align_left et_pb_bg_layout_light\">\n<div class=\"et_pb_text_inner\">\n<h4>Stimuliert die nat\u00fcrlichen Heilkr\u00e4fte des menschlichen K\u00f6rpers<\/h4>\n<\/div>\n<\/div>\n<div class=\"et_pb_module et_pb_text et_pb_text_3 et_pb_text_align_left et_pb_bg_layout_light\">\n<div class=\"et_pb_text_inner\">\n<p>Celergen ist die erste orale Zelltherapie, die auf die Zellerneuerung und -stimulation einwirkt, um den Alterungsprozess zu verz\u00f6gern und zu bremsen. Es unterst\u00fctzt die k\u00f6rpereigenen Heilungsprozesse und f\u00f6rdert Energie, Vitalit\u00e4t und Wohlbefinden. Dieser Erneuerungs- und Revitalisierungsprozess ist wesentlich, um unsere Organe und das K\u00f6rpergewebe in optimaler Gesundheit zu halten. Gesch\u00e4digte und tote Zellen werden effektiv und effizient repariert und ersetzt.<\/p>\n<\/div>\n<\/div>\n","protected":false},"excerpt":{"rendered":"<p>Es ist klinisch erwiesen, dass die Celergen Cell Nutrition Therapy die nat\u00fcrliche F\u00e4higkeit Ihres K\u00f6rpers, sich selbst zu heilen und zu revitalisieren, stark stimuliert. Unsere nicht injizierbare Zelltherapie-Behandlung l\u00f6st die Verj\u00fcngung der einzelnen Zellen aus. Dieser Erneuerungsprozess ist von entscheidender Bedeutung, um die Gewebe und Organe des K\u00f6rpers in optimaler Gesundheit zu halten. Durch die Reparatur und den Ersatz abgestorbener und gesch\u00e4digter Zellen hilft Celergen, den Alterungsprozess zu bek\u00e4mpfen, indem es die Jugend verl\u00e4ngert und die Energie und Vitalit\u00e4t steigert.<\/p>\n","protected":false},"featured_media":3756,"template":"","meta":[],"product_brand":[],"product_cat":[31],"product_tag":[64],"class_list":{"0":"post-603","1":"product","2":"type-product","3":"status-publish","4":"has-post-thumbnail","6":"product_cat-beauty","7":"product_tag-celergen-kapseln-6","9":"first","10":"instock","11":"sale","12":"taxable","13":"shipping-taxable","14":"purchasable","15":"product-type-simple"},"yoast_head":"<!-- This site is optimized with the Yoast SEO plugin v27.3 - https:\/\/yoast.com\/product\/yoast-seo-wordpress\/ -->\n<title>Celergen 6 Monats Kur<\/title>\n<meta name=\"description\" content=\"Celergen 6 Monats Kur. 6 Monate Versorgung - 10%. Die orale Zelltherapie hilft, Jugend, Energie und Vitalit\u00e4t zu erhalten und zu verl\u00e4ngern\" \/>\n<meta name=\"robots\" content=\"index, follow, max-snippet:-1, max-image-preview:large, max-video-preview:-1\" \/>\n<link rel=\"canonical\" href=\"https:\/\/swisscelergen.ch\/de\/produkt\/celergen-kapseln-6\/\" \/>\n<meta property=\"og:locale\" content=\"de_DE\" \/>\n<meta property=\"og:type\" content=\"article\" \/>\n<meta property=\"og:title\" content=\"Celergen 6 Monats Kur\" \/>\n<meta property=\"og:description\" content=\"Celergen 6 Monats Kur. 6 Monate Versorgung - 10%. Die orale Zelltherapie hilft, Jugend, Energie und Vitalit\u00e4t zu erhalten und zu verl\u00e4ngern\" \/>\n<meta property=\"og:url\" content=\"https:\/\/swisscelergen.ch\/de\/produkt\/celergen-kapseln-6\/\" \/>\n<meta property=\"og:site_name\" content=\"Swisscelergen\" \/>\n<meta property=\"article:publisher\" content=\"https:\/\/www.facebook.com\/tamplenusgmbh\/\" \/>\n<meta property=\"article:modified_time\" content=\"2026-02-16T12:16:47+00:00\" \/>\n<meta property=\"og:image\" content=\"https:\/\/swisscelergen.ch\/wp-content\/uploads\/2025\/11\/celergen-kapseln-6.png\" \/>\n\t<meta property=\"og:image:width\" content=\"591\" \/>\n\t<meta property=\"og:image:height\" content=\"591\" \/>\n\t<meta property=\"og:image:type\" content=\"image\/png\" \/>\n<meta name=\"twitter:card\" content=\"summary_large_image\" \/>\n<meta name=\"twitter:label1\" content=\"Gesch\u00e4tzte Lesezeit\" \/>\n\t<meta name=\"twitter:data1\" content=\"1\u00a0Minute\" \/>\n<script type=\"application\/ld+json\" class=\"yoast-schema-graph\">{\"@context\":\"https:\\\/\\\/schema.org\",\"@graph\":[{\"@type\":\"WebPage\",\"@id\":\"https:\\\/\\\/swisscelergen.ch\\\/de\\\/produkt\\\/celergen-kapseln-6\\\/\",\"url\":\"https:\\\/\\\/swisscelergen.ch\\\/de\\\/produkt\\\/celergen-kapseln-6\\\/\",\"name\":\"Celergen 6 Monats Kur\",\"isPartOf\":{\"@id\":\"https:\\\/\\\/swisscelergen.ch\\\/de\\\/#website\"},\"primaryImageOfPage\":{\"@id\":\"https:\\\/\\\/swisscelergen.ch\\\/de\\\/produkt\\\/celergen-kapseln-6\\\/#primaryimage\"},\"image\":{\"@id\":\"https:\\\/\\\/swisscelergen.ch\\\/de\\\/produkt\\\/celergen-kapseln-6\\\/#primaryimage\"},\"thumbnailUrl\":\"https:\\\/\\\/swisscelergen.ch\\\/wp-content\\\/uploads\\\/2025\\\/11\\\/celergen-kapseln-6.png\",\"datePublished\":\"2025-11-16T17:31:57+00:00\",\"dateModified\":\"2026-02-16T12:16:47+00:00\",\"description\":\"Celergen 6 Monats Kur. 6 Monate Versorgung - 10%. Die orale Zelltherapie hilft, Jugend, Energie und Vitalit\u00e4t zu erhalten und zu verl\u00e4ngern\",\"breadcrumb\":{\"@id\":\"https:\\\/\\\/swisscelergen.ch\\\/de\\\/produkt\\\/celergen-kapseln-6\\\/#breadcrumb\"},\"inLanguage\":\"de\",\"potentialAction\":[{\"@type\":\"ReadAction\",\"target\":[\"https:\\\/\\\/swisscelergen.ch\\\/de\\\/produkt\\\/celergen-kapseln-6\\\/\"]}]},{\"@type\":\"ImageObject\",\"inLanguage\":\"de\",\"@id\":\"https:\\\/\\\/swisscelergen.ch\\\/de\\\/produkt\\\/celergen-kapseln-6\\\/#primaryimage\",\"url\":\"https:\\\/\\\/swisscelergen.ch\\\/wp-content\\\/uploads\\\/2025\\\/11\\\/celergen-kapseln-6.png\",\"contentUrl\":\"https:\\\/\\\/swisscelergen.ch\\\/wp-content\\\/uploads\\\/2025\\\/11\\\/celergen-kapseln-6.png\",\"width\":591,\"height\":591,\"caption\":\"Celergen Shop - Celergen Kapseln\"},{\"@type\":\"BreadcrumbList\",\"@id\":\"https:\\\/\\\/swisscelergen.ch\\\/de\\\/produkt\\\/celergen-kapseln-6\\\/#breadcrumb\",\"itemListElement\":[{\"@type\":\"ListItem\",\"position\":1,\"name\":\"Startseite\",\"item\":\"https:\\\/\\\/swisscelergen.ch\\\/de\\\/celergen-zell-therapie\\\/\"},{\"@type\":\"ListItem\",\"position\":2,\"name\":\"Shop\",\"item\":\"https:\\\/\\\/swisscelergen.ch\\\/de\\\/shop\\\/\"},{\"@type\":\"ListItem\",\"position\":3,\"name\":\"Celergen 6 Monats Kur\"}]},{\"@type\":\"WebSite\",\"@id\":\"https:\\\/\\\/swisscelergen.ch\\\/de\\\/#website\",\"url\":\"https:\\\/\\\/swisscelergen.ch\\\/de\\\/\",\"name\":\"Swisscelergen\",\"description\":\"Swiss Agency for Health\u200b\",\"publisher\":{\"@id\":\"https:\\\/\\\/swisscelergen.ch\\\/de\\\/#organization\"},\"potentialAction\":[{\"@type\":\"SearchAction\",\"target\":{\"@type\":\"EntryPoint\",\"urlTemplate\":\"https:\\\/\\\/swisscelergen.ch\\\/de\\\/?s={search_term_string}\"},\"query-input\":{\"@type\":\"PropertyValueSpecification\",\"valueRequired\":true,\"valueName\":\"search_term_string\"}}],\"inLanguage\":\"de\"},{\"@type\":\"Organization\",\"@id\":\"https:\\\/\\\/swisscelergen.ch\\\/de\\\/#organization\",\"name\":\"Tam Plenus GmbH\",\"url\":\"https:\\\/\\\/swisscelergen.ch\\\/de\\\/\",\"logo\":{\"@type\":\"ImageObject\",\"inLanguage\":\"de\",\"@id\":\"https:\\\/\\\/swisscelergen.ch\\\/de\\\/#\\\/schema\\\/logo\\\/image\\\/\",\"url\":\"https:\\\/\\\/swisscelergen.ch\\\/wp-content\\\/uploads\\\/2025\\\/12\\\/Logo_Celergen.png\",\"contentUrl\":\"https:\\\/\\\/swisscelergen.ch\\\/wp-content\\\/uploads\\\/2025\\\/12\\\/Logo_Celergen.png\",\"width\":632,\"height\":101,\"caption\":\"Tam Plenus GmbH\"},\"image\":{\"@id\":\"https:\\\/\\\/swisscelergen.ch\\\/de\\\/#\\\/schema\\\/logo\\\/image\\\/\"},\"sameAs\":[\"https:\\\/\\\/www.facebook.com\\\/tamplenusgmbh\\\/\",\"https:\\\/\\\/www.instagram.com\\\/tamplenus\\\/\"]}]}<\/script>\n<!-- \/ Yoast SEO plugin. -->","yoast_head_json":{"title":"Celergen 6 Monats Kur","description":"Celergen 6 Monats Kur. 6 Monate Versorgung - 10%. Die orale Zelltherapie hilft, Jugend, Energie und Vitalit\u00e4t zu erhalten und zu verl\u00e4ngern","robots":{"index":"index","follow":"follow","max-snippet":"max-snippet:-1","max-image-preview":"max-image-preview:large","max-video-preview":"max-video-preview:-1"},"canonical":"https:\/\/swisscelergen.ch\/de\/produkt\/celergen-kapseln-6\/","og_locale":"de_DE","og_type":"article","og_title":"Celergen 6 Monats Kur","og_description":"Celergen 6 Monats Kur. 6 Monate Versorgung - 10%. Die orale Zelltherapie hilft, Jugend, Energie und Vitalit\u00e4t zu erhalten und zu verl\u00e4ngern","og_url":"https:\/\/swisscelergen.ch\/de\/produkt\/celergen-kapseln-6\/","og_site_name":"Swisscelergen","article_publisher":"https:\/\/www.facebook.com\/tamplenusgmbh\/","article_modified_time":"2026-02-16T12:16:47+00:00","og_image":[{"width":591,"height":591,"url":"https:\/\/swisscelergen.ch\/wp-content\/uploads\/2025\/11\/celergen-kapseln-6.png","type":"image\/png"}],"twitter_card":"summary_large_image","twitter_misc":{"Gesch\u00e4tzte Lesezeit":"1\u00a0Minute"},"schema":{"@context":"https:\/\/schema.org","@graph":[{"@type":"WebPage","@id":"https:\/\/swisscelergen.ch\/de\/produkt\/celergen-kapseln-6\/","url":"https:\/\/swisscelergen.ch\/de\/produkt\/celergen-kapseln-6\/","name":"Celergen 6 Monats Kur","isPartOf":{"@id":"https:\/\/swisscelergen.ch\/de\/#website"},"primaryImageOfPage":{"@id":"https:\/\/swisscelergen.ch\/de\/produkt\/celergen-kapseln-6\/#primaryimage"},"image":{"@id":"https:\/\/swisscelergen.ch\/de\/produkt\/celergen-kapseln-6\/#primaryimage"},"thumbnailUrl":"https:\/\/swisscelergen.ch\/wp-content\/uploads\/2025\/11\/celergen-kapseln-6.png","datePublished":"2025-11-16T17:31:57+00:00","dateModified":"2026-02-16T12:16:47+00:00","description":"Celergen 6 Monats Kur. 6 Monate Versorgung - 10%. Die orale Zelltherapie hilft, Jugend, Energie und Vitalit\u00e4t zu erhalten und zu verl\u00e4ngern","breadcrumb":{"@id":"https:\/\/swisscelergen.ch\/de\/produkt\/celergen-kapseln-6\/#breadcrumb"},"inLanguage":"de","potentialAction":[{"@type":"ReadAction","target":["https:\/\/swisscelergen.ch\/de\/produkt\/celergen-kapseln-6\/"]}]},{"@type":"ImageObject","inLanguage":"de","@id":"https:\/\/swisscelergen.ch\/de\/produkt\/celergen-kapseln-6\/#primaryimage","url":"https:\/\/swisscelergen.ch\/wp-content\/uploads\/2025\/11\/celergen-kapseln-6.png","contentUrl":"https:\/\/swisscelergen.ch\/wp-content\/uploads\/2025\/11\/celergen-kapseln-6.png","width":591,"height":591,"caption":"Celergen Shop - Celergen Kapseln"},{"@type":"BreadcrumbList","@id":"https:\/\/swisscelergen.ch\/de\/produkt\/celergen-kapseln-6\/#breadcrumb","itemListElement":[{"@type":"ListItem","position":1,"name":"Startseite","item":"https:\/\/swisscelergen.ch\/de\/celergen-zell-therapie\/"},{"@type":"ListItem","position":2,"name":"Shop","item":"https:\/\/swisscelergen.ch\/de\/shop\/"},{"@type":"ListItem","position":3,"name":"Celergen 6 Monats Kur"}]},{"@type":"WebSite","@id":"https:\/\/swisscelergen.ch\/de\/#website","url":"https:\/\/swisscelergen.ch\/de\/","name":"Swisscelergen","description":"Swiss Agency for Health\u200b","publisher":{"@id":"https:\/\/swisscelergen.ch\/de\/#organization"},"potentialAction":[{"@type":"SearchAction","target":{"@type":"EntryPoint","urlTemplate":"https:\/\/swisscelergen.ch\/de\/?s={search_term_string}"},"query-input":{"@type":"PropertyValueSpecification","valueRequired":true,"valueName":"search_term_string"}}],"inLanguage":"de"},{"@type":"Organization","@id":"https:\/\/swisscelergen.ch\/de\/#organization","name":"Tam Plenus GmbH","url":"https:\/\/swisscelergen.ch\/de\/","logo":{"@type":"ImageObject","inLanguage":"de","@id":"https:\/\/swisscelergen.ch\/de\/#\/schema\/logo\/image\/","url":"https:\/\/swisscelergen.ch\/wp-content\/uploads\/2025\/12\/Logo_Celergen.png","contentUrl":"https:\/\/swisscelergen.ch\/wp-content\/uploads\/2025\/12\/Logo_Celergen.png","width":632,"height":101,"caption":"Tam Plenus GmbH"},"image":{"@id":"https:\/\/swisscelergen.ch\/de\/#\/schema\/logo\/image\/"},"sameAs":["https:\/\/www.facebook.com\/tamplenusgmbh\/","https:\/\/www.instagram.com\/tamplenus\/"]}]}},"jetpack_sharing_enabled":true,"_links":{"self":[{"href":"https:\/\/swisscelergen.ch\/de\/wp-json\/wp\/v2\/product\/603","targetHints":{"allow":["GET"]}}],"collection":[{"href":"https:\/\/swisscelergen.ch\/de\/wp-json\/wp\/v2\/product"}],"about":[{"href":"https:\/\/swisscelergen.ch\/de\/wp-json\/wp\/v2\/types\/product"}],"wp:featuredmedia":[{"embeddable":true,"href":"https:\/\/swisscelergen.ch\/de\/wp-json\/wp\/v2\/media\/3756"}],"wp:attachment":[{"href":"https:\/\/swisscelergen.ch\/de\/wp-json\/wp\/v2\/media?parent=603"}],"wp:term":[{"taxonomy":"product_brand","embeddable":true,"href":"https:\/\/swisscelergen.ch\/de\/wp-json\/wp\/v2\/product_brand?post=603"},{"taxonomy":"product_cat","embeddable":true,"href":"https:\/\/swisscelergen.ch\/de\/wp-json\/wp\/v2\/product_cat?post=603"},{"taxonomy":"product_tag","embeddable":true,"href":"https:\/\/swisscelergen.ch\/de\/wp-json\/wp\/v2\/product_tag?post=603"}],"curies":[{"name":"wp","href":"https:\/\/api.w.org\/{rel}","templated":true}]}}