{"id":602,"date":"2025-11-16T17:31:57","date_gmt":"2025-11-16T17:31:57","guid":{"rendered":"https:\/\/swisscelergen.ch\/swisscelergen\/?post_type=product&#038;p=602"},"modified":"2026-02-16T12:34:17","modified_gmt":"2026-02-16T12:34:17","slug":"celergen-serum-royale","status":"publish","type":"product","link":"https:\/\/swisscelergen.ch\/de\/produkt\/celergen-serum-royale\/","title":{"rendered":"Celergen Serum Royale<br><br>"},"content":{"rendered":"<h1>Celergen Serum Royale<\/h1>\n<h4>Fangen Sie die Hautalterung dort ab, wo sie beginnt.<br \/>\nVerj\u00fcngung der Haut auf zellul\u00e4rer Ebene.<\/h4>\n<p>Das Swiss BIO DNA Cellular Regeneration Serum von Celergen ist eine leistungsstarke, n\u00e4hrstoffreiche Formel, die Ihre Haut ver\u00e4ndert, indem sie Feuchtigkeit, Festigkeit, Falten, Elastizit\u00e4t, Linien und Altersflecken sichtbar verbessert.<br \/>\nUnsere propriet\u00e4re Formel repariert und erneuert auf zellul\u00e4rer Ebene, steigert die nat\u00fcrliche Kollagensynthese und hemmt den Alterungsprozess dort, wo er beginnt.<\/p>\n<p>&nbsp;<\/p>\n<h3>WIE WIRKT DAS CELERGEN ANTI-AGING-SERUM?<\/h3>\n<h3>Die transformative Kraft der Zellern\u00e4hrung<\/h3>\n<p>Der menschliche K\u00f6rper enth\u00e4lt etwa vier Billionen Zellen, die sich st\u00e4ndig erneuern m\u00fcssen, da alte und schwache Zellen durch neue ersetzt werden.<br \/>\nBei gesunden jungen Menschen findet die Zellteilung regelm\u00e4\u00dfig in einem energetischen und ausgeglichenen Biotop statt. Mit zunehmendem Alter verlangsamt sich dieser Prozess. Erh\u00f6hte Umweltverschmutzung, L\u00f6sungsmittel, Schwermetalle, Parasiten, Stress, falsche Ern\u00e4hrung, Rauchen, verarbeiteter Zucker und Alkohol schw\u00e4chen diesen Erneuerungsprozess noch mehr. Wenn die biologische Uhr gest\u00f6rt ist, kommt es zu Fehlfunktionen der Bindegewebsmatrix, der Organe und des Immunsystems.<\/p>\n<p>Celergen Zellnahrung kann diese St\u00f6rungen blockieren, indem sie den nat\u00fcrlichen Verj\u00fcngungsprozess des K\u00f6rpers unterst\u00fctzt. Indem sie gesch\u00e4digte und abgestorbene Zellen mit den richtigen N\u00e4hrstoffen versorgt, kann die Zellern\u00e4hrung den Alterungsprozess bek\u00e4mpfen und Jugend, Energie und Vitalit\u00e4t verl\u00e4ngern.<\/p>\n<p>Im Gegensatz zu anderen Zelltherapien, die mit Injektionen verbunden sind, wird Celergen als oral einzunehmendes Weichgel verabreicht. Die magensaftresistente Beschichtung des weichen Gels sch\u00fctzt die Mikron\u00e4hrstoffe, w\u00e4hrend sie die Hydraulikfl\u00fcssigkeit des Magens passieren, so dass die Mikron\u00e4hrstoffe den Darm erreichen und in das Blutsystem aufgenommen werden k\u00f6nnen, wo sie zur Wiederherstellung und Verj\u00fcngung der einzelnen Zellen beitragen.<\/p>\n","protected":false},"excerpt":{"rendered":"<p>Celergen Serum Royale Fangen Sie die Hautalterung dort ab, wo sie beginnt. Verj\u00fcngung der Haut auf zellul\u00e4rer Ebene. Das Swiss BIO DNA Cellular Regeneration Serum von Celergen ist eine leistungsstarke, n\u00e4hrstoffreiche Formel, die Ihre Haut ver\u00e4ndert, indem sie Feuchtigkeit, Festigkeit, Falten, Elastizit\u00e4t, Linien und Altersflecken sichtbar verbessert. Unsere propriet\u00e4re Formel repariert und erneuert auf zellul\u00e4rer [&hellip;]<\/p>\n","protected":false},"featured_media":3882,"template":"","meta":[],"product_brand":[],"product_cat":[31],"product_tag":[70],"class_list":{"0":"post-602","1":"product","2":"type-product","3":"status-publish","4":"has-post-thumbnail","6":"product_cat-beauty","7":"product_tag-celergen-serum-royale","9":"first","10":"instock","11":"taxable","12":"shipping-taxable","13":"purchasable","14":"product-type-simple"},"yoast_head":"<!-- This site is optimized with the Yoast SEO plugin v27.3 - https:\/\/yoast.com\/product\/yoast-seo-wordpress\/ -->\n<title>Celergen Serum Royale<\/title>\n<meta name=\"description\" content=\"Celergen Serum Royal, Serum zur Zellregeneration, das Feuchtigkeit, Festigkeit, Falten, Elastizit\u00e4t, Linien und Altersflecken sichtbar verbessert.\" \/>\n<meta name=\"robots\" content=\"index, follow, max-snippet:-1, max-image-preview:large, max-video-preview:-1\" \/>\n<link rel=\"canonical\" href=\"https:\/\/swisscelergen.ch\/de\/produkt\/celergen-serum-royale\/\" \/>\n<meta property=\"og:locale\" content=\"de_DE\" \/>\n<meta property=\"og:type\" content=\"article\" \/>\n<meta property=\"og:title\" content=\"Celergen Serum Royale\" \/>\n<meta property=\"og:description\" content=\"Celergen Serum Royal, Serum zur Zellregeneration, das Feuchtigkeit, Festigkeit, Falten, Elastizit\u00e4t, Linien und Altersflecken sichtbar verbessert.\" \/>\n<meta property=\"og:url\" content=\"https:\/\/swisscelergen.ch\/de\/produkt\/celergen-serum-royale\/\" \/>\n<meta property=\"og:site_name\" content=\"Swisscelergen\" \/>\n<meta property=\"article:publisher\" content=\"https:\/\/www.facebook.com\/tamplenusgmbh\/\" \/>\n<meta property=\"article:modified_time\" content=\"2026-02-16T12:34:17+00:00\" \/>\n<meta property=\"og:image\" content=\"https:\/\/swisscelergen.ch\/wp-content\/uploads\/2025\/11\/Celergen-Serum.png\" \/>\n\t<meta property=\"og:image:width\" content=\"2452\" \/>\n\t<meta property=\"og:image:height\" content=\"2452\" \/>\n\t<meta property=\"og:image:type\" content=\"image\/png\" \/>\n<meta name=\"twitter:card\" content=\"summary_large_image\" \/>\n<meta name=\"twitter:label1\" content=\"Gesch\u00e4tzte Lesezeit\" \/>\n\t<meta name=\"twitter:data1\" content=\"2\u00a0Minuten\" \/>\n<script type=\"application\/ld+json\" class=\"yoast-schema-graph\">{\"@context\":\"https:\\\/\\\/schema.org\",\"@graph\":[{\"@type\":\"WebPage\",\"@id\":\"https:\\\/\\\/swisscelergen.ch\\\/de\\\/produkt\\\/celergen-serum-royale\\\/\",\"url\":\"https:\\\/\\\/swisscelergen.ch\\\/de\\\/produkt\\\/celergen-serum-royale\\\/\",\"name\":\"Celergen Serum Royale\",\"isPartOf\":{\"@id\":\"https:\\\/\\\/swisscelergen.ch\\\/de\\\/#website\"},\"primaryImageOfPage\":{\"@id\":\"https:\\\/\\\/swisscelergen.ch\\\/de\\\/produkt\\\/celergen-serum-royale\\\/#primaryimage\"},\"image\":{\"@id\":\"https:\\\/\\\/swisscelergen.ch\\\/de\\\/produkt\\\/celergen-serum-royale\\\/#primaryimage\"},\"thumbnailUrl\":\"https:\\\/\\\/swisscelergen.ch\\\/wp-content\\\/uploads\\\/2025\\\/11\\\/Celergen-Serum.png\",\"datePublished\":\"2025-11-16T17:31:57+00:00\",\"dateModified\":\"2026-02-16T12:34:17+00:00\",\"description\":\"Celergen Serum Royal, Serum zur Zellregeneration, das Feuchtigkeit, Festigkeit, Falten, Elastizit\u00e4t, Linien und Altersflecken sichtbar verbessert.\",\"breadcrumb\":{\"@id\":\"https:\\\/\\\/swisscelergen.ch\\\/de\\\/produkt\\\/celergen-serum-royale\\\/#breadcrumb\"},\"inLanguage\":\"de\",\"potentialAction\":[{\"@type\":\"ReadAction\",\"target\":[\"https:\\\/\\\/swisscelergen.ch\\\/de\\\/produkt\\\/celergen-serum-royale\\\/\"]}]},{\"@type\":\"ImageObject\",\"inLanguage\":\"de\",\"@id\":\"https:\\\/\\\/swisscelergen.ch\\\/de\\\/produkt\\\/celergen-serum-royale\\\/#primaryimage\",\"url\":\"https:\\\/\\\/swisscelergen.ch\\\/wp-content\\\/uploads\\\/2025\\\/11\\\/Celergen-Serum.png\",\"contentUrl\":\"https:\\\/\\\/swisscelergen.ch\\\/wp-content\\\/uploads\\\/2025\\\/11\\\/Celergen-Serum.png\",\"width\":2452,\"height\":2452},{\"@type\":\"BreadcrumbList\",\"@id\":\"https:\\\/\\\/swisscelergen.ch\\\/de\\\/produkt\\\/celergen-serum-royale\\\/#breadcrumb\",\"itemListElement\":[{\"@type\":\"ListItem\",\"position\":1,\"name\":\"Startseite\",\"item\":\"https:\\\/\\\/swisscelergen.ch\\\/de\\\/celergen-zell-therapie\\\/\"},{\"@type\":\"ListItem\",\"position\":2,\"name\":\"Shop\",\"item\":\"https:\\\/\\\/swisscelergen.ch\\\/de\\\/shop\\\/\"},{\"@type\":\"ListItem\",\"position\":3,\"name\":\"Celergen Serum Royale\"}]},{\"@type\":\"WebSite\",\"@id\":\"https:\\\/\\\/swisscelergen.ch\\\/de\\\/#website\",\"url\":\"https:\\\/\\\/swisscelergen.ch\\\/de\\\/\",\"name\":\"Swisscelergen\",\"description\":\"Swiss Agency for Health\u200b\",\"publisher\":{\"@id\":\"https:\\\/\\\/swisscelergen.ch\\\/de\\\/#organization\"},\"potentialAction\":[{\"@type\":\"SearchAction\",\"target\":{\"@type\":\"EntryPoint\",\"urlTemplate\":\"https:\\\/\\\/swisscelergen.ch\\\/de\\\/?s={search_term_string}\"},\"query-input\":{\"@type\":\"PropertyValueSpecification\",\"valueRequired\":true,\"valueName\":\"search_term_string\"}}],\"inLanguage\":\"de\"},{\"@type\":\"Organization\",\"@id\":\"https:\\\/\\\/swisscelergen.ch\\\/de\\\/#organization\",\"name\":\"Tam Plenus GmbH\",\"url\":\"https:\\\/\\\/swisscelergen.ch\\\/de\\\/\",\"logo\":{\"@type\":\"ImageObject\",\"inLanguage\":\"de\",\"@id\":\"https:\\\/\\\/swisscelergen.ch\\\/de\\\/#\\\/schema\\\/logo\\\/image\\\/\",\"url\":\"https:\\\/\\\/swisscelergen.ch\\\/wp-content\\\/uploads\\\/2025\\\/12\\\/Logo_Celergen.png\",\"contentUrl\":\"https:\\\/\\\/swisscelergen.ch\\\/wp-content\\\/uploads\\\/2025\\\/12\\\/Logo_Celergen.png\",\"width\":632,\"height\":101,\"caption\":\"Tam Plenus GmbH\"},\"image\":{\"@id\":\"https:\\\/\\\/swisscelergen.ch\\\/de\\\/#\\\/schema\\\/logo\\\/image\\\/\"},\"sameAs\":[\"https:\\\/\\\/www.facebook.com\\\/tamplenusgmbh\\\/\",\"https:\\\/\\\/www.instagram.com\\\/tamplenus\\\/\"]}]}<\/script>\n<!-- \/ Yoast SEO plugin. -->","yoast_head_json":{"title":"Celergen Serum Royale","description":"Celergen Serum Royal, Serum zur Zellregeneration, das Feuchtigkeit, Festigkeit, Falten, Elastizit\u00e4t, Linien und Altersflecken sichtbar verbessert.","robots":{"index":"index","follow":"follow","max-snippet":"max-snippet:-1","max-image-preview":"max-image-preview:large","max-video-preview":"max-video-preview:-1"},"canonical":"https:\/\/swisscelergen.ch\/de\/produkt\/celergen-serum-royale\/","og_locale":"de_DE","og_type":"article","og_title":"Celergen Serum Royale","og_description":"Celergen Serum Royal, Serum zur Zellregeneration, das Feuchtigkeit, Festigkeit, Falten, Elastizit\u00e4t, Linien und Altersflecken sichtbar verbessert.","og_url":"https:\/\/swisscelergen.ch\/de\/produkt\/celergen-serum-royale\/","og_site_name":"Swisscelergen","article_publisher":"https:\/\/www.facebook.com\/tamplenusgmbh\/","article_modified_time":"2026-02-16T12:34:17+00:00","og_image":[{"width":2452,"height":2452,"url":"https:\/\/swisscelergen.ch\/wp-content\/uploads\/2025\/11\/Celergen-Serum.png","type":"image\/png"}],"twitter_card":"summary_large_image","twitter_misc":{"Gesch\u00e4tzte Lesezeit":"2\u00a0Minuten"},"schema":{"@context":"https:\/\/schema.org","@graph":[{"@type":"WebPage","@id":"https:\/\/swisscelergen.ch\/de\/produkt\/celergen-serum-royale\/","url":"https:\/\/swisscelergen.ch\/de\/produkt\/celergen-serum-royale\/","name":"Celergen Serum Royale","isPartOf":{"@id":"https:\/\/swisscelergen.ch\/de\/#website"},"primaryImageOfPage":{"@id":"https:\/\/swisscelergen.ch\/de\/produkt\/celergen-serum-royale\/#primaryimage"},"image":{"@id":"https:\/\/swisscelergen.ch\/de\/produkt\/celergen-serum-royale\/#primaryimage"},"thumbnailUrl":"https:\/\/swisscelergen.ch\/wp-content\/uploads\/2025\/11\/Celergen-Serum.png","datePublished":"2025-11-16T17:31:57+00:00","dateModified":"2026-02-16T12:34:17+00:00","description":"Celergen Serum Royal, Serum zur Zellregeneration, das Feuchtigkeit, Festigkeit, Falten, Elastizit\u00e4t, Linien und Altersflecken sichtbar verbessert.","breadcrumb":{"@id":"https:\/\/swisscelergen.ch\/de\/produkt\/celergen-serum-royale\/#breadcrumb"},"inLanguage":"de","potentialAction":[{"@type":"ReadAction","target":["https:\/\/swisscelergen.ch\/de\/produkt\/celergen-serum-royale\/"]}]},{"@type":"ImageObject","inLanguage":"de","@id":"https:\/\/swisscelergen.ch\/de\/produkt\/celergen-serum-royale\/#primaryimage","url":"https:\/\/swisscelergen.ch\/wp-content\/uploads\/2025\/11\/Celergen-Serum.png","contentUrl":"https:\/\/swisscelergen.ch\/wp-content\/uploads\/2025\/11\/Celergen-Serum.png","width":2452,"height":2452},{"@type":"BreadcrumbList","@id":"https:\/\/swisscelergen.ch\/de\/produkt\/celergen-serum-royale\/#breadcrumb","itemListElement":[{"@type":"ListItem","position":1,"name":"Startseite","item":"https:\/\/swisscelergen.ch\/de\/celergen-zell-therapie\/"},{"@type":"ListItem","position":2,"name":"Shop","item":"https:\/\/swisscelergen.ch\/de\/shop\/"},{"@type":"ListItem","position":3,"name":"Celergen Serum Royale"}]},{"@type":"WebSite","@id":"https:\/\/swisscelergen.ch\/de\/#website","url":"https:\/\/swisscelergen.ch\/de\/","name":"Swisscelergen","description":"Swiss Agency for Health\u200b","publisher":{"@id":"https:\/\/swisscelergen.ch\/de\/#organization"},"potentialAction":[{"@type":"SearchAction","target":{"@type":"EntryPoint","urlTemplate":"https:\/\/swisscelergen.ch\/de\/?s={search_term_string}"},"query-input":{"@type":"PropertyValueSpecification","valueRequired":true,"valueName":"search_term_string"}}],"inLanguage":"de"},{"@type":"Organization","@id":"https:\/\/swisscelergen.ch\/de\/#organization","name":"Tam Plenus GmbH","url":"https:\/\/swisscelergen.ch\/de\/","logo":{"@type":"ImageObject","inLanguage":"de","@id":"https:\/\/swisscelergen.ch\/de\/#\/schema\/logo\/image\/","url":"https:\/\/swisscelergen.ch\/wp-content\/uploads\/2025\/12\/Logo_Celergen.png","contentUrl":"https:\/\/swisscelergen.ch\/wp-content\/uploads\/2025\/12\/Logo_Celergen.png","width":632,"height":101,"caption":"Tam Plenus GmbH"},"image":{"@id":"https:\/\/swisscelergen.ch\/de\/#\/schema\/logo\/image\/"},"sameAs":["https:\/\/www.facebook.com\/tamplenusgmbh\/","https:\/\/www.instagram.com\/tamplenus\/"]}]}},"jetpack_sharing_enabled":true,"_links":{"self":[{"href":"https:\/\/swisscelergen.ch\/de\/wp-json\/wp\/v2\/product\/602","targetHints":{"allow":["GET"]}}],"collection":[{"href":"https:\/\/swisscelergen.ch\/de\/wp-json\/wp\/v2\/product"}],"about":[{"href":"https:\/\/swisscelergen.ch\/de\/wp-json\/wp\/v2\/types\/product"}],"wp:featuredmedia":[{"embeddable":true,"href":"https:\/\/swisscelergen.ch\/de\/wp-json\/wp\/v2\/media\/3882"}],"wp:attachment":[{"href":"https:\/\/swisscelergen.ch\/de\/wp-json\/wp\/v2\/media?parent=602"}],"wp:term":[{"taxonomy":"product_brand","embeddable":true,"href":"https:\/\/swisscelergen.ch\/de\/wp-json\/wp\/v2\/product_brand?post=602"},{"taxonomy":"product_cat","embeddable":true,"href":"https:\/\/swisscelergen.ch\/de\/wp-json\/wp\/v2\/product_cat?post=602"},{"taxonomy":"product_tag","embeddable":true,"href":"https:\/\/swisscelergen.ch\/de\/wp-json\/wp\/v2\/product_tag?post=602"}],"curies":[{"name":"wp","href":"https:\/\/api.w.org\/{rel}","templated":true}]}}