{"id":601,"date":"2025-11-16T17:31:56","date_gmt":"2025-11-16T17:31:56","guid":{"rendered":"https:\/\/swisscelergen.ch\/swisscelergen\/?post_type=product&#038;p=601"},"modified":"2026-02-16T12:17:20","modified_gmt":"2026-02-16T12:17:20","slug":"celergen-kapseln-1","status":"publish","type":"product","link":"https:\/\/swisscelergen.ch\/de\/produkt\/celergen-kapseln-1\/","title":{"rendered":"Celergen Kapseln <br>1 Monats Kur"},"content":{"rendered":"<div class=\"et_pb_with_border et_pb_row et_pb_row_1\">\n<div class=\"et_pb_column et_pb_column_4_4 et_pb_column_1 et_pb_css_mix_blend_mode_passthrough et-last-child\">\n<div class=\"et_pb_module et_pb_text et_pb_text_0 et_pb_text_align_left et_pb_bg_layout_light\">\n<div class=\"et_pb_text_inner\">\n<h1>Celergen Kapseln<\/h1>\n<p>Einzigartige Schweizer Meereszellen-Therapie Erg\u00e4nzung<\/p>\n<\/div>\n<\/div>\n<\/div>\n<\/div>\n<h2>Schweizer Anti-Aging-Erg\u00e4nzungskapseln<\/h2>\n<div class=\"et_pb_module et_pb_text et_pb_text_2 et_pb_text_align_left et_pb_bg_layout_light\">\n<div class=\"et_pb_text_inner\">\n<h4>Stimuliert die nat\u00fcrlichen Heilkr\u00e4fte des menschlichen K\u00f6rpers<\/h4>\n<\/div>\n<\/div>\n<div class=\"et_pb_module et_pb_text et_pb_text_3 et_pb_text_align_left et_pb_bg_layout_light\">\n<div class=\"et_pb_text_inner\">\n<p>Celergen ist die erste orale Zelltherapie, die auf die Zellerneuerung und -stimulation einwirkt, um den Alterungsprozess zu verz\u00f6gern und zu bremsen. Es unterst\u00fctzt die k\u00f6rpereigenen Heilungsprozesse und f\u00f6rdert Energie, Vitalit\u00e4t und Wohlbefinden. Dieser Erneuerungs- und Revitalisierungsprozess ist wesentlich, um unsere Organe und das K\u00f6rpergewebe in optimaler Gesundheit zu halten. Gesch\u00e4digte und tote Zellen werden effektiv und effizient repariert und ersetzt.<\/p>\n<\/div>\n<\/div>\n","protected":false},"excerpt":{"rendered":"<p>Celergen Kapseln Einzigartige Schweizer Meereszellen-Therapie Erg\u00e4nzung Schweizer Anti-Aging-Erg\u00e4nzungskapseln Stimuliert die nat\u00fcrlichen Heilkr\u00e4fte des menschlichen K\u00f6rpers Celergen ist die erste orale Zelltherapie, die auf die Zellerneuerung und -stimulation einwirkt, um den Alterungsprozess zu verz\u00f6gern und zu bremsen. Es unterst\u00fctzt die k\u00f6rpereigenen Heilungsprozesse und f\u00f6rdert Energie, Vitalit\u00e4t und Wohlbefinden. Dieser Erneuerungs- und Revitalisierungsprozess ist wesentlich, um unsere [&hellip;]<\/p>\n","protected":false},"featured_media":3753,"template":"","meta":[],"product_brand":[],"product_cat":[31],"product_tag":[58],"class_list":{"0":"post-601","1":"product","2":"type-product","3":"status-publish","4":"has-post-thumbnail","6":"product_cat-beauty","7":"product_tag-celergen-kapseln-1","9":"first","10":"instock","11":"taxable","12":"shipping-taxable","13":"purchasable","14":"product-type-simple"},"yoast_head":"<!-- This site is optimized with the Yoast SEO plugin v27.3 - https:\/\/yoast.com\/product\/yoast-seo-wordpress\/ -->\n<title>Celergen Kapseln<\/title>\n<meta name=\"description\" content=\"Celergen Kapseln 1 Monats Kur. Repariert &amp; erneuert auf zellul\u00e4rer Ebene. Anti-Aging Kapseln. Hilft dem Verj\u00fcngungsprozess zu stimulieren.\" \/>\n<meta name=\"robots\" content=\"index, follow, max-snippet:-1, max-image-preview:large, max-video-preview:-1\" \/>\n<link rel=\"canonical\" href=\"https:\/\/swisscelergen.ch\/de\/produkt\/celergen-kapseln-1\/\" \/>\n<meta property=\"og:locale\" content=\"de_DE\" \/>\n<meta property=\"og:type\" content=\"article\" \/>\n<meta property=\"og:title\" content=\"Celergen Kapseln\" \/>\n<meta property=\"og:description\" content=\"Celergen Kapseln 1 Monats Kur. Repariert &amp; erneuert auf zellul\u00e4rer Ebene. Anti-Aging Kapseln. Hilft dem Verj\u00fcngungsprozess zu stimulieren.\" \/>\n<meta property=\"og:url\" content=\"https:\/\/swisscelergen.ch\/de\/produkt\/celergen-kapseln-1\/\" \/>\n<meta property=\"og:site_name\" content=\"Swisscelergen\" \/>\n<meta property=\"article:publisher\" content=\"https:\/\/www.facebook.com\/tamplenusgmbh\/\" \/>\n<meta property=\"article:modified_time\" content=\"2026-02-16T12:17:20+00:00\" \/>\n<meta property=\"og:image\" content=\"https:\/\/swisscelergen.ch\/wp-content\/uploads\/2025\/11\/Celergen-Kapseln.png\" \/>\n\t<meta property=\"og:image:width\" content=\"2000\" \/>\n\t<meta property=\"og:image:height\" content=\"2000\" \/>\n\t<meta property=\"og:image:type\" content=\"image\/png\" \/>\n<meta name=\"twitter:card\" content=\"summary_large_image\" \/>\n<meta name=\"twitter:label1\" content=\"Gesch\u00e4tzte Lesezeit\" \/>\n\t<meta name=\"twitter:data1\" content=\"1\u00a0Minute\" \/>\n<script type=\"application\/ld+json\" class=\"yoast-schema-graph\">{\"@context\":\"https:\\\/\\\/schema.org\",\"@graph\":[{\"@type\":\"WebPage\",\"@id\":\"https:\\\/\\\/swisscelergen.ch\\\/de\\\/produkt\\\/celergen-kapseln-1\\\/\",\"url\":\"https:\\\/\\\/swisscelergen.ch\\\/de\\\/produkt\\\/celergen-kapseln-1\\\/\",\"name\":\"Celergen Kapseln\",\"isPartOf\":{\"@id\":\"https:\\\/\\\/swisscelergen.ch\\\/de\\\/#website\"},\"primaryImageOfPage\":{\"@id\":\"https:\\\/\\\/swisscelergen.ch\\\/de\\\/produkt\\\/celergen-kapseln-1\\\/#primaryimage\"},\"image\":{\"@id\":\"https:\\\/\\\/swisscelergen.ch\\\/de\\\/produkt\\\/celergen-kapseln-1\\\/#primaryimage\"},\"thumbnailUrl\":\"https:\\\/\\\/swisscelergen.ch\\\/wp-content\\\/uploads\\\/2025\\\/11\\\/Celergen-Kapseln.png\",\"datePublished\":\"2025-11-16T17:31:56+00:00\",\"dateModified\":\"2026-02-16T12:17:20+00:00\",\"description\":\"Celergen Kapseln 1 Monats Kur. Repariert & erneuert auf zellul\u00e4rer Ebene. Anti-Aging Kapseln. Hilft dem Verj\u00fcngungsprozess zu stimulieren.\",\"breadcrumb\":{\"@id\":\"https:\\\/\\\/swisscelergen.ch\\\/de\\\/produkt\\\/celergen-kapseln-1\\\/#breadcrumb\"},\"inLanguage\":\"de\",\"potentialAction\":[{\"@type\":\"ReadAction\",\"target\":[\"https:\\\/\\\/swisscelergen.ch\\\/de\\\/produkt\\\/celergen-kapseln-1\\\/\"]}]},{\"@type\":\"ImageObject\",\"inLanguage\":\"de\",\"@id\":\"https:\\\/\\\/swisscelergen.ch\\\/de\\\/produkt\\\/celergen-kapseln-1\\\/#primaryimage\",\"url\":\"https:\\\/\\\/swisscelergen.ch\\\/wp-content\\\/uploads\\\/2025\\\/11\\\/Celergen-Kapseln.png\",\"contentUrl\":\"https:\\\/\\\/swisscelergen.ch\\\/wp-content\\\/uploads\\\/2025\\\/11\\\/Celergen-Kapseln.png\",\"width\":2000,\"height\":2000,\"caption\":\"Celergen Kapseln\"},{\"@type\":\"BreadcrumbList\",\"@id\":\"https:\\\/\\\/swisscelergen.ch\\\/de\\\/produkt\\\/celergen-kapseln-1\\\/#breadcrumb\",\"itemListElement\":[{\"@type\":\"ListItem\",\"position\":1,\"name\":\"Startseite\",\"item\":\"https:\\\/\\\/swisscelergen.ch\\\/de\\\/\"},{\"@type\":\"ListItem\",\"position\":2,\"name\":\"Shop\",\"item\":\"https:\\\/\\\/swisscelergen.ch\\\/de\\\/shop\\\/\"},{\"@type\":\"ListItem\",\"position\":3,\"name\":\"Celergen Kapseln 1 Monats Kur\"}]},{\"@type\":\"WebSite\",\"@id\":\"https:\\\/\\\/swisscelergen.ch\\\/de\\\/#website\",\"url\":\"https:\\\/\\\/swisscelergen.ch\\\/de\\\/\",\"name\":\"Swisscelergen\",\"description\":\"Swiss Agency for Health\u200b\",\"publisher\":{\"@id\":\"https:\\\/\\\/swisscelergen.ch\\\/de\\\/#organization\"},\"potentialAction\":[{\"@type\":\"SearchAction\",\"target\":{\"@type\":\"EntryPoint\",\"urlTemplate\":\"https:\\\/\\\/swisscelergen.ch\\\/de\\\/?s={search_term_string}\"},\"query-input\":{\"@type\":\"PropertyValueSpecification\",\"valueRequired\":true,\"valueName\":\"search_term_string\"}}],\"inLanguage\":\"de\"},{\"@type\":\"Organization\",\"@id\":\"https:\\\/\\\/swisscelergen.ch\\\/de\\\/#organization\",\"name\":\"Tam Plenus GmbH\",\"url\":\"https:\\\/\\\/swisscelergen.ch\\\/de\\\/\",\"logo\":{\"@type\":\"ImageObject\",\"inLanguage\":\"de\",\"@id\":\"https:\\\/\\\/swisscelergen.ch\\\/de\\\/#\\\/schema\\\/logo\\\/image\\\/\",\"url\":\"https:\\\/\\\/swisscelergen.ch\\\/wp-content\\\/uploads\\\/2025\\\/12\\\/Logo_Celergen.png\",\"contentUrl\":\"https:\\\/\\\/swisscelergen.ch\\\/wp-content\\\/uploads\\\/2025\\\/12\\\/Logo_Celergen.png\",\"width\":632,\"height\":101,\"caption\":\"Tam Plenus GmbH\"},\"image\":{\"@id\":\"https:\\\/\\\/swisscelergen.ch\\\/de\\\/#\\\/schema\\\/logo\\\/image\\\/\"},\"sameAs\":[\"https:\\\/\\\/www.facebook.com\\\/tamplenusgmbh\\\/\",\"https:\\\/\\\/www.instagram.com\\\/tamplenus\\\/\"]}]}<\/script>\n<!-- \/ Yoast SEO plugin. -->","yoast_head_json":{"title":"Celergen Kapseln","description":"Celergen Kapseln 1 Monats Kur. Repariert & erneuert auf zellul\u00e4rer Ebene. Anti-Aging Kapseln. Hilft dem Verj\u00fcngungsprozess zu stimulieren.","robots":{"index":"index","follow":"follow","max-snippet":"max-snippet:-1","max-image-preview":"max-image-preview:large","max-video-preview":"max-video-preview:-1"},"canonical":"https:\/\/swisscelergen.ch\/de\/produkt\/celergen-kapseln-1\/","og_locale":"de_DE","og_type":"article","og_title":"Celergen Kapseln","og_description":"Celergen Kapseln 1 Monats Kur. Repariert & erneuert auf zellul\u00e4rer Ebene. Anti-Aging Kapseln. Hilft dem Verj\u00fcngungsprozess zu stimulieren.","og_url":"https:\/\/swisscelergen.ch\/de\/produkt\/celergen-kapseln-1\/","og_site_name":"Swisscelergen","article_publisher":"https:\/\/www.facebook.com\/tamplenusgmbh\/","article_modified_time":"2026-02-16T12:17:20+00:00","og_image":[{"width":2000,"height":2000,"url":"https:\/\/swisscelergen.ch\/wp-content\/uploads\/2025\/11\/Celergen-Kapseln.png","type":"image\/png"}],"twitter_card":"summary_large_image","twitter_misc":{"Gesch\u00e4tzte Lesezeit":"1\u00a0Minute"},"schema":{"@context":"https:\/\/schema.org","@graph":[{"@type":"WebPage","@id":"https:\/\/swisscelergen.ch\/de\/produkt\/celergen-kapseln-1\/","url":"https:\/\/swisscelergen.ch\/de\/produkt\/celergen-kapseln-1\/","name":"Celergen Kapseln","isPartOf":{"@id":"https:\/\/swisscelergen.ch\/de\/#website"},"primaryImageOfPage":{"@id":"https:\/\/swisscelergen.ch\/de\/produkt\/celergen-kapseln-1\/#primaryimage"},"image":{"@id":"https:\/\/swisscelergen.ch\/de\/produkt\/celergen-kapseln-1\/#primaryimage"},"thumbnailUrl":"https:\/\/swisscelergen.ch\/wp-content\/uploads\/2025\/11\/Celergen-Kapseln.png","datePublished":"2025-11-16T17:31:56+00:00","dateModified":"2026-02-16T12:17:20+00:00","description":"Celergen Kapseln 1 Monats Kur. Repariert & erneuert auf zellul\u00e4rer Ebene. Anti-Aging Kapseln. Hilft dem Verj\u00fcngungsprozess zu stimulieren.","breadcrumb":{"@id":"https:\/\/swisscelergen.ch\/de\/produkt\/celergen-kapseln-1\/#breadcrumb"},"inLanguage":"de","potentialAction":[{"@type":"ReadAction","target":["https:\/\/swisscelergen.ch\/de\/produkt\/celergen-kapseln-1\/"]}]},{"@type":"ImageObject","inLanguage":"de","@id":"https:\/\/swisscelergen.ch\/de\/produkt\/celergen-kapseln-1\/#primaryimage","url":"https:\/\/swisscelergen.ch\/wp-content\/uploads\/2025\/11\/Celergen-Kapseln.png","contentUrl":"https:\/\/swisscelergen.ch\/wp-content\/uploads\/2025\/11\/Celergen-Kapseln.png","width":2000,"height":2000,"caption":"Celergen Kapseln"},{"@type":"BreadcrumbList","@id":"https:\/\/swisscelergen.ch\/de\/produkt\/celergen-kapseln-1\/#breadcrumb","itemListElement":[{"@type":"ListItem","position":1,"name":"Startseite","item":"https:\/\/swisscelergen.ch\/de\/"},{"@type":"ListItem","position":2,"name":"Shop","item":"https:\/\/swisscelergen.ch\/de\/shop\/"},{"@type":"ListItem","position":3,"name":"Celergen Kapseln 1 Monats Kur"}]},{"@type":"WebSite","@id":"https:\/\/swisscelergen.ch\/de\/#website","url":"https:\/\/swisscelergen.ch\/de\/","name":"Swisscelergen","description":"Swiss Agency for Health\u200b","publisher":{"@id":"https:\/\/swisscelergen.ch\/de\/#organization"},"potentialAction":[{"@type":"SearchAction","target":{"@type":"EntryPoint","urlTemplate":"https:\/\/swisscelergen.ch\/de\/?s={search_term_string}"},"query-input":{"@type":"PropertyValueSpecification","valueRequired":true,"valueName":"search_term_string"}}],"inLanguage":"de"},{"@type":"Organization","@id":"https:\/\/swisscelergen.ch\/de\/#organization","name":"Tam Plenus GmbH","url":"https:\/\/swisscelergen.ch\/de\/","logo":{"@type":"ImageObject","inLanguage":"de","@id":"https:\/\/swisscelergen.ch\/de\/#\/schema\/logo\/image\/","url":"https:\/\/swisscelergen.ch\/wp-content\/uploads\/2025\/12\/Logo_Celergen.png","contentUrl":"https:\/\/swisscelergen.ch\/wp-content\/uploads\/2025\/12\/Logo_Celergen.png","width":632,"height":101,"caption":"Tam Plenus GmbH"},"image":{"@id":"https:\/\/swisscelergen.ch\/de\/#\/schema\/logo\/image\/"},"sameAs":["https:\/\/www.facebook.com\/tamplenusgmbh\/","https:\/\/www.instagram.com\/tamplenus\/"]}]}},"jetpack_sharing_enabled":true,"_links":{"self":[{"href":"https:\/\/swisscelergen.ch\/de\/wp-json\/wp\/v2\/product\/601","targetHints":{"allow":["GET"]}}],"collection":[{"href":"https:\/\/swisscelergen.ch\/de\/wp-json\/wp\/v2\/product"}],"about":[{"href":"https:\/\/swisscelergen.ch\/de\/wp-json\/wp\/v2\/types\/product"}],"wp:featuredmedia":[{"embeddable":true,"href":"https:\/\/swisscelergen.ch\/de\/wp-json\/wp\/v2\/media\/3753"}],"wp:attachment":[{"href":"https:\/\/swisscelergen.ch\/de\/wp-json\/wp\/v2\/media?parent=601"}],"wp:term":[{"taxonomy":"product_brand","embeddable":true,"href":"https:\/\/swisscelergen.ch\/de\/wp-json\/wp\/v2\/product_brand?post=601"},{"taxonomy":"product_cat","embeddable":true,"href":"https:\/\/swisscelergen.ch\/de\/wp-json\/wp\/v2\/product_cat?post=601"},{"taxonomy":"product_tag","embeddable":true,"href":"https:\/\/swisscelergen.ch\/de\/wp-json\/wp\/v2\/product_tag?post=601"}],"curies":[{"name":"wp","href":"https:\/\/api.w.org\/{rel}","templated":true}]}}