{"id":3678,"date":"2026-01-05T18:31:08","date_gmt":"2026-01-05T18:31:08","guid":{"rendered":"https:\/\/swisscelergen.ch\/?page_id=3678"},"modified":"2026-01-20T07:45:51","modified_gmt":"2026-01-20T07:45:51","slug":"rueckgaben","status":"publish","type":"page","link":"https:\/\/swisscelergen.ch\/de\/rueckgaben\/","title":{"rendered":"Richtlinie f\u00fcr R\u00fcckerstattungen und R\u00fcckgaben"},"content":{"rendered":"\t\t<div data-elementor-type=\"wp-page\" data-elementor-id=\"3678\" class=\"elementor elementor-3678\" data-elementor-post-type=\"page\">\n\t\t\t\t<div class=\"elementor-element elementor-element-072a0ed e-flex e-con-boxed e-con e-parent\" data-id=\"072a0ed\" data-element_type=\"container\" data-e-type=\"container\">\n\t\t\t\t\t<div class=\"e-con-inner\">\n\t\t\t\t<div class=\"elementor-element elementor-element-97d8103 elementor-widget elementor-widget-heading\" data-id=\"97d8103\" data-element_type=\"widget\" data-e-type=\"widget\" data-widget_type=\"heading.default\">\n\t\t\t\t<div class=\"elementor-widget-container\">\n\t\t\t\t\t<h2 class=\"elementor-heading-title elementor-size-default\">Richtlinie f\u00fcr R\u00fcckerstattungen und R\u00fcckgaben<\/h2>\t\t\t\t<\/div>\n\t\t\t\t<\/div>\n\t\t\t\t<div class=\"elementor-element elementor-element-667f11a elementor-widget elementor-widget-text-editor\" data-id=\"667f11a\" data-element_type=\"widget\" data-e-type=\"widget\" data-widget_type=\"text-editor.default\">\n\t\t\t\t<div class=\"elementor-widget-container\">\n\t\t\t\t\t\t\t\t\t<div class=\"elementor-element elementor-element-0db343f elementor-widget elementor-widget-text-editor\" data-id=\"0db343f\" data-element_type=\"widget\" data-widget_type=\"text-editor.default\"><div class=\"elementor-widget-container\"><p><strong>Besch\u00e4digte oder fehlerhafte Produkte<\/strong><\/p><p>Wir verpflichten uns, besch\u00e4digte, defekte oder andere fehlerhafte Produkte zu erstatten oder zu ersetzen. Bitte \u00fcberpr\u00fcfen Sie nach Erhalt alle Produkte und benachrichtigen Sie uns innerhalb von 5 Tagen, wenn Sie Produkte entdecken, die w\u00e4hrend des Transports besch\u00e4digt worden sind oder falsch geliefert wurden.<\/p><p>Um eine R\u00fccksendung oder einen Ersatz zu veranlassen, senden Sie bitte Ihre Widerrufserkl\u00e4rung per E-Mail an info@tam-plenus.ch, gerne mit Fotos von allf\u00e4llig besch\u00e4digter Ware.<\/p><\/div><\/div><div class=\"elementor-element elementor-element-87f3175 elementor-widget elementor-widget-text-editor\" data-id=\"87f3175\" data-element_type=\"widget\" data-widget_type=\"text-editor.default\"><div class=\"elementor-widget-container\"><p><strong>Widerrufsrecht<\/strong><\/p><p>Sie haben das Recht, eine Bestellung von Produkten zu widerrufen. Die Widerrufsfrist l\u00e4uft bis Ihr Produkt versendet wurde. Um das Widerrufsrecht auszu\u00fcben, m\u00fcssen Sie uns dies mitteilen, indem Sie Ihre Widerrufserkl\u00e4rung per E-Mail an info@tam-plenus.ch senden. Sie k\u00f6nnen es uns das auch telefonisch unter +41 41 210 08 06 mitteilen.<\/p><\/div><\/div><div class=\"elementor-element elementor-element-4690f49 elementor-widget elementor-widget-text-editor\" data-id=\"4690f49\" data-element_type=\"widget\" data-widget_type=\"text-editor.default\"><div class=\"elementor-widget-container\"><p><strong>Erstattung<\/strong><\/p><p>Erstattung nach Erhalt der zur\u00fcck gesendeten Ware, innerhalb von 14 Tagen.<\/p><p>F\u00fcr folgende Produkte sind keine R\u00fcckerstattungen m\u00f6glich: Produkte, die nach der Lieferung ge\u00f6ffnet wurden.\u00a0<\/p><\/div><\/div>\t\t\t\t\t\t\t\t<\/div>\n\t\t\t\t<\/div>\n\t\t\t\t\t<\/div>\n\t\t\t\t<\/div>\n\t\t\t\t<\/div>\n\t\t","protected":false},"excerpt":{"rendered":"<p>Richtlinie f\u00fcr R\u00fcckerstattungen und R\u00fcckgaben Besch\u00e4digte oder fehlerhafte Produkte Wir verpflichten uns, besch\u00e4digte, defekte oder andere fehlerhafte Produkte zu erstatten oder zu ersetzen. Bitte \u00fcberpr\u00fcfen Sie nach Erhalt alle Produkte und benachrichtigen Sie uns innerhalb von 5 Tagen, wenn Sie Produkte entdecken, die w\u00e4hrend des Transports besch\u00e4digt worden sind oder falsch geliefert wurden. Um eine [&hellip;]<\/p>\n","protected":false},"author":1,"featured_media":0,"parent":0,"menu_order":0,"comment_status":"closed","ping_status":"closed","template":"","meta":{"footnotes":""},"class_list":["post-3678","page","type-page","status-publish","hentry"],"yoast_head":"<!-- This site is optimized with the Yoast SEO plugin v27.3 - https:\/\/yoast.com\/product\/yoast-seo-wordpress\/ -->\n<title>Richtlinie f\u00fcr R\u00fcckerstattungen und R\u00fcckgaben - Swisscelergen<\/title>\n<meta name=\"description\" content=\"Richtlinie f\u00fcr R\u00fcckerstattungen und R\u00fcckgaben. Celergen Switzerland.\" \/>\n<meta name=\"robots\" content=\"noindex, nofollow\" \/>\n<meta property=\"og:locale\" content=\"de_DE\" \/>\n<meta property=\"og:type\" content=\"article\" \/>\n<meta property=\"og:title\" content=\"Richtlinie f\u00fcr R\u00fcckerstattungen und R\u00fcckgaben - Swisscelergen\" \/>\n<meta property=\"og:description\" content=\"Richtlinie f\u00fcr R\u00fcckerstattungen und R\u00fcckgaben. Celergen Switzerland.\" \/>\n<meta property=\"og:url\" content=\"https:\/\/swisscelergen.ch\/de\/rueckgaben\/\" \/>\n<meta property=\"og:site_name\" content=\"Swisscelergen\" \/>\n<meta property=\"article:publisher\" content=\"https:\/\/www.facebook.com\/tamplenusgmbh\/\" \/>\n<meta property=\"article:modified_time\" content=\"2026-01-20T07:45:51+00:00\" \/>\n<meta name=\"twitter:card\" content=\"summary_large_image\" \/>\n<meta name=\"twitter:label1\" content=\"Gesch\u00e4tzte Lesezeit\" \/>\n\t<meta name=\"twitter:data1\" content=\"1\u00a0Minute\" \/>\n<script type=\"application\/ld+json\" class=\"yoast-schema-graph\">{\"@context\":\"https:\\\/\\\/schema.org\",\"@graph\":[{\"@type\":\"WebPage\",\"@id\":\"https:\\\/\\\/swisscelergen.ch\\\/de\\\/rueckgaben\\\/\",\"url\":\"https:\\\/\\\/swisscelergen.ch\\\/de\\\/rueckgaben\\\/\",\"name\":\"Richtlinie f\u00fcr R\u00fcckerstattungen und R\u00fcckgaben - Swisscelergen\",\"isPartOf\":{\"@id\":\"https:\\\/\\\/swisscelergen.ch\\\/de\\\/#website\"},\"datePublished\":\"2026-01-05T18:31:08+00:00\",\"dateModified\":\"2026-01-20T07:45:51+00:00\",\"description\":\"Richtlinie f\u00fcr R\u00fcckerstattungen und R\u00fcckgaben. Celergen Switzerland.\",\"breadcrumb\":{\"@id\":\"https:\\\/\\\/swisscelergen.ch\\\/de\\\/rueckgaben\\\/#breadcrumb\"},\"inLanguage\":\"de\",\"potentialAction\":[{\"@type\":\"ReadAction\",\"target\":[\"https:\\\/\\\/swisscelergen.ch\\\/de\\\/rueckgaben\\\/\"]}]},{\"@type\":\"BreadcrumbList\",\"@id\":\"https:\\\/\\\/swisscelergen.ch\\\/de\\\/rueckgaben\\\/#breadcrumb\",\"itemListElement\":[{\"@type\":\"ListItem\",\"position\":1,\"name\":\"Startseite\",\"item\":\"https:\\\/\\\/swisscelergen.ch\\\/de\\\/\"},{\"@type\":\"ListItem\",\"position\":2,\"name\":\"Richtlinie f\u00fcr R\u00fcckerstattungen und R\u00fcckgaben\"}]},{\"@type\":\"WebSite\",\"@id\":\"https:\\\/\\\/swisscelergen.ch\\\/de\\\/#website\",\"url\":\"https:\\\/\\\/swisscelergen.ch\\\/de\\\/\",\"name\":\"Swisscelergen\",\"description\":\"Swiss Agency for Health\u200b\",\"publisher\":{\"@id\":\"https:\\\/\\\/swisscelergen.ch\\\/de\\\/#organization\"},\"potentialAction\":[{\"@type\":\"SearchAction\",\"target\":{\"@type\":\"EntryPoint\",\"urlTemplate\":\"https:\\\/\\\/swisscelergen.ch\\\/de\\\/?s={search_term_string}\"},\"query-input\":{\"@type\":\"PropertyValueSpecification\",\"valueRequired\":true,\"valueName\":\"search_term_string\"}}],\"inLanguage\":\"de\"},{\"@type\":\"Organization\",\"@id\":\"https:\\\/\\\/swisscelergen.ch\\\/de\\\/#organization\",\"name\":\"Tam Plenus GmbH\",\"url\":\"https:\\\/\\\/swisscelergen.ch\\\/de\\\/\",\"logo\":{\"@type\":\"ImageObject\",\"inLanguage\":\"de\",\"@id\":\"https:\\\/\\\/swisscelergen.ch\\\/de\\\/#\\\/schema\\\/logo\\\/image\\\/\",\"url\":\"https:\\\/\\\/swisscelergen.ch\\\/wp-content\\\/uploads\\\/2025\\\/12\\\/Logo_Celergen.png\",\"contentUrl\":\"https:\\\/\\\/swisscelergen.ch\\\/wp-content\\\/uploads\\\/2025\\\/12\\\/Logo_Celergen.png\",\"width\":632,\"height\":101,\"caption\":\"Tam Plenus GmbH\"},\"image\":{\"@id\":\"https:\\\/\\\/swisscelergen.ch\\\/de\\\/#\\\/schema\\\/logo\\\/image\\\/\"},\"sameAs\":[\"https:\\\/\\\/www.facebook.com\\\/tamplenusgmbh\\\/\",\"https:\\\/\\\/www.instagram.com\\\/tamplenus\\\/\"]}]}<\/script>\n<!-- \/ Yoast SEO plugin. -->","yoast_head_json":{"title":"Richtlinie f\u00fcr R\u00fcckerstattungen und R\u00fcckgaben - Swisscelergen","description":"Richtlinie f\u00fcr R\u00fcckerstattungen und R\u00fcckgaben. Celergen Switzerland.","robots":{"index":"noindex","follow":"nofollow"},"og_locale":"de_DE","og_type":"article","og_title":"Richtlinie f\u00fcr R\u00fcckerstattungen und R\u00fcckgaben - Swisscelergen","og_description":"Richtlinie f\u00fcr R\u00fcckerstattungen und R\u00fcckgaben. Celergen Switzerland.","og_url":"https:\/\/swisscelergen.ch\/de\/rueckgaben\/","og_site_name":"Swisscelergen","article_publisher":"https:\/\/www.facebook.com\/tamplenusgmbh\/","article_modified_time":"2026-01-20T07:45:51+00:00","twitter_card":"summary_large_image","twitter_misc":{"Gesch\u00e4tzte Lesezeit":"1\u00a0Minute"},"schema":{"@context":"https:\/\/schema.org","@graph":[{"@type":"WebPage","@id":"https:\/\/swisscelergen.ch\/de\/rueckgaben\/","url":"https:\/\/swisscelergen.ch\/de\/rueckgaben\/","name":"Richtlinie f\u00fcr R\u00fcckerstattungen und R\u00fcckgaben - Swisscelergen","isPartOf":{"@id":"https:\/\/swisscelergen.ch\/de\/#website"},"datePublished":"2026-01-05T18:31:08+00:00","dateModified":"2026-01-20T07:45:51+00:00","description":"Richtlinie f\u00fcr R\u00fcckerstattungen und R\u00fcckgaben. Celergen Switzerland.","breadcrumb":{"@id":"https:\/\/swisscelergen.ch\/de\/rueckgaben\/#breadcrumb"},"inLanguage":"de","potentialAction":[{"@type":"ReadAction","target":["https:\/\/swisscelergen.ch\/de\/rueckgaben\/"]}]},{"@type":"BreadcrumbList","@id":"https:\/\/swisscelergen.ch\/de\/rueckgaben\/#breadcrumb","itemListElement":[{"@type":"ListItem","position":1,"name":"Startseite","item":"https:\/\/swisscelergen.ch\/de\/"},{"@type":"ListItem","position":2,"name":"Richtlinie f\u00fcr R\u00fcckerstattungen und R\u00fcckgaben"}]},{"@type":"WebSite","@id":"https:\/\/swisscelergen.ch\/de\/#website","url":"https:\/\/swisscelergen.ch\/de\/","name":"Swisscelergen","description":"Swiss Agency for Health\u200b","publisher":{"@id":"https:\/\/swisscelergen.ch\/de\/#organization"},"potentialAction":[{"@type":"SearchAction","target":{"@type":"EntryPoint","urlTemplate":"https:\/\/swisscelergen.ch\/de\/?s={search_term_string}"},"query-input":{"@type":"PropertyValueSpecification","valueRequired":true,"valueName":"search_term_string"}}],"inLanguage":"de"},{"@type":"Organization","@id":"https:\/\/swisscelergen.ch\/de\/#organization","name":"Tam Plenus GmbH","url":"https:\/\/swisscelergen.ch\/de\/","logo":{"@type":"ImageObject","inLanguage":"de","@id":"https:\/\/swisscelergen.ch\/de\/#\/schema\/logo\/image\/","url":"https:\/\/swisscelergen.ch\/wp-content\/uploads\/2025\/12\/Logo_Celergen.png","contentUrl":"https:\/\/swisscelergen.ch\/wp-content\/uploads\/2025\/12\/Logo_Celergen.png","width":632,"height":101,"caption":"Tam Plenus GmbH"},"image":{"@id":"https:\/\/swisscelergen.ch\/de\/#\/schema\/logo\/image\/"},"sameAs":["https:\/\/www.facebook.com\/tamplenusgmbh\/","https:\/\/www.instagram.com\/tamplenus\/"]}]}},"jetpack_sharing_enabled":true,"_links":{"self":[{"href":"https:\/\/swisscelergen.ch\/de\/wp-json\/wp\/v2\/pages\/3678","targetHints":{"allow":["GET"]}}],"collection":[{"href":"https:\/\/swisscelergen.ch\/de\/wp-json\/wp\/v2\/pages"}],"about":[{"href":"https:\/\/swisscelergen.ch\/de\/wp-json\/wp\/v2\/types\/page"}],"author":[{"embeddable":true,"href":"https:\/\/swisscelergen.ch\/de\/wp-json\/wp\/v2\/users\/1"}],"replies":[{"embeddable":true,"href":"https:\/\/swisscelergen.ch\/de\/wp-json\/wp\/v2\/comments?post=3678"}],"version-history":[{"count":7,"href":"https:\/\/swisscelergen.ch\/de\/wp-json\/wp\/v2\/pages\/3678\/revisions"}],"predecessor-version":[{"id":3687,"href":"https:\/\/swisscelergen.ch\/de\/wp-json\/wp\/v2\/pages\/3678\/revisions\/3687"}],"wp:attachment":[{"href":"https:\/\/swisscelergen.ch\/de\/wp-json\/wp\/v2\/media?parent=3678"}],"curies":[{"name":"wp","href":"https:\/\/api.w.org\/{rel}","templated":true}]}}